{"id":55,"date":"2025-04-03T12:30:34","date_gmt":"2025-04-03T15:30:34","guid":{"rendered":"https:\/\/site.ifes.edu.br\/nucep\/?page_id=55"},"modified":"2025-05-22T14:53:29","modified_gmt":"2025-05-22T17:53:29","slug":"coordenacao","status":"publish","type":"page","link":"https:\/\/site.ifes.edu.br\/nucep\/equipe\/coordenacao\/","title":{"rendered":"Coordena\u00e7\u00e3o"},"content":{"rendered":"<h5 dir=\"ltr\">Jo\u00e3o Paulo Barbosa (Dr.)<\/h5>\n<h5 dir=\"ltr\"><img decoding=\"async\" class=\"alignleft wp-image-58\" src=\"https:\/\/site.ifes.edu.br\/nucep\/wp-content\/uploads\/sites\/20\/2025\/03\/Captura-de-Tela-2025-03-09-as-01.13.28-300x300.png\" alt=\"\" width=\"140\" height=\"140\" srcset=\"https:\/\/site.ifes.edu.br\/nucep\/wp-content\/uploads\/sites\/20\/2025\/03\/Captura-de-Tela-2025-03-09-as-01.13.28-300x300.png 300w, https:\/\/site.ifes.edu.br\/nucep\/wp-content\/uploads\/sites\/20\/2025\/03\/Captura-de-Tela-2025-03-09-as-01.13.28-150x150.png 150w, https:\/\/site.ifes.edu.br\/nucep\/wp-content\/uploads\/sites\/20\/2025\/03\/Captura-de-Tela-2025-03-09-as-01.13.28.png 304w\" sizes=\"(max-width: 140px) 100vw, 140px\" \/><\/h5>\n<p dir=\"ltr\">Possui gradua\u00e7\u00e3o em Engenharia Mec\u00e2nica pela Universidade Federal do Esp\u00edrito Santo (2005), Especializa\u00e7\u00e3o em Engenharia de Tubula\u00e7\u00e3o pela Universidade Federal do Esp\u00edrito Santo (2009), Mestrado em Engenharia Mec\u00e2nica pela Universidade Federal do Esp\u00edrito Santo (2008), Doutorado em Engenharia Mec\u00e2nica pela Universidade Federal do Esp\u00edrito Santo (2019). Atualmente \u00e9 Professor Titular da Coordenadoria de Engenharia Mec\u00e2nica do Instituto Federal do Esp\u00edrito Santo (IFES), Campus S\u00e3o Mateus.<\/p>\n<p><a href=\"http:\/\/lattes.cnpq.br\/1257358965799259\">Curr\u00edculo Lattes<\/a>\u00a0E-mail<\/p>\n<hr \/>\n<h4 dir=\"ltr\">Renato do Nascimento Siqueira (Dr.)<\/h4>\n<p dir=\"ltr\"><img decoding=\"async\" class=\"alignleft wp-image-57\" src=\"https:\/\/site.ifes.edu.br\/nucep\/wp-content\/uploads\/sites\/20\/2025\/03\/Captura-de-Tela-2025-03-09-as-01.13.43.png\" alt=\"\" width=\"140\" height=\"140\" srcset=\"https:\/\/site.ifes.edu.br\/nucep\/wp-content\/uploads\/sites\/20\/2025\/03\/Captura-de-Tela-2025-03-09-as-01.13.43.png 298w, https:\/\/site.ifes.edu.br\/nucep\/wp-content\/uploads\/sites\/20\/2025\/03\/Captura-de-Tela-2025-03-09-as-01.13.43-150x150.png 150w\" sizes=\"(max-width: 140px) 100vw, 140px\" \/>Graduado em Engenharia Mec\u00e2nica (1996) e Mestre em Engenharia Ambiental (1998) pela Universidade Federal do Esp\u00edrito Santo (UFES). Doutor em Engenharia Civil (2002) pela Universidade de Loughborough na Inglaterra. Desde 1994 desenvolve trabalhos na \u00e1rea de mec\u00e2nica dos fluidos aplicados a diversas \u00e1reas da engenharia. Atualmente \u00e9 Professor Titular da Coordenadoria de Engenharia Mec\u00e2nica do Instituto Federal do Esp\u00edrito Santo (IFES), Campus S\u00e3o Mateus, e atua como professor permanente no Programa de P\u00f3s-gradua\u00e7\u00e3o em Engenharia Mec\u00e2nica da UFES e professor colaborador no Programa de P\u00f3s-gradua\u00e7\u00e3o em Engenharia Metal\u00fargica e de Materiais do IFES.<\/p>\n<p><a href=\"http:\/\/lattes.cnpq.br\/9791817633014124\">Curr\u00edculo Lattes<\/a>\u00a0E-mail<\/p>\n","protected":false},"excerpt":{"rendered":"<p>Jo\u00e3o Paulo Barbosa (Dr.) Possui gradua\u00e7\u00e3o em Engenharia Mec\u00e2nica pela Universidade Federal do Esp\u00edrito Santo (2005), Especializa\u00e7\u00e3o em Engenharia de [&hellip;]<\/p>\n","protected":false},"author":19,"featured_media":0,"parent":117,"menu_order":0,"comment_status":"closed","ping_status":"closed","template":"","meta":{"site-sidebar-layout":"default","site-content-layout":"","ast-site-content-layout":"default","site-content-style":"default","site-sidebar-style":"default","ast-global-header-display":"","ast-banner-title-visibility":"","ast-main-header-display":"","ast-hfb-above-header-display":"","ast-hfb-below-header-display":"","ast-hfb-mobile-header-display":"","site-post-title":"","ast-breadcrumbs-content":"","ast-featured-img":"","footer-sml-layout":"","ast-disable-related-posts":"","theme-transparent-header-meta":"default","adv-header-id-meta":"","stick-header-meta":"","header-above-stick-meta":"","header-main-stick-meta":"","header-below-stick-meta":"","astra-migrate-meta-layouts":"set","ast-page-background-enabled":"default","ast-page-background-meta":{"desktop":{"background-color":"var(--ast-global-color-4)","background-image":"","background-repeat":"repeat","background-position":"center center","background-size":"auto","background-attachment":"scroll","background-type":"","background-media":"","overlay-type":"","overlay-color":"","overlay-opacity":"","overlay-gradient":""},"tablet":{"background-color":"","background-image":"","background-repeat":"repeat","background-position":"center center","background-size":"auto","background-attachment":"scroll","background-type":"","background-media":"","overlay-type":"","overlay-color":"","overlay-opacity":"","overlay-gradient":""},"mobile":{"background-color":"","background-image":"","background-repeat":"repeat","background-position":"center center","background-size":"auto","background-attachment":"scroll","background-type":"","background-media":"","overlay-type":"","overlay-color":"","overlay-opacity":"","overlay-gradient":""}},"ast-content-background-meta":{"desktop":{"background-color":"var(--ast-global-color-5)","background-image":"","background-repeat":"repeat","background-position":"center center","background-size":"auto","background-attachment":"scroll","background-type":"","background-media":"","overlay-type":"","overlay-color":"","overlay-opacity":"","overlay-gradient":""},"tablet":{"background-color":"var(--ast-global-color-5)","background-image":"","background-repeat":"repeat","background-position":"center center","background-size":"auto","background-attachment":"scroll","background-type":"","background-media":"","overlay-type":"","overlay-color":"","overlay-opacity":"","overlay-gradient":""},"mobile":{"background-color":"var(--ast-global-color-5)","background-image":"","background-repeat":"repeat","background-position":"center center","background-size":"auto","background-attachment":"scroll","background-type":"","background-media":"","overlay-type":"","overlay-color":"","overlay-opacity":"","overlay-gradient":""}},"footnotes":""},"class_list":["post-55","page","type-page","status-publish","hentry"],"_links":{"self":[{"href":"https:\/\/site.ifes.edu.br\/nucep\/wp-json\/wp\/v2\/pages\/55"}],"collection":[{"href":"https:\/\/site.ifes.edu.br\/nucep\/wp-json\/wp\/v2\/pages"}],"about":[{"href":"https:\/\/site.ifes.edu.br\/nucep\/wp-json\/wp\/v2\/types\/page"}],"author":[{"embeddable":true,"href":"https:\/\/site.ifes.edu.br\/nucep\/wp-json\/wp\/v2\/users\/19"}],"replies":[{"embeddable":true,"href":"https:\/\/site.ifes.edu.br\/nucep\/wp-json\/wp\/v2\/comments?post=55"}],"version-history":[{"count":5,"href":"https:\/\/site.ifes.edu.br\/nucep\/wp-json\/wp\/v2\/pages\/55\/revisions"}],"predecessor-version":[{"id":630,"href":"https:\/\/site.ifes.edu.br\/nucep\/wp-json\/wp\/v2\/pages\/55\/revisions\/630"}],"up":[{"embeddable":true,"href":"https:\/\/site.ifes.edu.br\/nucep\/wp-json\/wp\/v2\/pages\/117"}],"wp:attachment":[{"href":"https:\/\/site.ifes.edu.br\/nucep\/wp-json\/wp\/v2\/media?parent=55"}],"curies":[{"name":"wp","href":"https:\/\/api.w.org\/{rel}","templated":true}]}}