{"id":39,"date":"2025-03-21T12:50:44","date_gmt":"2025-03-21T15:50:44","guid":{"rendered":"https:\/\/site.ifes.edu.br\/nucep\/?page_id=39"},"modified":"2025-10-29T08:54:17","modified_gmt":"2025-10-29T11:54:17","slug":"inicio","status":"publish","type":"page","link":"https:\/\/site.ifes.edu.br\/nucep\/","title":{"rendered":"Apresenta\u00e7\u00e3o"},"content":{"rendered":"\t\t<div data-elementor-type=\"wp-page\" data-elementor-id=\"39\" class=\"elementor elementor-39\">\n\t\t\t\t<div class=\"elementor-element elementor-element-ea83c76 e-flex e-con-boxed e-con e-parent\" data-id=\"ea83c76\" data-element_type=\"container\">\n\t\t\t\t\t<div class=\"e-con-inner\">\n\t\t<div class=\"elementor-element elementor-element-25332b1 e-con-full e-flex e-con e-child\" data-id=\"25332b1\" data-element_type=\"container\">\n\t\t\t\t<div class=\"elementor-element elementor-element-c32b5cb elementor-widget__width-initial elementor-widget elementor-widget-image\" data-id=\"c32b5cb\" data-element_type=\"widget\" data-widget_type=\"image.default\">\n\t\t\t\t<div class=\"elementor-widget-container\">\n\t\t\t\t\t\t\t\t\t\t\t\t\t\t\t<img fetchpriority=\"high\" decoding=\"async\" width=\"828\" height=\"520\" src=\"https:\/\/site.ifes.edu.br\/nucep\/wp-content\/uploads\/sites\/20\/2025\/05\/Captura-de-Tela-2025-05-22-as-11.18.04.jpeg\" class=\"attachment-large size-large wp-image-616\" alt=\"bloco B\" srcset=\"https:\/\/site.ifes.edu.br\/nucep\/wp-content\/uploads\/sites\/20\/2025\/05\/Captura-de-Tela-2025-05-22-as-11.18.04.jpeg 828w, https:\/\/site.ifes.edu.br\/nucep\/wp-content\/uploads\/sites\/20\/2025\/05\/Captura-de-Tela-2025-05-22-as-11.18.04-300x188.jpeg 300w, https:\/\/site.ifes.edu.br\/nucep\/wp-content\/uploads\/sites\/20\/2025\/05\/Captura-de-Tela-2025-05-22-as-11.18.04-768x482.jpeg 768w\" sizes=\"(max-width: 828px) 100vw, 828px\" \/>\t\t\t\t\t\t\t\t\t\t\t\t\t\t\t<\/div>\n\t\t\t\t<\/div>\n\t\t\t\t<\/div>\n\t\t<div class=\"elementor-element elementor-element-ba626ee e-con-full e-flex e-con e-child\" data-id=\"ba626ee\" data-element_type=\"container\">\n\t\t\t\t<div class=\"elementor-element elementor-element-ad5e554 elementor-widget elementor-widget-text-editor\" data-id=\"ad5e554\" data-element_type=\"widget\" data-widget_type=\"text-editor.default\">\n\t\t\t\t<div class=\"elementor-widget-container\">\n\t\t\t\t\t\t\t\t\t<p>\u00a0<\/p><p>O\u00a0<b>N\u00facleo de Ci\u00eancia e Engenharia do Petr\u00f3leo (NUCEP) , coordenado pelo professor Dr. Renato do <\/b><b>Nascimento <\/b><b>Siqueira est\u00e1 <\/b>localizado nas instala\u00e7\u00f5es do Instituto Federal do Esp\u00edrito Santo, campus S\u00e3o Mateus (bloco B).<\/p>\t\t\t\t\t\t\t\t<\/div>\n\t\t\t\t<\/div>\n\t\t\t\t<\/div>\n\t\t\t\t\t<\/div>\n\t\t\t\t<\/div>\n\t\t<div class=\"elementor-element elementor-element-cec733d e-flex e-con-boxed e-con e-parent\" data-id=\"cec733d\" data-element_type=\"container\">\n\t\t\t\t\t<div class=\"e-con-inner\">\n\t\t\t\t<div class=\"elementor-element elementor-element-17426d8 elementor-widget elementor-widget-text-editor\" data-id=\"17426d8\" data-element_type=\"widget\" data-widget_type=\"text-editor.default\">\n\t\t\t\t<div class=\"elementor-widget-container\">\n\t\t\t\t\t\t\t\t\t<p>A nossa miss\u00e3o \u00e9 o desenvolvimento de pesquisa b\u00e1sica e aplicada, que contribuam para o avan\u00e7o cient\u00edfico, tecnol\u00f3gico e sustent\u00e1vel da engenharia do petr\u00f3leo.<\/p><p>O NUCEP \u00e9 composto por laborat\u00f3rios e grupos de pesquisa que envolvem as \u00e1reas de mec\u00e2nica dos fluidos, sistemas t\u00e9rmicos e ci\u00eancia dos materiais.<\/p>\t\t\t\t\t\t\t\t<\/div>\n\t\t\t\t<\/div>\n\t\t\t\t\t<\/div>\n\t\t\t\t<\/div>\n\t\t<div class=\"elementor-element elementor-element-44d9d59 e-flex e-con-boxed e-con e-parent\" data-id=\"44d9d59\" data-element_type=\"container\">\n\t\t\t\t\t<div class=\"e-con-inner\">\n\t\t\t\t<div class=\"elementor-element elementor-element-b5f561b elementor-widget elementor-widget-image\" data-id=\"b5f561b\" data-element_type=\"widget\" data-widget_type=\"image.default\">\n\t\t\t\t<div class=\"elementor-widget-container\">\n\t\t\t\t\t\t\t\t\t\t\t\t\t\t\t<img decoding=\"async\" width=\"1024\" height=\"779\" src=\"https:\/\/site.ifes.edu.br\/nucep\/wp-content\/uploads\/sites\/20\/2025\/10\/Captura-de-Tela-2025-10-29-as-08.48.21-1024x779.png\" class=\"attachment-large size-large wp-image-731\" alt=\"laborat\u00f3rios capa 29\/10\" srcset=\"https:\/\/site.ifes.edu.br\/nucep\/wp-content\/uploads\/sites\/20\/2025\/10\/Captura-de-Tela-2025-10-29-as-08.48.21-1024x779.png 1024w, https:\/\/site.ifes.edu.br\/nucep\/wp-content\/uploads\/sites\/20\/2025\/10\/Captura-de-Tela-2025-10-29-as-08.48.21-300x228.png 300w, https:\/\/site.ifes.edu.br\/nucep\/wp-content\/uploads\/sites\/20\/2025\/10\/Captura-de-Tela-2025-10-29-as-08.48.21-768x584.png 768w, https:\/\/site.ifes.edu.br\/nucep\/wp-content\/uploads\/sites\/20\/2025\/10\/Captura-de-Tela-2025-10-29-as-08.48.21-1536x1168.png 1536w, https:\/\/site.ifes.edu.br\/nucep\/wp-content\/uploads\/sites\/20\/2025\/10\/Captura-de-Tela-2025-10-29-as-08.48.21-2048x1557.png 2048w\" sizes=\"(max-width: 1024px) 100vw, 1024px\" \/>\t\t\t\t\t\t\t\t\t\t\t\t\t\t\t<\/div>\n\t\t\t\t<\/div>\n\t\t\t\t\t<\/div>\n\t\t\t\t<\/div>\n\t\t<div class=\"elementor-element elementor-element-9ea9730 e-flex e-con-boxed e-con e-parent\" data-id=\"9ea9730\" data-element_type=\"container\">\n\t\t\t\t\t<div class=\"e-con-inner\">\n\t\t\t\t<div class=\"elementor-element elementor-element-462a9bd elementor-widget elementor-widget-text-editor\" data-id=\"462a9bd\" data-element_type=\"widget\" data-widget_type=\"text-editor.default\">\n\t\t\t\t<div class=\"elementor-widget-container\">\n\t\t\t\t\t\t\t\t\t<p>\u00a0<\/p><p>O NUCEP mant\u00e9m colabora\u00e7\u00f5es estrat\u00e9gicas com institui\u00e7\u00f5es federais, como a\u00a0<b>Universidade Federal do Esp\u00edrito Santo (<\/b><b>UFES)<\/b>, o <b>Centro Universit\u00e1rio Norte do Esp\u00edrito Santo (<\/b><b>Ceunes<\/b><b>)<\/b>, al\u00e9m de parcerias com institui\u00e7\u00f5es privadas e empresas.<\/p>\t\t\t\t\t\t\t\t<\/div>\n\t\t\t\t<\/div>\n\t\t\t\t\t<\/div>\n\t\t\t\t<\/div>\n\t\t<div class=\"elementor-element elementor-element-3e4d378 e-flex e-con-boxed e-con e-parent\" data-id=\"3e4d378\" data-element_type=\"container\">\n\t\t\t\t\t<div class=\"e-con-inner\">\n\t\t\t\t<div class=\"elementor-element elementor-element-127e6bb elementor-widget-divider--view-line elementor-widget elementor-widget-divider\" data-id=\"127e6bb\" data-element_type=\"widget\" data-widget_type=\"divider.default\">\n\t\t\t\t<div class=\"elementor-widget-container\">\n\t\t\t\t\t\t\t<div class=\"elementor-divider\">\n\t\t\t<span class=\"elementor-divider-separator\">\n\t\t\t\t\t\t<\/span>\n\t\t<\/div>\n\t\t\t\t\t\t<\/div>\n\t\t\t\t<\/div>\n\t\t\t\t<div class=\"elementor-element elementor-element-f38fb42 elementor-widget elementor-widget-wp-widget-recent-posts\" data-id=\"f38fb42\" data-element_type=\"widget\" data-widget_type=\"wp-widget-recent-posts.default\">\n\t\t\t\t<div class=\"elementor-widget-container\">\n\t\t\t\t\t\n\t\t\n\t\t<h5>Not\u00edcias<\/h5><nav aria-label=\"Not\u00edcias\">\n\t\t<ul>\n\t\t\t\t\t\t\t\t\t\t\t<li>\n\t\t\t\t\t<a href=\"https:\/\/site.ifes.edu.br\/nucep\/2026\/03\/25\/770\/\">Participa\u00e7\u00e3o no XI Brazilian Conference on Rheology (BCR) 2026, realizado na UFES, em Vit\u00f3ria.<\/a>\n\t\t\t\t\t\t\t\t\t\t\t<span class=\"post-date\">25 de mar\u00e7o de 2026<\/span>\n\t\t\t\t\t\t\t\t\t<\/li>\n\t\t\t\t\t\t\t\t\t\t\t<li>\n\t\t\t\t\t<a href=\"https:\/\/site.ifes.edu.br\/nucep\/2026\/03\/06\/petroufes-16aed\/\">PETROUFES 16\u00aaed.<\/a>\n\t\t\t\t\t\t\t\t\t\t\t<span class=\"post-date\">6 de mar\u00e7o de 2026<\/span>\n\t\t\t\t\t\t\t\t\t<\/li>\n\t\t\t\t\t\t\t\t\t\t\t<li>\n\t\t\t\t\t<a href=\"https:\/\/site.ifes.edu.br\/nucep\/2025\/10\/29\/reometro-e-instalado-no-ifes-sao-mateus\/\">Re\u00f4metro \u00e9 instalado no Ifes S\u00e3o Mateus<\/a>\n\t\t\t\t\t\t\t\t\t\t\t<span class=\"post-date\">29 de outubro de 2025<\/span>\n\t\t\t\t\t\t\t\t\t<\/li>\n\t\t\t\t\t\t\t\t\t\t\t<li>\n\t\t\t\t\t<a href=\"https:\/\/site.ifes.edu.br\/nucep\/2025\/05\/06\/laboratorio-multiusuario-de-pesquisa-em-mecanica-dos-fluidos-do-ifes\/\">Laborat\u00f3rio Multiusu\u00e1rio de Pesquisa em Mec\u00e2nica dos Fluidos do Ifes<\/a>\n\t\t\t\t\t\t\t\t\t\t\t<span class=\"post-date\">6 de maio de 2025<\/span>\n\t\t\t\t\t\t\t\t\t<\/li>\n\t\t\t\t\t\t\t\t\t\t\t<li>\n\t\t\t\t\t<a href=\"https:\/\/site.ifes.edu.br\/nucep\/2025\/04\/17\/nucep-foi-credenciado-pela-anp\/\">NUCEP foi credenciado pela ANP<\/a>\n\t\t\t\t\t\t\t\t\t\t\t<span class=\"post-date\">17 de abril de 2025<\/span>\n\t\t\t\t\t\t\t\t\t<\/li>\n\t\t\t\t\t<\/ul>\n\n\t\t<\/nav>\t\t\t\t<\/div>\n\t\t\t\t<\/div>\n\t\t\t\t<div class=\"elementor-element elementor-element-eea2349 elementor-widget elementor-widget-button\" data-id=\"eea2349\" data-element_type=\"widget\" data-widget_type=\"button.default\">\n\t\t\t\t<div class=\"elementor-widget-container\">\n\t\t\t\t\t\t\t\t\t<div class=\"elementor-button-wrapper\">\n\t\t\t\t\t<a class=\"elementor-button elementor-button-link elementor-size-sm\" href=\"https:\/\/site.ifes.edu.br\/nucep\/noticias\/\">\n\t\t\t\t\t\t<span class=\"elementor-button-content-wrapper\">\n\t\t\t\t\t\t\t\t\t<span class=\"elementor-button-text\">Veja todas as not\u00edcias<\/span>\n\t\t\t\t\t<\/span>\n\t\t\t\t\t<\/a>\n\t\t\t\t<\/div>\n\t\t\t\t\t\t\t\t<\/div>\n\t\t\t\t<\/div>\n\t\t\t\t\t<\/div>\n\t\t\t\t<\/div>\n\t\t\t\t<\/div>\n\t\t","protected":false},"excerpt":{"rendered":"<p>\u00a0 O\u00a0N\u00facleo de Ci\u00eancia e Engenharia do Petr\u00f3leo (NUCEP) , coordenado pelo professor Dr. Renato do Nascimento Siqueira est\u00e1 localizado [&hellip;]<\/p>\n","protected":false},"author":19,"featured_media":0,"parent":0,"menu_order":0,"comment_status":"closed","ping_status":"closed","template":"","meta":{"site-sidebar-layout":"default","site-content-layout":"","ast-site-content-layout":"default","site-content-style":"default","site-sidebar-style":"default","ast-global-header-display":"","ast-banner-title-visibility":"","ast-main-header-display":"","ast-hfb-above-header-display":"","ast-hfb-below-header-display":"","ast-hfb-mobile-header-display":"","site-post-title":"","ast-breadcrumbs-content":"","ast-featured-img":"","footer-sml-layout":"","ast-disable-related-posts":"","theme-transparent-header-meta":"default","adv-header-id-meta":"","stick-header-meta":"","header-above-stick-meta":"","header-main-stick-meta":"","header-below-stick-meta":"","astra-migrate-meta-layouts":"set","ast-page-background-enabled":"default","ast-page-background-meta":{"desktop":{"background-color":"var(--ast-global-color-4)","background-image":"","background-repeat":"repeat","background-position":"center center","background-size":"auto","background-attachment":"scroll","background-type":"","background-media":"","overlay-type":"","overlay-color":"","overlay-opacity":"","overlay-gradient":""},"tablet":{"background-color":"","background-image":"","background-repeat":"repeat","background-position":"center center","background-size":"auto","background-attachment":"scroll","background-type":"","background-media":"","overlay-type":"","overlay-color":"","overlay-opacity":"","overlay-gradient":""},"mobile":{"background-color":"","background-image":"","background-repeat":"repeat","background-position":"center center","background-size":"auto","background-attachment":"scroll","background-type":"","background-media":"","overlay-type":"","overlay-color":"","overlay-opacity":"","overlay-gradient":""}},"ast-content-background-meta":{"desktop":{"background-color":"var(--ast-global-color-5)","background-image":"","background-repeat":"repeat","background-position":"center center","background-size":"auto","background-attachment":"scroll","background-type":"","background-media":"","overlay-type":"","overlay-color":"","overlay-opacity":"","overlay-gradient":""},"tablet":{"background-color":"var(--ast-global-color-5)","background-image":"","background-repeat":"repeat","background-position":"center center","background-size":"auto","background-attachment":"scroll","background-type":"","background-media":"","overlay-type":"","overlay-color":"","overlay-opacity":"","overlay-gradient":""},"mobile":{"background-color":"var(--ast-global-color-5)","background-image":"","background-repeat":"repeat","background-position":"center center","background-size":"auto","background-attachment":"scroll","background-type":"","background-media":"","overlay-type":"","overlay-color":"","overlay-opacity":"","overlay-gradient":""}},"footnotes":""},"class_list":["post-39","page","type-page","status-publish","hentry"],"_links":{"self":[{"href":"https:\/\/site.ifes.edu.br\/nucep\/wp-json\/wp\/v2\/pages\/39"}],"collection":[{"href":"https:\/\/site.ifes.edu.br\/nucep\/wp-json\/wp\/v2\/pages"}],"about":[{"href":"https:\/\/site.ifes.edu.br\/nucep\/wp-json\/wp\/v2\/types\/page"}],"author":[{"embeddable":true,"href":"https:\/\/site.ifes.edu.br\/nucep\/wp-json\/wp\/v2\/users\/19"}],"replies":[{"embeddable":true,"href":"https:\/\/site.ifes.edu.br\/nucep\/wp-json\/wp\/v2\/comments?post=39"}],"version-history":[{"count":43,"href":"https:\/\/site.ifes.edu.br\/nucep\/wp-json\/wp\/v2\/pages\/39\/revisions"}],"predecessor-version":[{"id":750,"href":"https:\/\/site.ifes.edu.br\/nucep\/wp-json\/wp\/v2\/pages\/39\/revisions\/750"}],"wp:attachment":[{"href":"https:\/\/site.ifes.edu.br\/nucep\/wp-json\/wp\/v2\/media?parent=39"}],"curies":[{"name":"wp","href":"https:\/\/api.w.org\/{rel}","templated":true}]}}