{"id":312,"date":"2025-04-10T10:53:42","date_gmt":"2025-04-10T13:53:42","guid":{"rendered":"https:\/\/site.ifes.edu.br\/nucep\/?page_id=312"},"modified":"2025-05-15T15:09:56","modified_gmt":"2025-05-15T18:09:56","slug":"projetos","status":"publish","type":"page","link":"https:\/\/site.ifes.edu.br\/nucep\/producao-cientifica\/projetos\/","title":{"rendered":"Projetos"},"content":{"rendered":"\t\t<div data-elementor-type=\"wp-page\" data-elementor-id=\"312\" class=\"elementor elementor-312\">\n\t\t\t\t<div class=\"elementor-element elementor-element-329cc1e e-flex e-con-boxed e-con e-parent\" data-id=\"329cc1e\" data-element_type=\"container\">\n\t\t\t\t\t<div class=\"e-con-inner\">\n\t\t\t\t<div class=\"elementor-element elementor-element-fa0f232 elementor-widget elementor-widget-text-editor\" data-id=\"fa0f232\" data-element_type=\"widget\" data-widget_type=\"text-editor.default\">\n\t\t\t\t<div class=\"elementor-widget-container\">\n\t\t\t\t\t\t\t\t\t<h4 dir=\"ltr\">Avalia\u00e7\u00e3o do Efeito de Campo Magn\u00e9tico em Emuls\u00f5es de Petr\u00f3leo do Tipo \u00c1gua em \u00d3leo.<\/h4><p>Emuls\u00e3o na ind\u00fastria do petr\u00f3leo s\u00e3o encontradas recorrentemente na extra\u00e7\u00e3o, no transporte e no processamento do \u00f3leo. Sua presen\u00e7a representa muitas vezes significativos desafios para a opera\u00e7\u00e3o. As emuls\u00f5es podem aumentar a viscosidade do fluido produzido, dificultando o escoamento e exigindo maior energia para o bombeamento, o que impacta diretamente os custos operacionais. Operacionalmente, a separa\u00e7\u00e3o eficiente das fases \u00f3leo e \u00e1gua \u00e9 crucial para garantir a qualidade do petr\u00f3leo exportado e a efici\u00eancia do processamento subsequente. Neste contexto, a presen\u00e7a de emuls\u00f5es est\u00e1veis pode levar a perdas de produ\u00e7\u00e3o, aumento de consumo de produtos qu\u00edmicos e a necessidade de equipamentos adicionais. O presente projeto visa investigar como o uso de m\u00e9todos f\u00edsicos, no caso a aplica\u00e7\u00e3o de campos magn\u00e9ticos atrav\u00e9s de im\u00e3s permanentes, podem influenciar o processo de forma\u00e7\u00e3o e separa\u00e7\u00e3o de emuls\u00f5es de \u00e1gua\/\u00f3leo. Esta proposta contempla n\u00e3o s\u00f3 uma revis\u00e3o bibliogr\u00e1fica expandida sobre o tema, mas tamb\u00e9m a realiza\u00e7\u00e3o de testes experimentais para avaliar o efeito do campo magn\u00e9tico em par\u00e2metros como a distribui\u00e7\u00e3o do tamanho de gotas, a estabilidade da emuls\u00e3o, e o eventual efeito de intera\u00e7\u00e3o com precipitados org\u00e2nicos e inorg\u00e2nicos. Destaca-se que os pontos fortes desta proposta s\u00e3o as condi\u00e7\u00f5es a serem investigadas: uso de amostra de petr\u00f3leo real, temperatura (at\u00e9 120 \u00b0C), press\u00e3o (at\u00e9 300 bar), composi\u00e7\u00e3o qu\u00edmica, presen\u00e7a de gases (CO2 e CH4) e s\u00f3lidos precipitados (parafina e carbonato de c\u00e1lcio). A combina\u00e7\u00e3o dessas condi\u00e7\u00f5es visam contextualizar o fen\u00f4meno em condi\u00e7\u00f5es mais pr\u00f3ximas da realidade operacional da Petrobras, caracterizando esta proposta como pesquisa aplicada.<\/p><p>Coordenador: F\u00e1bio de Assis Ressel Pereira (UFES). Participantes do NUCEP: Renato do Nascimento Siqueira (pesquisador); Lucas Henrique Pagoto Deoclecio (pesquisador); Jo\u00e3o Pedro Calazans Passos (aluno de IC); Nicolas Francisco A. Furtado (aluno de IC).<\/p>\t\t\t\t\t\t\t\t<\/div>\n\t\t\t\t<\/div>\n\t\t\t\t<div class=\"elementor-element elementor-element-6406c26 elementor-widget elementor-widget-text-editor\" data-id=\"6406c26\" data-element_type=\"widget\" data-widget_type=\"text-editor.default\">\n\t\t\t\t<div class=\"elementor-widget-container\">\n\t\t\t\t\t\t\t\t\t<h4 dir=\"ltr\">Modelagem e simula\u00e7\u00e3o da incrusta\u00e7\u00e3o inorg\u00e2nica em v\u00e1lvulas AICD em condi\u00e7\u00f5es de po\u00e7os petrol\u00edferos.<\/h4><p dir=\"ltr\">Na crescente moderniza\u00e7\u00e3o da produ\u00e7\u00e3o de petr\u00f3leo \u00e9 cada vez mais frequente o uso de tecnologias que permitam a otimiza\u00e7\u00e3o da produ\u00e7\u00e3o. Dentre elas pode-se destacar o uso das AICDs, que s\u00e3o elementos de controle de fluxo auto regul\u00e1veis. Este tipo de v\u00e1lvula controla o fluxo com base no tipo de fluido presente no escoamento. \u00c0 medida que a propor\u00e7\u00e3o de \u00e1gua e g\u00e1s aumentam em rela\u00e7\u00e3o \u00e0 quantidade de petr\u00f3leo produzido, estes elementos se auto regulam, restringindo a passagem, mitigando o &#8220;breakthrough&#8221; de \u00e1gua e g\u00e1s de forma prematura na produ\u00e7\u00e3o. Contudo estes elementos de controle em um ambiente suscet\u00edvel a incrusta\u00e7\u00e3o podem ter seu princ\u00edpio de funcionamento alterado, perdendo suas funcionalidades. Alguns autores (FRENIER; ZIAUDDIN, 2008)* estimam que o impacto econ\u00f4mico na perda de produ\u00e7\u00e3o anual \u00e9 de aproximadamente 1,4 bilh\u00e3o de d\u00f3lares.<\/p><p dir=\"ltr\">Esta proposta de trabalho visa estudar numericamente a fluidodin\u00e2mica em AICDs para condi\u00e7\u00f5es pr\u00f3ximas \u00e0quelas encontradas no ambiente de produ\u00e7\u00e3o. Estas condi\u00e7\u00f5es consideram n\u00e3o s\u00f3 os componentes: \u00f3leo, \u00e1gua e g\u00e1s; mas tamb\u00e9m as vari\u00e1veis termodin\u00e2micas e geom\u00e9tricas (elementos constitutivos das v\u00e1lvulas). A metodologia se ampara no uso de t\u00e9cnicas de din\u00e2mica de fluidos computacional, com o diferencial de que o modelo para representar a incrusta\u00e7\u00e3o ser\u00e1 obtido a partir de dados experimentais. Dessa forma espera-se o melhor entendimento dos campos de velocidade e de press\u00e3o nestes equipamentos, bem como a identifica\u00e7\u00e3o de zonas cr\u00edticas \u00e0 incrusta\u00e7\u00e3o que eventualmente afastariam o funcionamento das condi\u00e7\u00f5es de projeto.<\/p><p><br \/>* FRENIER, W. W.; ZIAUDDIN, M. Formation, removal and inhibition of inorganic scale in\u00a0 the oilfield environment. Richardson, TX: Society of Petroleum Engineers (SPE Books), 2008.<br \/><br \/>Coordenador: F\u00e1bio de Assis Ressel Pereira (UFES). Participantes do NUCEP: Renato do Nascimento Siqueira (pesquisador).<\/p>\t\t\t\t\t\t\t\t<\/div>\n\t\t\t\t<\/div>\n\t\t\t\t\t<\/div>\n\t\t\t\t<\/div>\n\t\t\t\t<\/div>\n\t\t","protected":false},"excerpt":{"rendered":"<p>Avalia\u00e7\u00e3o do Efeito de Campo Magn\u00e9tico em Emuls\u00f5es de Petr\u00f3leo do Tipo \u00c1gua em \u00d3leo. Emuls\u00e3o na ind\u00fastria do petr\u00f3leo [&hellip;]<\/p>\n","protected":false},"author":19,"featured_media":0,"parent":314,"menu_order":0,"comment_status":"closed","ping_status":"closed","template":"","meta":{"site-sidebar-layout":"default","site-content-layout":"","ast-site-content-layout":"default","site-content-style":"default","site-sidebar-style":"default","ast-global-header-display":"","ast-banner-title-visibility":"","ast-main-header-display":"","ast-hfb-above-header-display":"","ast-hfb-below-header-display":"","ast-hfb-mobile-header-display":"","site-post-title":"","ast-breadcrumbs-content":"","ast-featured-img":"","footer-sml-layout":"","ast-disable-related-posts":"","theme-transparent-header-meta":"default","adv-header-id-meta":"","stick-header-meta":"","header-above-stick-meta":"","header-main-stick-meta":"","header-below-stick-meta":"","astra-migrate-meta-layouts":"set","ast-page-background-enabled":"default","ast-page-background-meta":{"desktop":{"background-color":"var(--ast-global-color-4)","background-image":"","background-repeat":"repeat","background-position":"center center","background-size":"auto","background-attachment":"scroll","background-type":"","background-media":"","overlay-type":"","overlay-color":"","overlay-opacity":"","overlay-gradient":""},"tablet":{"background-color":"","background-image":"","background-repeat":"repeat","background-position":"center center","background-size":"auto","background-attachment":"scroll","background-type":"","background-media":"","overlay-type":"","overlay-color":"","overlay-opacity":"","overlay-gradient":""},"mobile":{"background-color":"","background-image":"","background-repeat":"repeat","background-position":"center center","background-size":"auto","background-attachment":"scroll","background-type":"","background-media":"","overlay-type":"","overlay-color":"","overlay-opacity":"","overlay-gradient":""}},"ast-content-background-meta":{"desktop":{"background-color":"var(--ast-global-color-5)","background-image":"","background-repeat":"repeat","background-position":"center center","background-size":"auto","background-attachment":"scroll","background-type":"","background-media":"","overlay-type":"","overlay-color":"","overlay-opacity":"","overlay-gradient":""},"tablet":{"background-color":"var(--ast-global-color-5)","background-image":"","background-repeat":"repeat","background-position":"center center","background-size":"auto","background-attachment":"scroll","background-type":"","background-media":"","overlay-type":"","overlay-color":"","overlay-opacity":"","overlay-gradient":""},"mobile":{"background-color":"var(--ast-global-color-5)","background-image":"","background-repeat":"repeat","background-position":"center center","background-size":"auto","background-attachment":"scroll","background-type":"","background-media":"","overlay-type":"","overlay-color":"","overlay-opacity":"","overlay-gradient":""}},"footnotes":""},"class_list":["post-312","page","type-page","status-publish","hentry"],"_links":{"self":[{"href":"https:\/\/site.ifes.edu.br\/nucep\/wp-json\/wp\/v2\/pages\/312"}],"collection":[{"href":"https:\/\/site.ifes.edu.br\/nucep\/wp-json\/wp\/v2\/pages"}],"about":[{"href":"https:\/\/site.ifes.edu.br\/nucep\/wp-json\/wp\/v2\/types\/page"}],"author":[{"embeddable":true,"href":"https:\/\/site.ifes.edu.br\/nucep\/wp-json\/wp\/v2\/users\/19"}],"replies":[{"embeddable":true,"href":"https:\/\/site.ifes.edu.br\/nucep\/wp-json\/wp\/v2\/comments?post=312"}],"version-history":[{"count":5,"href":"https:\/\/site.ifes.edu.br\/nucep\/wp-json\/wp\/v2\/pages\/312\/revisions"}],"predecessor-version":[{"id":588,"href":"https:\/\/site.ifes.edu.br\/nucep\/wp-json\/wp\/v2\/pages\/312\/revisions\/588"}],"up":[{"embeddable":true,"href":"https:\/\/site.ifes.edu.br\/nucep\/wp-json\/wp\/v2\/pages\/314"}],"wp:attachment":[{"href":"https:\/\/site.ifes.edu.br\/nucep\/wp-json\/wp\/v2\/media?parent=312"}],"curies":[{"name":"wp","href":"https:\/\/api.w.org\/{rel}","templated":true}]}}