{"id":308,"date":"2025-04-10T10:52:50","date_gmt":"2025-04-10T13:52:50","guid":{"rendered":"https:\/\/site.ifes.edu.br\/nucep\/?page_id=308"},"modified":"2025-05-22T15:11:45","modified_gmt":"2025-05-22T18:11:45","slug":"linhas-de-pesquisa","status":"publish","type":"page","link":"https:\/\/site.ifes.edu.br\/nucep\/producao-cientifica\/linhas-de-pesquisa\/","title":{"rendered":"Linhas de Pesquisa"},"content":{"rendered":"<h4><span style=\"color: #339966\"><strong>Escoamento em Meios Porosos<\/strong><\/span><\/h4>\n<p>O objetivo desta linha \u00e9 avaliar o deslocamento de l\u00edquidos em meios porosos, visando a recupera\u00e7\u00e3o avan\u00e7ada de petr\u00f3leo. Entre os par\u00e2metros avaliados est\u00e3o as caracter\u00edsticas dos fluidos e dos meios porosos.<\/p>\n<h4><span style=\"color: #339966\">Engenharia de Po\u00e7os<\/span><\/h4>\n<p>Esta linha de pesquisa visa aprimorar as etapas de perfura\u00e7\u00e3o e completa\u00e7\u00e3o de po\u00e7os pela melhoria das condi\u00e7\u00f5es fluidodin\u00e2micas. Al\u00e9m da fluidodin\u00e2mica, a incustra\u00e7\u00e3o inorg\u00e2nica nos elementos de compelta\u00e7\u00e3o tamb\u00e9m \u00e9 avaliada.<\/p>\n<h4><span style=\"color: #339966\">Interface po\u00e7o-reservat\u00f3rio<\/span><\/h4>\n<p>Nesta linha de pesquisa, a interface po\u00e7o &#8211; reservat\u00f3rio \u00e9 avaliada. Tanto aspectos relacionados a fratura da forma\u00e7\u00e3o como processos de reten\u00e7\u00e3o de materiais particulados em gravel pack e telas de conten\u00e7\u00e3o de areia est\u00e3o entre os temas de interesse.<\/p>\n<h4><span style=\"color: #339966\">Problemas de interface<\/span><\/h4>\n<p>Esta linha avalia os processos de quebra e coalesc\u00eancia de gotas nas diversas etapas de produ\u00e7\u00e3o do petr\u00f3leo e do g\u00e1s natural. Os efeitos de equipamento, como por exemplo v\u00e1lvulas e atenuadores de fluxo, sobre o processo de quebra e coalesc\u00eancia est\u00e3o entre os temas de interesse.<\/p>\n<h4><span style=\"color: #339966\">Fluidodin\u00e2mica de processos<\/span><\/h4>\n<p>A separa\u00e7\u00e3o de fases \u00f3leo-\u00e1gua -g\u00e1s e o tratamento das mesmas \u00e9 o tema central desta linha de pesquisa. O objetivo \u00e9 avaliar como a fluidodin\u00e2mica pode afetar a efici\u00eancia dos processos, visando aprimor\u00e1-los.<\/p>\n<h4><span style=\"color: #339966\"><strong>Garantia de escoamento<\/strong><\/span><\/h4>\n<p>Esta linha de pesquisa visa promover a garantia de escoamento nos processos da ind\u00fastria do petr\u00f3leo. Os principais focos dessa linha s\u00e3o a precipita\u00e7\u00e3o de parafinas e a forma\u00e7\u00e3o de hidratos.<\/p>\n<h4><span style=\"color: #339966\"><strong>Corros\u00e3o<\/strong><\/span><\/h4>\n<p>Esta linha de pesquisa desenvolve estudos relacionados \u00e0 eletroqu\u00edmica aplicada na preven\u00e7\u00e3o dos processos de corros\u00e3o em sistemas petrol\u00edferos.<\/p>\n<h4><span style=\"color: #339966\"><strong>Caracteriza\u00e7\u00e3o de materiais<\/strong><\/span><\/h4>\n<p>Esta linha de pesquisa tem por objetivo a caracteriza\u00e7\u00e3o mec\u00e2nica, qu\u00edmica e metalogr\u00e1fica dos materiais aplicados \u00e0 ind\u00fastria do petr\u00f3leo.<\/p>\n<h4><span style=\"color: #339966\"><strong>Caracteriza\u00e7\u00e3o de superf\u00edcie<\/strong><\/span><\/h4>\n<p>Esta linha de pesquisa tem por objetivo avaliar como a superfi\u00edcie do material afeta a ades\u00e3o de sais inorg\u00e2nicos, como por exemplo o carbonato de c\u00e1lcio, em tubos de petr\u00f3leo.<\/p>\n<h4><span style=\"color: #339966\"><strong>Tribologia<\/strong><\/span><\/h4>\n<p>O objetivo desta linha \u00e9 avaliar o atrito, lubrifica\u00e7\u00e3o e desgaste em superf\u00edcies em processos produtivos na \u00e1rea do petr\u00f3leo. O desgaste de brocas durante a perfura\u00e7\u00e3o de po\u00e7os \u00e9 um dos principais fen\u00f4menos avaliado nesta linha.<\/p>\n","protected":false},"excerpt":{"rendered":"<p>Escoamento em Meios Porosos O objetivo desta linha \u00e9 avaliar o deslocamento de l\u00edquidos em meios porosos, visando a recupera\u00e7\u00e3o [&hellip;]<\/p>\n","protected":false},"author":19,"featured_media":0,"parent":314,"menu_order":0,"comment_status":"closed","ping_status":"closed","template":"","meta":{"site-sidebar-layout":"default","site-content-layout":"","ast-site-content-layout":"default","site-content-style":"default","site-sidebar-style":"default","ast-global-header-display":"","ast-banner-title-visibility":"","ast-main-header-display":"","ast-hfb-above-header-display":"","ast-hfb-below-header-display":"","ast-hfb-mobile-header-display":"","site-post-title":"","ast-breadcrumbs-content":"","ast-featured-img":"","footer-sml-layout":"","ast-disable-related-posts":"","theme-transparent-header-meta":"default","adv-header-id-meta":"","stick-header-meta":"","header-above-stick-meta":"","header-main-stick-meta":"","header-below-stick-meta":"","astra-migrate-meta-layouts":"set","ast-page-background-enabled":"default","ast-page-background-meta":{"desktop":{"background-color":"var(--ast-global-color-4)","background-image":"","background-repeat":"repeat","background-position":"center center","background-size":"auto","background-attachment":"scroll","background-type":"","background-media":"","overlay-type":"","overlay-color":"","overlay-opacity":"","overlay-gradient":""},"tablet":{"background-color":"","background-image":"","background-repeat":"repeat","background-position":"center center","background-size":"auto","background-attachment":"scroll","background-type":"","background-media":"","overlay-type":"","overlay-color":"","overlay-opacity":"","overlay-gradient":""},"mobile":{"background-color":"","background-image":"","background-repeat":"repeat","background-position":"center center","background-size":"auto","background-attachment":"scroll","background-type":"","background-media":"","overlay-type":"","overlay-color":"","overlay-opacity":"","overlay-gradient":""}},"ast-content-background-meta":{"desktop":{"background-color":"var(--ast-global-color-5)","background-image":"","background-repeat":"repeat","background-position":"center center","background-size":"auto","background-attachment":"scroll","background-type":"","background-media":"","overlay-type":"","overlay-color":"","overlay-opacity":"","overlay-gradient":""},"tablet":{"background-color":"var(--ast-global-color-5)","background-image":"","background-repeat":"repeat","background-position":"center center","background-size":"auto","background-attachment":"scroll","background-type":"","background-media":"","overlay-type":"","overlay-color":"","overlay-opacity":"","overlay-gradient":""},"mobile":{"background-color":"var(--ast-global-color-5)","background-image":"","background-repeat":"repeat","background-position":"center center","background-size":"auto","background-attachment":"scroll","background-type":"","background-media":"","overlay-type":"","overlay-color":"","overlay-opacity":"","overlay-gradient":""}},"footnotes":""},"class_list":["post-308","page","type-page","status-publish","hentry"],"_links":{"self":[{"href":"https:\/\/site.ifes.edu.br\/nucep\/wp-json\/wp\/v2\/pages\/308"}],"collection":[{"href":"https:\/\/site.ifes.edu.br\/nucep\/wp-json\/wp\/v2\/pages"}],"about":[{"href":"https:\/\/site.ifes.edu.br\/nucep\/wp-json\/wp\/v2\/types\/page"}],"author":[{"embeddable":true,"href":"https:\/\/site.ifes.edu.br\/nucep\/wp-json\/wp\/v2\/users\/19"}],"replies":[{"embeddable":true,"href":"https:\/\/site.ifes.edu.br\/nucep\/wp-json\/wp\/v2\/comments?post=308"}],"version-history":[{"count":5,"href":"https:\/\/site.ifes.edu.br\/nucep\/wp-json\/wp\/v2\/pages\/308\/revisions"}],"predecessor-version":[{"id":650,"href":"https:\/\/site.ifes.edu.br\/nucep\/wp-json\/wp\/v2\/pages\/308\/revisions\/650"}],"up":[{"embeddable":true,"href":"https:\/\/site.ifes.edu.br\/nucep\/wp-json\/wp\/v2\/pages\/314"}],"wp:attachment":[{"href":"https:\/\/site.ifes.edu.br\/nucep\/wp-json\/wp\/v2\/media?parent=308"}],"curies":[{"name":"wp","href":"https:\/\/api.w.org\/{rel}","templated":true}]}}