{"id":233,"date":"2025-04-09T17:47:04","date_gmt":"2025-04-09T20:47:04","guid":{"rendered":"https:\/\/site.ifes.edu.br\/nucep\/?page_id=233"},"modified":"2025-10-29T08:53:05","modified_gmt":"2025-10-29T11:53:05","slug":"reologia","status":"publish","type":"page","link":"https:\/\/site.ifes.edu.br\/nucep\/laboratorios\/reologia\/","title":{"rendered":"Reologia"},"content":{"rendered":"\t\t<div data-elementor-type=\"wp-page\" data-elementor-id=\"233\" class=\"elementor elementor-233\">\n\t\t\t\t<div class=\"elementor-element elementor-element-fe6a95b e-flex e-con-boxed e-con e-parent\" data-id=\"fe6a95b\" data-element_type=\"container\">\n\t\t\t\t\t<div class=\"e-con-inner\">\n\t\t<div class=\"elementor-element elementor-element-fd31830 e-con-full e-flex e-con e-child\" data-id=\"fd31830\" data-element_type=\"container\">\n\t\t\t\t<div class=\"elementor-element elementor-element-67fbe6e elementor-widget elementor-widget-image\" data-id=\"67fbe6e\" data-element_type=\"widget\" data-widget_type=\"image.default\">\n\t\t\t\t<div class=\"elementor-widget-container\">\n\t\t\t\t\t\t\t\t\t\t\t\t\t\t\t<img fetchpriority=\"high\" decoding=\"async\" width=\"1024\" height=\"576\" src=\"https:\/\/site.ifes.edu.br\/nucep\/wp-content\/uploads\/sites\/20\/2025\/10\/IMG_7203-1024x576.jpg\" class=\"attachment-large size-large wp-image-738\" alt=\"Lab. Reologia\" srcset=\"https:\/\/site.ifes.edu.br\/nucep\/wp-content\/uploads\/sites\/20\/2025\/10\/IMG_7203-1024x576.jpg 1024w, https:\/\/site.ifes.edu.br\/nucep\/wp-content\/uploads\/sites\/20\/2025\/10\/IMG_7203-300x169.jpg 300w, https:\/\/site.ifes.edu.br\/nucep\/wp-content\/uploads\/sites\/20\/2025\/10\/IMG_7203-768x432.jpg 768w, https:\/\/site.ifes.edu.br\/nucep\/wp-content\/uploads\/sites\/20\/2025\/10\/IMG_7203-1536x864.jpg 1536w, https:\/\/site.ifes.edu.br\/nucep\/wp-content\/uploads\/sites\/20\/2025\/10\/IMG_7203-2048x1152.jpg 2048w\" sizes=\"(max-width: 1024px) 100vw, 1024px\" \/>\t\t\t\t\t\t\t\t\t\t\t\t\t\t\t<\/div>\n\t\t\t\t<\/div>\n\t\t\t\t<\/div>\n\t\t<div class=\"elementor-element elementor-element-6fac6cd e-con-full e-flex e-con e-child\" data-id=\"6fac6cd\" data-element_type=\"container\">\n\t\t\t\t<div class=\"elementor-element elementor-element-901dd46 elementor-widget elementor-widget-text-editor\" data-id=\"901dd46\" data-element_type=\"widget\" data-widget_type=\"text-editor.default\">\n\t\t\t\t<div class=\"elementor-widget-container\">\n\t\t\t\t\t\t\t\t\t<p><span class=\"C9DxTc \">O\u00a0<\/span><span class=\"C9DxTc \">Laborat\u00f3rio Multiusu\u00e1rio de Reologia<\/span><span class=\"C9DxTc \">\u00a0do Ifes, campus S\u00e3o Mateus, conta com equipamentos avan\u00e7ados para a caracteriza\u00e7\u00e3o e an\u00e1lise de propriedades reol\u00f3gicas de fluidos e materiais complexos. O laborat\u00f3rio atende a demandas de pesquisa aplicada em diversas \u00e1reas de engenharia e ci\u00eancia dos materiais, com foco em entender o comportamento de fluidos sob diferentes condi\u00e7\u00f5es de tens\u00e3o e deforma\u00e7\u00e3o. Suas linhas de pesquisa incluem a an\u00e1lise de fluidos n\u00e3o newtonianos e o estudo de propriedades viscoel\u00e1sticas de materiais.<\/span><\/p>\t\t\t\t\t\t\t\t<\/div>\n\t\t\t\t<\/div>\n\t\t\t\t<\/div>\n\t\t\t\t\t<\/div>\n\t\t\t\t<\/div>\n\t\t<div class=\"elementor-element elementor-element-c709238 e-flex e-con-boxed e-con e-parent\" data-id=\"c709238\" data-element_type=\"container\">\n\t\t\t\t\t<div class=\"e-con-inner\">\n\t\t<div class=\"elementor-element elementor-element-c5062e4 e-con-full e-flex e-con e-child\" data-id=\"c5062e4\" data-element_type=\"container\">\n\t\t\t\t<div class=\"elementor-element elementor-element-0e8a099 elementor-widget elementor-widget-heading\" data-id=\"0e8a099\" data-element_type=\"widget\" data-widget_type=\"heading.default\">\n\t\t\t\t<div class=\"elementor-widget-container\">\n\t\t\t\t\t<h2 class=\"elementor-heading-title elementor-size-default\">Equipamentos<\/h2>\t\t\t\t<\/div>\n\t\t\t\t<\/div>\n\t\t\t\t<\/div>\n\t\t\t\t\t<\/div>\n\t\t\t\t<\/div>\n\t\t<div class=\"elementor-element elementor-element-5c91c4d e-flex e-con-boxed e-con e-parent\" data-id=\"5c91c4d\" data-element_type=\"container\">\n\t\t\t\t\t<div class=\"e-con-inner\">\n\t\t\t\t<div class=\"elementor-element elementor-element-2885c55 elementor-widget elementor-widget-n-accordion\" data-id=\"2885c55\" data-element_type=\"widget\" data-settings=\"{&quot;default_state&quot;:&quot;expanded&quot;,&quot;max_items_expended&quot;:&quot;one&quot;,&quot;n_accordion_animation_duration&quot;:{&quot;unit&quot;:&quot;ms&quot;,&quot;size&quot;:400,&quot;sizes&quot;:[]}}\" data-widget_type=\"nested-accordion.default\">\n\t\t\t\t<div class=\"elementor-widget-container\">\n\t\t\t\t\t\t\t<div class=\"e-n-accordion\" aria-label=\"Accordion. Open links with Enter or Space, close with Escape, and navigate with Arrow Keys\">\n\t\t\t\t\t\t<details id=\"e-n-accordion-item-4240\" class=\"e-n-accordion-item\" open>\n\t\t\t\t<summary class=\"e-n-accordion-item-title\" data-accordion-index=\"1\" tabindex=\"0\" aria-expanded=\"true\" aria-controls=\"e-n-accordion-item-4240\" >\n\t\t\t\t\t<span class='e-n-accordion-item-title-header'><div class=\"e-n-accordion-item-title-text\"> RMC1 \u2013 Re\u00f4metro Compacto Modular <\/div><\/span>\n\t\t\t\t\t\t\t<span class='e-n-accordion-item-title-icon'>\n\t\t\t<span class='e-opened' ><svg aria-hidden=\"true\" class=\"e-font-icon-svg e-fas-minus\" viewBox=\"0 0 448 512\" xmlns=\"http:\/\/www.w3.org\/2000\/svg\"><path d=\"M416 208H32c-17.67 0-32 14.33-32 32v32c0 17.67 14.33 32 32 32h384c17.67 0 32-14.33 32-32v-32c0-17.67-14.33-32-32-32z\"><\/path><\/svg><\/span>\n\t\t\t<span class='e-closed'><svg aria-hidden=\"true\" class=\"e-font-icon-svg e-fas-plus\" viewBox=\"0 0 448 512\" xmlns=\"http:\/\/www.w3.org\/2000\/svg\"><path d=\"M416 208H272V64c0-17.67-14.33-32-32-32h-32c-17.67 0-32 14.33-32 32v144H32c-17.67 0-32 14.33-32 32v32c0 17.67 14.33 32 32 32h144v144c0 17.67 14.33 32 32 32h32c17.67 0 32-14.33 32-32V304h144c17.67 0 32-14.33 32-32v-32c0-17.67-14.33-32-32-32z\"><\/path><\/svg><\/span>\n\t\t<\/span>\n\n\t\t\t\t\t\t<\/summary>\n\t\t\t\t<div role=\"region\" aria-labelledby=\"e-n-accordion-item-4240\" class=\"elementor-element elementor-element-247d0c5 e-con-full e-flex e-con e-child\" data-id=\"247d0c5\" data-element_type=\"container\">\n\t\t<div role=\"region\" aria-labelledby=\"e-n-accordion-item-4240\" class=\"elementor-element elementor-element-f158414 e-con-full e-flex e-con e-child\" data-id=\"f158414\" data-element_type=\"container\">\n\t\t\t\t<div class=\"elementor-element elementor-element-2edc963 elementor-widget elementor-widget-image\" data-id=\"2edc963\" data-element_type=\"widget\" data-widget_type=\"image.default\">\n\t\t\t\t<div class=\"elementor-widget-container\">\n\t\t\t\t\t\t\t\t\t\t\t\t\t\t\t<img decoding=\"async\" width=\"356\" height=\"321\" src=\"https:\/\/site.ifes.edu.br\/nucep\/wp-content\/uploads\/sites\/20\/2025\/04\/Captura-de-tela-2025-04-09-175503.png\" class=\"attachment-large size-large wp-image-237\" alt=\"\" srcset=\"https:\/\/site.ifes.edu.br\/nucep\/wp-content\/uploads\/sites\/20\/2025\/04\/Captura-de-tela-2025-04-09-175503.png 356w, https:\/\/site.ifes.edu.br\/nucep\/wp-content\/uploads\/sites\/20\/2025\/04\/Captura-de-tela-2025-04-09-175503-300x271.png 300w\" sizes=\"(max-width: 356px) 100vw, 356px\" \/>\t\t\t\t\t\t\t\t\t\t\t\t\t\t\t<\/div>\n\t\t\t\t<\/div>\n\t\t\t\t<div class=\"elementor-element elementor-element-e9f4436 elementor-widget elementor-widget-button\" data-id=\"e9f4436\" data-element_type=\"widget\" data-widget_type=\"button.default\">\n\t\t\t\t<div class=\"elementor-widget-container\">\n\t\t\t\t\t\t\t\t\t<div class=\"elementor-button-wrapper\">\n\t\t\t\t\t<a class=\"elementor-button elementor-button-link elementor-size-sm\" href=\"https:\/\/calendar.google.com\/calendar\/embed?src=ab711c60f1c5a944d0e0a167cf8f28fa841f3e09ee64fdcbb8462565f7c73afd%40group.calendar.google.com&#038;ctz=America%2FSao_Paulo\" target=\"_blank\">\n\t\t\t\t\t\t<span class=\"elementor-button-content-wrapper\">\n\t\t\t\t\t\t\t\t\t<span class=\"elementor-button-text\">Agenda<\/span>\n\t\t\t\t\t<\/span>\n\t\t\t\t\t<\/a>\n\t\t\t\t<\/div>\n\t\t\t\t\t\t\t\t<\/div>\n\t\t\t\t<\/div>\n\t\t\t\t<div class=\"elementor-element elementor-element-648d52c elementor-widget elementor-widget-text-editor\" data-id=\"648d52c\" data-element_type=\"widget\" data-widget_type=\"text-editor.default\">\n\t\t\t\t<div class=\"elementor-widget-container\">\n\t\t\t\t\t\t\t\t\t<p class=\"zfr3Q CDt4Ke \" dir=\"ltr\"><span class=\"jgG6ef C9DxTc \">Esta agenda est\u00e1 disponibilizada apenas para consulta. Para agendamento, favor contactar pelo e-mail\u00a0<\/span><span class=\"jgG6ef C9DxTc \">nucep<\/span><span class=\"jgG6ef C9DxTc \">ifes@gmail.com<\/span><span class=\"jgG6ef C9DxTc \">\u00a0ou presencialmente.<\/span><\/p><p class=\"zfr3Q CDt4Ke \" dir=\"ltr\"><a class=\"XqQF9c\" href=\"https:\/\/calendar.google.com\/calendar\/embed?height=600&amp;wkst=1&amp;ctz=America%2FSao_Paulo&amp;showPrint=0&amp;title=Lab.%20Reologia&amp;src=YWI3MTFjNjBmMWM1YTk0NGQwZTBhMTY3Y2Y4ZjI4ZmE4NDFmM2UwOWVlNjRmZGNiYjg0NjI1NjVmN2M3M2FmZEBncm91cC5jYWxlbmRhci5nb29nbGUuY29t&amp;color=%23EF6C00%22%20style=%22border:solid%201px%20#777%22%20width=%22800%22%20height=%22600%22%20frameborder=%220%22%20scrolling=%22no%22\" target=\"_blank\" rel=\"noopener\"><span class=\"jgG6ef C9DxTc aw5Odc \">Consulte aqui nossa agenda geral<\/span><\/a><\/p>\t\t\t\t\t\t\t\t<\/div>\n\t\t\t\t<\/div>\n\t\t\t\t<\/div>\n\t\t<div role=\"region\" aria-labelledby=\"e-n-accordion-item-4240\" class=\"elementor-element elementor-element-d683719 e-con-full e-flex e-con e-child\" data-id=\"d683719\" data-element_type=\"container\">\n\t\t\t\t<div class=\"elementor-element elementor-element-25cbecc elementor-widget elementor-widget-text-editor\" data-id=\"25cbecc\" data-element_type=\"widget\" data-widget_type=\"text-editor.default\">\n\t\t\t\t<div class=\"elementor-widget-container\">\n\t\t\t\t\t\t\t\t\t<p class=\"zfr3Q CDt4Ke \" dir=\"ltr\"><span class=\"C9DxTc \">Re\u00f4metro Compacto Modular MCR 302e Anton Paar.<\/span><\/p><div id=\"h.9cnpsvmkjwqd\" class=\"CobnVe yMxPgf  aP9Z7e\">\u00a0<\/div><div class=\"CjVfdc\"><div class=\"PPhIP rviiZ\"><div class=\"U26fgb mUbCce fKz7Od LRAOtb Znu9nd M9Bg4d\" role=\"presentation\" aria-describedby=\"h.9cnpsvmkjwqd_l\" aria-label=\"Copiar link do t\u00edtulo\" data-tooltip=\"Copiar link do t\u00edtulo\" aria-hidden=\"true\" data-tooltip-position=\"top\" data-tooltip-vertical-offset=\"12\" data-tooltip-horizontal-offset=\"0\"><div class=\"VTBa7b MbhUzd\">\u00a0<\/div><\/div><\/div><span class=\"C9DxTc \">Dados do equipamento<\/span><\/div><p class=\"zfr3Q CDt4Ke \" dir=\"ltr\"><span class=\"C9DxTc \">Marca:\u00a0<\/span><span class=\"C9DxTc \">Anton Paar<\/span><\/p><p class=\"zfr3Q CDt4Ke \" dir=\"ltr\"><span class=\"C9DxTc \">Modelo:<\/span><span class=\"C9DxTc \">\u00a0<\/span><span class=\"C9DxTc \">MCR 302e<\/span><\/p><p class=\"zfr3Q CDt4Ke \" dir=\"ltr\"><span class=\"C9DxTc \">Ano de aquisi\u00e7\u00e3o:\u00a0<\/span><span class=\"C9DxTc \">2025<\/span><\/p><p class=\"zfr3Q CDt4Ke \" dir=\"ltr\"><span class=\"C9DxTc \">C\u00f3digo na plataforma:\u00a0<\/span><span class=\"C9DxTc \">&#8211;<\/span><\/p><p class=\"zfr3Q CDt4Ke \" dir=\"ltr\"><span class=\"C9DxTc \">Situa\u00e7\u00e3o do equipamento:\u00a0<\/span><span class=\"C9DxTc \">Ativo<\/span><\/p>\t\t\t\t\t\t\t\t<\/div>\n\t\t\t\t<\/div>\n\t\t\t\t<\/div>\n\t\t\t\t<\/div>\n\t\t\t\t\t<\/details>\n\t\t\t\t\t<\/div>\n\t\t\t\t\t\t<\/div>\n\t\t\t\t<\/div>\n\t\t\t\t\t<\/div>\n\t\t\t\t<\/div>\n\t\t\t\t<\/div>\n\t\t","protected":false},"excerpt":{"rendered":"<p>O\u00a0Laborat\u00f3rio Multiusu\u00e1rio de Reologia\u00a0do Ifes, campus S\u00e3o Mateus, conta com equipamentos avan\u00e7ados para a caracteriza\u00e7\u00e3o e an\u00e1lise de propriedades reol\u00f3gicas [&hellip;]<\/p>\n","protected":false},"author":19,"featured_media":0,"parent":15,"menu_order":0,"comment_status":"closed","ping_status":"closed","template":"","meta":{"site-sidebar-layout":"default","site-content-layout":"","ast-site-content-layout":"default","site-content-style":"default","site-sidebar-style":"default","ast-global-header-display":"","ast-banner-title-visibility":"","ast-main-header-display":"","ast-hfb-above-header-display":"","ast-hfb-below-header-display":"","ast-hfb-mobile-header-display":"","site-post-title":"","ast-breadcrumbs-content":"","ast-featured-img":"","footer-sml-layout":"","ast-disable-related-posts":"","theme-transparent-header-meta":"","adv-header-id-meta":"","stick-header-meta":"","header-above-stick-meta":"","header-main-stick-meta":"","header-below-stick-meta":"","astra-migrate-meta-layouts":"default","ast-page-background-enabled":"default","ast-page-background-meta":{"desktop":{"background-color":"var(--ast-global-color-4)","background-image":"","background-repeat":"repeat","background-position":"center center","background-size":"auto","background-attachment":"scroll","background-type":"","background-media":"","overlay-type":"","overlay-color":"","overlay-opacity":"","overlay-gradient":""},"tablet":{"background-color":"","background-image":"","background-repeat":"repeat","background-position":"center center","background-size":"auto","background-attachment":"scroll","background-type":"","background-media":"","overlay-type":"","overlay-color":"","overlay-opacity":"","overlay-gradient":""},"mobile":{"background-color":"","background-image":"","background-repeat":"repeat","background-position":"center center","background-size":"auto","background-attachment":"scroll","background-type":"","background-media":"","overlay-type":"","overlay-color":"","overlay-opacity":"","overlay-gradient":""}},"ast-content-background-meta":{"desktop":{"background-color":"var(--ast-global-color-5)","background-image":"","background-repeat":"repeat","background-position":"center center","background-size":"auto","background-attachment":"scroll","background-type":"","background-media":"","overlay-type":"","overlay-color":"","overlay-opacity":"","overlay-gradient":""},"tablet":{"background-color":"var(--ast-global-color-5)","background-image":"","background-repeat":"repeat","background-position":"center center","background-size":"auto","background-attachment":"scroll","background-type":"","background-media":"","overlay-type":"","overlay-color":"","overlay-opacity":"","overlay-gradient":""},"mobile":{"background-color":"var(--ast-global-color-5)","background-image":"","background-repeat":"repeat","background-position":"center center","background-size":"auto","background-attachment":"scroll","background-type":"","background-media":"","overlay-type":"","overlay-color":"","overlay-opacity":"","overlay-gradient":""}},"footnotes":""},"class_list":["post-233","page","type-page","status-publish","hentry"],"_links":{"self":[{"href":"https:\/\/site.ifes.edu.br\/nucep\/wp-json\/wp\/v2\/pages\/233"}],"collection":[{"href":"https:\/\/site.ifes.edu.br\/nucep\/wp-json\/wp\/v2\/pages"}],"about":[{"href":"https:\/\/site.ifes.edu.br\/nucep\/wp-json\/wp\/v2\/types\/page"}],"author":[{"embeddable":true,"href":"https:\/\/site.ifes.edu.br\/nucep\/wp-json\/wp\/v2\/users\/19"}],"replies":[{"embeddable":true,"href":"https:\/\/site.ifes.edu.br\/nucep\/wp-json\/wp\/v2\/comments?post=233"}],"version-history":[{"count":19,"href":"https:\/\/site.ifes.edu.br\/nucep\/wp-json\/wp\/v2\/pages\/233\/revisions"}],"predecessor-version":[{"id":744,"href":"https:\/\/site.ifes.edu.br\/nucep\/wp-json\/wp\/v2\/pages\/233\/revisions\/744"}],"up":[{"embeddable":true,"href":"https:\/\/site.ifes.edu.br\/nucep\/wp-json\/wp\/v2\/pages\/15"}],"wp:attachment":[{"href":"https:\/\/site.ifes.edu.br\/nucep\/wp-json\/wp\/v2\/media?parent=233"}],"curies":[{"name":"wp","href":"https:\/\/api.w.org\/{rel}","templated":true}]}}