{"id":160,"date":"2025-04-03T15:34:01","date_gmt":"2025-04-03T18:34:01","guid":{"rendered":"https:\/\/site.ifes.edu.br\/nucep\/?page_id=160"},"modified":"2025-05-15T15:20:02","modified_gmt":"2025-05-15T18:20:02","slug":"galeria","status":"publish","type":"page","link":"https:\/\/site.ifes.edu.br\/nucep\/inicio\/galeria\/","title":{"rendered":"Galeria"},"content":{"rendered":"<section id=\"h.71716bc36a9425e7_104\" class=\"yaqOZd\">\n<div class=\"mYVXT\">\n<div class=\"LS81yb VICjCf j5pSsc db35Fc\">\n<div class=\"hJDwNd-AhqUyc-uQSCkd Ft7HRd-AhqUyc-uQSCkd purZT-AhqUyc-II5mzb ZcASvf-AhqUyc-II5mzb pSzOP-AhqUyc-qWD73c Ktthjf-AhqUyc-qWD73c JNdkSc SQVYQc\">\n<div class=\"JNdkSc-SmKAyb LkDMRd\">\n<div class=\"\">\n<div class=\"oKdM2c ZZyype Kzv0Me\">\n<div id=\"h.71716bc36a9425e7_100\" class=\"hJDwNd-AhqUyc-uQSCkd Ft7HRd-AhqUyc-uQSCkd jXK9ad D2fZ2 zu5uec OjCsFc dmUFtb wHaque g5GTcb\">\n<div class=\"jXK9ad-SmKAyb\">\n<div class=\"tyJCtd mGzaTb Depvyb baZpAe\">\n<p dir=\"ltr\">Participa\u00e7\u00e3o em Eventos<\/p>\n<div id='gallery-1' class='gallery galleryid-160 gallery-columns-3 gallery-size-medium'><figure class='gallery-item'>\n\t\t\t<div class='gallery-icon landscape'>\n\t\t\t\t<a href='https:\/\/site.ifes.edu.br\/nucep\/2023-cobem\/'><img fetchpriority=\"high\" decoding=\"async\" width=\"300\" height=\"225\" src=\"https:\/\/site.ifes.edu.br\/nucep\/wp-content\/uploads\/sites\/20\/2025\/03\/2023-COBEM-300x225.png\" class=\"attachment-medium size-medium\" alt=\"\" aria-describedby=\"gallery-1-73\" srcset=\"https:\/\/site.ifes.edu.br\/nucep\/wp-content\/uploads\/sites\/20\/2025\/03\/2023-COBEM-300x225.png 300w, https:\/\/site.ifes.edu.br\/nucep\/wp-content\/uploads\/sites\/20\/2025\/03\/2023-COBEM.png 729w\" sizes=\"(max-width: 300px) 100vw, 300px\" \/><\/a>\n\t\t\t<\/div>\n\t\t\t\t<figcaption class='wp-caption-text gallery-caption' id='gallery-1-73'>\n\t\t\t\tCOBEM Florian\u00f3polis &#8211; SC (2023\n\t\t\t\t<\/figcaption><\/figure><figure class='gallery-item'>\n\t\t\t<div class='gallery-icon landscape'>\n\t\t\t\t<a href='https:\/\/site.ifes.edu.br\/nucep\/2024-treinamento-rocky\/'><img decoding=\"async\" width=\"300\" height=\"169\" src=\"https:\/\/site.ifes.edu.br\/nucep\/wp-content\/uploads\/sites\/20\/2025\/03\/2024-Treinamento-Rocky-300x169.png\" class=\"attachment-medium size-medium\" alt=\"\" aria-describedby=\"gallery-1-78\" srcset=\"https:\/\/site.ifes.edu.br\/nucep\/wp-content\/uploads\/sites\/20\/2025\/03\/2024-Treinamento-Rocky-300x169.png 300w, https:\/\/site.ifes.edu.br\/nucep\/wp-content\/uploads\/sites\/20\/2025\/03\/2024-Treinamento-Rocky-768x434.png 768w, https:\/\/site.ifes.edu.br\/nucep\/wp-content\/uploads\/sites\/20\/2025\/03\/2024-Treinamento-Rocky.png 866w\" sizes=\"(max-width: 300px) 100vw, 300px\" \/><\/a>\n\t\t\t<\/div>\n\t\t\t\t<figcaption class='wp-caption-text gallery-caption' id='gallery-1-78'>\n\t\t\t\tTreinamento Rocky  LPMF &#8211; Ifes S\u00e3o Mateus (2024)\n\t\t\t\t<\/figcaption><\/figure><figure class='gallery-item'>\n\t\t\t<div class='gallery-icon landscape'>\n\t\t\t\t<a href='https:\/\/site.ifes.edu.br\/nucep\/2023-abm-week\/'><img decoding=\"async\" width=\"300\" height=\"279\" src=\"https:\/\/site.ifes.edu.br\/nucep\/wp-content\/uploads\/sites\/20\/2025\/03\/2023-ABM-Week-300x279.png\" class=\"attachment-medium size-medium\" alt=\"\" aria-describedby=\"gallery-1-72\" srcset=\"https:\/\/site.ifes.edu.br\/nucep\/wp-content\/uploads\/sites\/20\/2025\/03\/2023-ABM-Week-300x279.png 300w, https:\/\/site.ifes.edu.br\/nucep\/wp-content\/uploads\/sites\/20\/2025\/03\/2023-ABM-Week-768x713.png 768w, https:\/\/site.ifes.edu.br\/nucep\/wp-content\/uploads\/sites\/20\/2025\/03\/2023-ABM-Week.png 843w\" sizes=\"(max-width: 300px) 100vw, 300px\" \/><\/a>\n\t\t\t<\/div>\n\t\t\t\t<figcaption class='wp-caption-text gallery-caption' id='gallery-1-72'>\n\t\t\t\tABM Week S\u00e3o Paulo &#8211; SP (2023)\n\t\t\t\t<\/figcaption><\/figure><figure class='gallery-item'>\n\t\t\t<div class='gallery-icon landscape'>\n\t\t\t\t<a href='https:\/\/site.ifes.edu.br\/nucep\/2024-jornada-de-integracao\/'><img loading=\"lazy\" decoding=\"async\" width=\"300\" height=\"258\" src=\"https:\/\/site.ifes.edu.br\/nucep\/wp-content\/uploads\/sites\/20\/2025\/03\/2024-Jornada-de-Integracao-300x258.png\" class=\"attachment-medium size-medium\" alt=\"\" aria-describedby=\"gallery-1-77\" srcset=\"https:\/\/site.ifes.edu.br\/nucep\/wp-content\/uploads\/sites\/20\/2025\/03\/2024-Jornada-de-Integracao-300x258.png 300w, https:\/\/site.ifes.edu.br\/nucep\/wp-content\/uploads\/sites\/20\/2025\/03\/2024-Jornada-de-Integracao.png 562w\" sizes=\"(max-width: 300px) 100vw, 300px\" \/><\/a>\n\t\t\t<\/div>\n\t\t\t\t<figcaption class='wp-caption-text gallery-caption' id='gallery-1-77'>\n\t\t\t\tJornada de Integrac\u00e3o Ifes Linhares &#8211; ES (2024)\n\t\t\t\t<\/figcaption><\/figure><figure class='gallery-item'>\n\t\t\t<div class='gallery-icon landscape'>\n\t\t\t\t<a href='https:\/\/site.ifes.edu.br\/nucep\/2023-enahpe-2\/'><img loading=\"lazy\" decoding=\"async\" width=\"300\" height=\"225\" src=\"https:\/\/site.ifes.edu.br\/nucep\/wp-content\/uploads\/sites\/20\/2025\/03\/2023-ENAHPE-2-300x225.png\" class=\"attachment-medium size-medium\" alt=\"\" aria-describedby=\"gallery-1-74\" srcset=\"https:\/\/site.ifes.edu.br\/nucep\/wp-content\/uploads\/sites\/20\/2025\/03\/2023-ENAHPE-2-300x225.png 300w, https:\/\/site.ifes.edu.br\/nucep\/wp-content\/uploads\/sites\/20\/2025\/03\/2023-ENAHPE-2.png 729w\" sizes=\"(max-width: 300px) 100vw, 300px\" \/><\/a>\n\t\t\t<\/div>\n\t\t\t\t<figcaption class='wp-caption-text gallery-caption' id='gallery-1-74'>\n\t\t\t\tENAHPE Matinhos &#8211; PR (2024)\n\t\t\t\t<\/figcaption><\/figure><figure class='gallery-item'>\n\t\t\t<div class='gallery-icon landscape'>\n\t\t\t\t<a href='https:\/\/site.ifes.edu.br\/nucep\/2015-conem\/'><img loading=\"lazy\" decoding=\"async\" width=\"300\" height=\"226\" src=\"https:\/\/site.ifes.edu.br\/nucep\/wp-content\/uploads\/sites\/20\/2025\/03\/2015-CONEM-300x226.png\" class=\"attachment-medium size-medium\" alt=\"\" aria-describedby=\"gallery-1-67\" srcset=\"https:\/\/site.ifes.edu.br\/nucep\/wp-content\/uploads\/sites\/20\/2025\/03\/2015-CONEM-300x226.png 300w, https:\/\/site.ifes.edu.br\/nucep\/wp-content\/uploads\/sites\/20\/2025\/03\/2015-CONEM.png 583w\" sizes=\"(max-width: 300px) 100vw, 300px\" \/><\/a>\n\t\t\t<\/div>\n\t\t\t\t<figcaption class='wp-caption-text gallery-caption' id='gallery-1-67'>\n\t\t\t\tENAHPE Matinhos &#8211; PR (2024)\n\t\t\t\t<\/figcaption><\/figure><figure class='gallery-item'>\n\t\t\t<div class='gallery-icon landscape'>\n\t\t\t\t<a href='https:\/\/site.ifes.edu.br\/nucep\/2024-coloquio-cfd\/'><img loading=\"lazy\" decoding=\"async\" width=\"300\" height=\"226\" src=\"https:\/\/site.ifes.edu.br\/nucep\/wp-content\/uploads\/sites\/20\/2025\/03\/2024-Coloquio-CFD-300x226.png\" class=\"attachment-medium size-medium\" alt=\"\" aria-describedby=\"gallery-1-76\" srcset=\"https:\/\/site.ifes.edu.br\/nucep\/wp-content\/uploads\/sites\/20\/2025\/03\/2024-Coloquio-CFD-300x226.png 300w, https:\/\/site.ifes.edu.br\/nucep\/wp-content\/uploads\/sites\/20\/2025\/03\/2024-Coloquio-CFD.png 647w\" sizes=\"(max-width: 300px) 100vw, 300px\" \/><\/a>\n\t\t\t<\/div>\n\t\t\t\t<figcaption class='wp-caption-text gallery-caption' id='gallery-1-76'>\n\t\t\t\tCol\u00f3quio CFD LPMF &#8211; Ifes S\u00e3o Mateus (2024)\n\t\t\t\t<\/figcaption><\/figure><figure class='gallery-item'>\n\t\t\t<div class='gallery-icon landscape'>\n\t\t\t\t<a href='https:\/\/site.ifes.edu.br\/nucep\/2024-aistech\/'><img loading=\"lazy\" decoding=\"async\" width=\"300\" height=\"225\" src=\"https:\/\/site.ifes.edu.br\/nucep\/wp-content\/uploads\/sites\/20\/2025\/03\/2024-AISTech-300x225.png\" class=\"attachment-medium size-medium\" alt=\"\" aria-describedby=\"gallery-1-75\" srcset=\"https:\/\/site.ifes.edu.br\/nucep\/wp-content\/uploads\/sites\/20\/2025\/03\/2024-AISTech-300x225.png 300w, https:\/\/site.ifes.edu.br\/nucep\/wp-content\/uploads\/sites\/20\/2025\/03\/2024-AISTech.png 529w\" sizes=\"(max-width: 300px) 100vw, 300px\" \/><\/a>\n\t\t\t<\/div>\n\t\t\t\t<figcaption class='wp-caption-text gallery-caption' id='gallery-1-75'>\n\t\t\t\tAISTech Ohio &#8211; EUA (2024)\n\t\t\t\t<\/figcaption><\/figure><figure class='gallery-item'>\n\t\t\t<div class='gallery-icon landscape'>\n\t\t\t\t<a href='https:\/\/site.ifes.edu.br\/nucep\/2017-cobem\/'><img loading=\"lazy\" decoding=\"async\" width=\"300\" height=\"273\" src=\"https:\/\/site.ifes.edu.br\/nucep\/wp-content\/uploads\/sites\/20\/2025\/03\/2017-COBEM-300x273.png\" class=\"attachment-medium size-medium\" alt=\"\" aria-describedby=\"gallery-1-68\" srcset=\"https:\/\/site.ifes.edu.br\/nucep\/wp-content\/uploads\/sites\/20\/2025\/03\/2017-COBEM-300x273.png 300w, https:\/\/site.ifes.edu.br\/nucep\/wp-content\/uploads\/sites\/20\/2025\/03\/2017-COBEM.png 633w\" sizes=\"(max-width: 300px) 100vw, 300px\" \/><\/a>\n\t\t\t<\/div>\n\t\t\t\t<figcaption class='wp-caption-text gallery-caption' id='gallery-1-68'>\n\t\t\t\tCOBEM Curitiba &#8211; PR (2017)\n\t\t\t\t<\/figcaption><\/figure><figure class='gallery-item'>\n\t\t\t<div class='gallery-icon landscape'>\n\t\t\t\t<a href='https:\/\/site.ifes.edu.br\/nucep\/2014-rio-oil-gas\/'><img loading=\"lazy\" decoding=\"async\" width=\"300\" height=\"225\" src=\"https:\/\/site.ifes.edu.br\/nucep\/wp-content\/uploads\/sites\/20\/2025\/03\/2014-Rio-Oil-Gas-300x225.jpg\" class=\"attachment-medium size-medium\" alt=\"\" aria-describedby=\"gallery-1-66\" srcset=\"https:\/\/site.ifes.edu.br\/nucep\/wp-content\/uploads\/sites\/20\/2025\/03\/2014-Rio-Oil-Gas-300x225.jpg 300w, https:\/\/site.ifes.edu.br\/nucep\/wp-content\/uploads\/sites\/20\/2025\/03\/2014-Rio-Oil-Gas-1024x768.jpg 1024w, https:\/\/site.ifes.edu.br\/nucep\/wp-content\/uploads\/sites\/20\/2025\/03\/2014-Rio-Oil-Gas-768x576.jpg 768w, https:\/\/site.ifes.edu.br\/nucep\/wp-content\/uploads\/sites\/20\/2025\/03\/2014-Rio-Oil-Gas.jpg 1280w\" sizes=\"(max-width: 300px) 100vw, 300px\" \/><\/a>\n\t\t\t<\/div>\n\t\t\t\t<figcaption class='wp-caption-text gallery-caption' id='gallery-1-66'>\n\t\t\t\tRio Oil &amp; Gas Rio de Janeiro (2014)\n\t\t\t\t<\/figcaption><\/figure><figure class='gallery-item'>\n\t\t\t<div class='gallery-icon landscape'>\n\t\t\t\t<a href='https:\/\/site.ifes.edu.br\/nucep\/2019-cobem\/'><img loading=\"lazy\" decoding=\"async\" width=\"300\" height=\"224\" src=\"https:\/\/site.ifes.edu.br\/nucep\/wp-content\/uploads\/sites\/20\/2025\/03\/2019-COBEM-300x224.png\" class=\"attachment-medium size-medium\" alt=\"\" aria-describedby=\"gallery-1-71\" srcset=\"https:\/\/site.ifes.edu.br\/nucep\/wp-content\/uploads\/sites\/20\/2025\/03\/2019-COBEM-300x224.png 300w, https:\/\/site.ifes.edu.br\/nucep\/wp-content\/uploads\/sites\/20\/2025\/03\/2019-COBEM.png 527w\" sizes=\"(max-width: 300px) 100vw, 300px\" \/><\/a>\n\t\t\t<\/div>\n\t\t\t\t<figcaption class='wp-caption-text gallery-caption' id='gallery-1-71'>\n\t\t\t\tCOBEM Uberl\u00e2ncia &#8211; MG (2019)\n\t\t\t\t<\/figcaption><\/figure><figure class='gallery-item'>\n\t\t\t<div class='gallery-icon landscape'>\n\t\t\t\t<a href='https:\/\/site.ifes.edu.br\/nucep\/2018-jornada-de-integracao\/'><img loading=\"lazy\" decoding=\"async\" width=\"300\" height=\"300\" src=\"https:\/\/site.ifes.edu.br\/nucep\/wp-content\/uploads\/sites\/20\/2025\/03\/2018-Jornada-de-Integracao-300x300.png\" class=\"attachment-medium size-medium\" alt=\"\" aria-describedby=\"gallery-1-70\" srcset=\"https:\/\/site.ifes.edu.br\/nucep\/wp-content\/uploads\/sites\/20\/2025\/03\/2018-Jornada-de-Integracao-300x300.png 300w, https:\/\/site.ifes.edu.br\/nucep\/wp-content\/uploads\/sites\/20\/2025\/03\/2018-Jornada-de-Integracao-150x150.png 150w, https:\/\/site.ifes.edu.br\/nucep\/wp-content\/uploads\/sites\/20\/2025\/03\/2018-Jornada-de-Integracao.png 477w\" sizes=\"(max-width: 300px) 100vw, 300px\" \/><\/a>\n\t\t\t<\/div>\n\t\t\t\t<figcaption class='wp-caption-text gallery-caption' id='gallery-1-70'>\n\t\t\t\tJornada de Integra\u00e7\u00e3o Ifes Cariacica &#8211; ES (2018)\n\t\t\t\t<\/figcaption><\/figure><figure class='gallery-item'>\n\t\t\t<div class='gallery-icon landscape'>\n\t\t\t\t<a href='https:\/\/site.ifes.edu.br\/nucep\/2017-treinamento-udf\/'><img loading=\"lazy\" decoding=\"async\" width=\"300\" height=\"195\" src=\"https:\/\/site.ifes.edu.br\/nucep\/wp-content\/uploads\/sites\/20\/2025\/03\/2017-Treinamento-UDF-300x195.png\" class=\"attachment-medium size-medium\" alt=\"\" aria-describedby=\"gallery-1-69\" srcset=\"https:\/\/site.ifes.edu.br\/nucep\/wp-content\/uploads\/sites\/20\/2025\/03\/2017-Treinamento-UDF-300x195.png 300w, https:\/\/site.ifes.edu.br\/nucep\/wp-content\/uploads\/sites\/20\/2025\/03\/2017-Treinamento-UDF.png 593w\" sizes=\"(max-width: 300px) 100vw, 300px\" \/><\/a>\n\t\t\t<\/div>\n\t\t\t\t<figcaption class='wp-caption-text gallery-caption' id='gallery-1-69'>\n\t\t\t\tTreinamento UDF (2017)\n\t\t\t\t<\/figcaption><\/figure>\n\t\t<\/div>\n\n<\/div>\n<\/div>\n<p dir=\"ltr\">Trabalhos de Conclus\u00e3o<\/p>\n<\/div>\n<\/div>\n<\/div>\n<\/div>\n<\/div>\n<\/div>\n<\/div>\n<\/section>\n<div id='gallery-2' class='gallery galleryid-160 gallery-columns-3 gallery-size-medium'><figure class='gallery-item'>\n\t\t\t<div class='gallery-icon landscape'>\n\t\t\t\t<a href='https:\/\/site.ifes.edu.br\/nucep\/inicio\/galeria\/2016-tcc-thiago\/'><img loading=\"lazy\" decoding=\"async\" width=\"300\" height=\"232\" src=\"https:\/\/site.ifes.edu.br\/nucep\/wp-content\/uploads\/sites\/20\/2025\/03\/2016-TCC-Thiago-300x232.png\" class=\"attachment-medium size-medium\" alt=\"\" aria-describedby=\"gallery-2-61\" srcset=\"https:\/\/site.ifes.edu.br\/nucep\/wp-content\/uploads\/sites\/20\/2025\/03\/2016-TCC-Thiago-300x232.png 300w, https:\/\/site.ifes.edu.br\/nucep\/wp-content\/uploads\/sites\/20\/2025\/03\/2016-TCC-Thiago.png 422w\" sizes=\"(max-width: 300px) 100vw, 300px\" \/><\/a>\n\t\t\t<\/div>\n\t\t\t\t<figcaption class='wp-caption-text gallery-caption' id='gallery-2-61'>\n\t\t\t\tDefesa de TCC Thiago (2016)\n\t\t\t\t<\/figcaption><\/figure><figure class='gallery-item'>\n\t\t\t<div class='gallery-icon landscape'>\n\t\t\t\t<a href='https:\/\/site.ifes.edu.br\/nucep\/inicio\/galeria\/2016-tcc-andre-holiver-e-marcelo\/'><img loading=\"lazy\" decoding=\"async\" width=\"300\" height=\"196\" src=\"https:\/\/site.ifes.edu.br\/nucep\/wp-content\/uploads\/sites\/20\/2025\/03\/2016-TCC-Andre-Holiver-e-Marcelo-300x196.png\" class=\"attachment-medium size-medium\" alt=\"\" aria-describedby=\"gallery-2-60\" srcset=\"https:\/\/site.ifes.edu.br\/nucep\/wp-content\/uploads\/sites\/20\/2025\/03\/2016-TCC-Andre-Holiver-e-Marcelo-300x196.png 300w, https:\/\/site.ifes.edu.br\/nucep\/wp-content\/uploads\/sites\/20\/2025\/03\/2016-TCC-Andre-Holiver-e-Marcelo.png 554w\" sizes=\"(max-width: 300px) 100vw, 300px\" \/><\/a>\n\t\t\t<\/div>\n\t\t\t\t<figcaption class='wp-caption-text gallery-caption' id='gallery-2-60'>\n\t\t\t\tDefesas de TCC Andr\u00e9, H\u00f3liver e Marcelo (2016)\n\t\t\t\t<\/figcaption><\/figure><figure class='gallery-item'>\n\t\t\t<div class='gallery-icon landscape'>\n\t\t\t\t<a href='https:\/\/site.ifes.edu.br\/nucep\/inicio\/galeria\/2017-tcc-aline-e-jordana\/'><img loading=\"lazy\" decoding=\"async\" width=\"300\" height=\"194\" src=\"https:\/\/site.ifes.edu.br\/nucep\/wp-content\/uploads\/sites\/20\/2025\/03\/2017-TCC-Aline-e-jordana-300x194.png\" class=\"attachment-medium size-medium\" alt=\"\" aria-describedby=\"gallery-2-62\" srcset=\"https:\/\/site.ifes.edu.br\/nucep\/wp-content\/uploads\/sites\/20\/2025\/03\/2017-TCC-Aline-e-jordana-300x194.png 300w, https:\/\/site.ifes.edu.br\/nucep\/wp-content\/uploads\/sites\/20\/2025\/03\/2017-TCC-Aline-e-jordana.png 556w\" sizes=\"(max-width: 300px) 100vw, 300px\" \/><\/a>\n\t\t\t<\/div>\n\t\t\t\t<figcaption class='wp-caption-text gallery-caption' id='gallery-2-62'>\n\t\t\t\tDefesas de TCC Aline e Jordana (2017)\n\t\t\t\t<\/figcaption><\/figure><figure class='gallery-item'>\n\t\t\t<div class='gallery-icon landscape'>\n\t\t\t\t<a href='https:\/\/site.ifes.edu.br\/nucep\/inicio\/galeria\/2023-tcc-pedro-bis\/'><img loading=\"lazy\" decoding=\"async\" width=\"300\" height=\"162\" src=\"https:\/\/site.ifes.edu.br\/nucep\/wp-content\/uploads\/sites\/20\/2025\/03\/2023-TCC-Pedro-Bis-300x162.png\" class=\"attachment-medium size-medium\" alt=\"\" aria-describedby=\"gallery-2-64\" srcset=\"https:\/\/site.ifes.edu.br\/nucep\/wp-content\/uploads\/sites\/20\/2025\/03\/2023-TCC-Pedro-Bis-300x162.png 300w, https:\/\/site.ifes.edu.br\/nucep\/wp-content\/uploads\/sites\/20\/2025\/03\/2023-TCC-Pedro-Bis.png 593w\" sizes=\"(max-width: 300px) 100vw, 300px\" \/><\/a>\n\t\t\t<\/div>\n\t\t\t\t<figcaption class='wp-caption-text gallery-caption' id='gallery-2-64'>\n\t\t\t\tDefesa de TCC Pedro Bis (2023)\n\t\t\t\t<\/figcaption><\/figure><figure class='gallery-item'>\n\t\t\t<div class='gallery-icon landscape'>\n\t\t\t\t<a href='https:\/\/site.ifes.edu.br\/nucep\/inicio\/galeria\/2023-tcc-matheus\/'><img loading=\"lazy\" decoding=\"async\" width=\"300\" height=\"177\" src=\"https:\/\/site.ifes.edu.br\/nucep\/wp-content\/uploads\/sites\/20\/2025\/03\/2023-TCC-Matheus-300x177.png\" class=\"attachment-medium size-medium\" alt=\"\" aria-describedby=\"gallery-2-65\" srcset=\"https:\/\/site.ifes.edu.br\/nucep\/wp-content\/uploads\/sites\/20\/2025\/03\/2023-TCC-Matheus-300x177.png 300w, https:\/\/site.ifes.edu.br\/nucep\/wp-content\/uploads\/sites\/20\/2025\/03\/2023-TCC-Matheus.png 604w\" sizes=\"(max-width: 300px) 100vw, 300px\" \/><\/a>\n\t\t\t<\/div>\n\t\t\t\t<figcaption class='wp-caption-text gallery-caption' id='gallery-2-65'>\n\t\t\t\tDefesa de TCC Matheus Campos (2023)\n\t\t\t\t<\/figcaption><\/figure><figure class='gallery-item'>\n\t\t\t<div class='gallery-icon landscape'>\n\t\t\t\t<a href='https:\/\/site.ifes.edu.br\/nucep\/inicio\/galeria\/2023-defesa-mestrado-matheus\/'><img loading=\"lazy\" decoding=\"async\" width=\"300\" height=\"158\" src=\"https:\/\/site.ifes.edu.br\/nucep\/wp-content\/uploads\/sites\/20\/2025\/03\/2023-Defesa-Mestrado-Matheus-300x158.png\" class=\"attachment-medium size-medium\" alt=\"\" aria-describedby=\"gallery-2-63\" srcset=\"https:\/\/site.ifes.edu.br\/nucep\/wp-content\/uploads\/sites\/20\/2025\/03\/2023-Defesa-Mestrado-Matheus-300x158.png 300w, https:\/\/site.ifes.edu.br\/nucep\/wp-content\/uploads\/sites\/20\/2025\/03\/2023-Defesa-Mestrado-Matheus.png 681w\" sizes=\"(max-width: 300px) 100vw, 300px\" \/><\/a>\n\t\t\t<\/div>\n\t\t\t\t<figcaption class='wp-caption-text gallery-caption' id='gallery-2-63'>\n\t\t\t\tDefesa de Mestrado Matheus Alves (2023)\n\t\t\t\t<\/figcaption><\/figure>\n\t\t<\/div>\n\n","protected":false},"excerpt":{"rendered":"<p>Participa\u00e7\u00e3o em Eventos Trabalhos de Conclus\u00e3o<\/p>\n","protected":false},"author":19,"featured_media":0,"parent":39,"menu_order":0,"comment_status":"closed","ping_status":"closed","template":"","meta":{"site-sidebar-layout":"default","site-content-layout":"","ast-site-content-layout":"default","site-content-style":"default","site-sidebar-style":"default","ast-global-header-display":"","ast-banner-title-visibility":"","ast-main-header-display":"","ast-hfb-above-header-display":"","ast-hfb-below-header-display":"","ast-hfb-mobile-header-display":"","site-post-title":"","ast-breadcrumbs-content":"","ast-featured-img":"","footer-sml-layout":"","ast-disable-related-posts":"","theme-transparent-header-meta":"default","adv-header-id-meta":"","stick-header-meta":"","header-above-stick-meta":"","header-main-stick-meta":"","header-below-stick-meta":"","astra-migrate-meta-layouts":"set","ast-page-background-enabled":"default","ast-page-background-meta":{"desktop":{"background-color":"var(--ast-global-color-4)","background-image":"","background-repeat":"repeat","background-position":"center center","background-size":"auto","background-attachment":"scroll","background-type":"","background-media":"","overlay-type":"","overlay-color":"","overlay-opacity":"","overlay-gradient":""},"tablet":{"background-color":"","background-image":"","background-repeat":"repeat","background-position":"center center","background-size":"auto","background-attachment":"scroll","background-type":"","background-media":"","overlay-type":"","overlay-color":"","overlay-opacity":"","overlay-gradient":""},"mobile":{"background-color":"","background-image":"","background-repeat":"repeat","background-position":"center center","background-size":"auto","background-attachment":"scroll","background-type":"","background-media":"","overlay-type":"","overlay-color":"","overlay-opacity":"","overlay-gradient":""}},"ast-content-background-meta":{"desktop":{"background-color":"var(--ast-global-color-5)","background-image":"","background-repeat":"repeat","background-position":"center center","background-size":"auto","background-attachment":"scroll","background-type":"","background-media":"","overlay-type":"","overlay-color":"","overlay-opacity":"","overlay-gradient":""},"tablet":{"background-color":"var(--ast-global-color-5)","background-image":"","background-repeat":"repeat","background-position":"center center","background-size":"auto","background-attachment":"scroll","background-type":"","background-media":"","overlay-type":"","overlay-color":"","overlay-opacity":"","overlay-gradient":""},"mobile":{"background-color":"var(--ast-global-color-5)","background-image":"","background-repeat":"repeat","background-position":"center center","background-size":"auto","background-attachment":"scroll","background-type":"","background-media":"","overlay-type":"","overlay-color":"","overlay-opacity":"","overlay-gradient":""}},"footnotes":""},"class_list":["post-160","page","type-page","status-publish","hentry"],"_links":{"self":[{"href":"https:\/\/site.ifes.edu.br\/nucep\/wp-json\/wp\/v2\/pages\/160"}],"collection":[{"href":"https:\/\/site.ifes.edu.br\/nucep\/wp-json\/wp\/v2\/pages"}],"about":[{"href":"https:\/\/site.ifes.edu.br\/nucep\/wp-json\/wp\/v2\/types\/page"}],"author":[{"embeddable":true,"href":"https:\/\/site.ifes.edu.br\/nucep\/wp-json\/wp\/v2\/users\/19"}],"replies":[{"embeddable":true,"href":"https:\/\/site.ifes.edu.br\/nucep\/wp-json\/wp\/v2\/comments?post=160"}],"version-history":[{"count":6,"href":"https:\/\/site.ifes.edu.br\/nucep\/wp-json\/wp\/v2\/pages\/160\/revisions"}],"predecessor-version":[{"id":591,"href":"https:\/\/site.ifes.edu.br\/nucep\/wp-json\/wp\/v2\/pages\/160\/revisions\/591"}],"up":[{"embeddable":true,"href":"https:\/\/site.ifes.edu.br\/nucep\/wp-json\/wp\/v2\/pages\/39"}],"wp:attachment":[{"href":"https:\/\/site.ifes.edu.br\/nucep\/wp-json\/wp\/v2\/media?parent=160"}],"curies":[{"name":"wp","href":"https:\/\/api.w.org\/{rel}","templated":true}]}}