{"id":151,"date":"2025-04-03T15:29:57","date_gmt":"2025-04-03T18:29:57","guid":{"rendered":"https:\/\/site.ifes.edu.br\/nucep\/?page_id=151"},"modified":"2025-05-22T14:58:42","modified_gmt":"2025-05-22T17:58:42","slug":"colaboradores","status":"publish","type":"page","link":"https:\/\/site.ifes.edu.br\/nucep\/equipe\/colaboradores\/","title":{"rendered":"Colaboradores"},"content":{"rendered":"<h5 dir=\"ltr\">Ayrton Cavallini Zotelle (Me.)<\/h5>\n<p dir=\"ltr\"><img decoding=\"async\" class=\"alignleft wp-image-158\" src=\"https:\/\/site.ifes.edu.br\/nucep\/wp-content\/uploads\/sites\/20\/2025\/04\/Captura-de-Tela-2025-03-09-as-13.25.21.png\" alt=\"\" width=\"140\" height=\"140\" srcset=\"https:\/\/site.ifes.edu.br\/nucep\/wp-content\/uploads\/sites\/20\/2025\/04\/Captura-de-Tela-2025-03-09-as-13.25.21.png 298w, https:\/\/site.ifes.edu.br\/nucep\/wp-content\/uploads\/sites\/20\/2025\/04\/Captura-de-Tela-2025-03-09-as-13.25.21-150x150.png 150w\" sizes=\"(max-width: 140px) 100vw, 140px\" \/>Graduado em Engenharia Mec\u00e2nica pelo Instituto Federal de Educa\u00e7\u00e3o, Ci\u00eancia e Tecnologia do Esp\u00edrito Santo (IFES), com conclus\u00e3o em 2021. Mestrado em Engenharia Mec\u00e2nica pelo Programa de P\u00f3s-Gradua\u00e7\u00e3o em Engenharia Mec\u00e2nica (PPGEM) da Universidade Federal do Esp\u00edrito Santo (UFES) em 2023 e, neste momento, doutorando no Programa de P\u00f3s-Gradua\u00e7\u00e3o em Engenharia Mec\u00e2nica e Materiais (PPGEM) da Universidade Tecnol\u00f3gica Federal do Paran\u00e1 (UTFPR). Entre 2021 e 2022, atuei como professor substituto no IFES, e atualmente vinculado ao Centro Federal de Educa\u00e7\u00e3o Tecnol\u00f3gica Celso Suckow da Fonseca (CEFET\/RJ) no cargo de professor. Al\u00e9m disso, exer\u00e7o a fun\u00e7\u00e3o de engenheiro pesquisador no Centro de Pesquisas em Reologia e Fluidos N\u00e3o Newtonianos (CERNN) da UTFPR, e atuo como pesquisador no Grupo de Pesquisa em Mec\u00e2nica dos Fluidos do IFES campus S\u00e3o Mateus. Experi\u00eancias profissionais voltadas \u00e0 Engenharia Mec\u00e2nica, com \u00eanfase em Mec\u00e2nica dos Fluidos e Din\u00e2mica de Fluidos Computacional (CFD), com conhecimento em Ansys, OpenFOAM e Basilisk. Minhas principais \u00e1reas de pesquisa incluem automa\u00e7\u00e3o e controle de processos, mec\u00e2nica dos fluidos e fen\u00f4menos de transporte. Minha trajet\u00f3ria abrange a investiga\u00e7\u00e3o de processos din\u00e2micos em sistemas complexos, com foco em otimiza\u00e7\u00e3o de efici\u00eancia e aplica\u00e7\u00e3o de tecnologias avan\u00e7adas, especialmente voltadas para a ind\u00fastria e inova\u00e7\u00e3o tecnol\u00f3gica, recupera\u00e7\u00e3o avan\u00e7ada de reservat\u00f3rios de petr\u00f3leo, incrusta\u00e7\u00e3o de sais inorg\u00e2nicos em elementos de completa\u00e7\u00e3o.<\/p>\n<p><a href=\"http:\/\/lattes.cnpq.br\/6101227954769375\">Curr\u00edculo Lattes<\/a>\u00a0E-mail<\/p>\n<hr \/>\n<h5 dir=\"ltr\">Daniel da Cunha Ribeiro (Dr.)<\/h5>\n<p dir=\"ltr\"><img decoding=\"async\" class=\"alignleft wp-image-157\" src=\"https:\/\/site.ifes.edu.br\/nucep\/wp-content\/uploads\/sites\/20\/2025\/04\/Daniel-300x300.jpeg\" alt=\"\" width=\"140\" height=\"140\" srcset=\"https:\/\/site.ifes.edu.br\/nucep\/wp-content\/uploads\/sites\/20\/2025\/04\/Daniel-300x300.jpeg 300w, https:\/\/site.ifes.edu.br\/nucep\/wp-content\/uploads\/sites\/20\/2025\/04\/Daniel-1024x1024.jpeg 1024w, https:\/\/site.ifes.edu.br\/nucep\/wp-content\/uploads\/sites\/20\/2025\/04\/Daniel-150x150.jpeg 150w, https:\/\/site.ifes.edu.br\/nucep\/wp-content\/uploads\/sites\/20\/2025\/04\/Daniel-768x768.jpeg 768w, https:\/\/site.ifes.edu.br\/nucep\/wp-content\/uploads\/sites\/20\/2025\/04\/Daniel.jpeg 1081w\" sizes=\"(max-width: 140px) 100vw, 140px\" \/>Professor Associado do curso de Engenharia de Petr\u00f3leo da Universidade Federal do Esp\u00edrito Santo, campus S\u00e3o Mateus. Possui gradua\u00e7\u00e3o em Engenharia Qu\u00edmica pela Universidade Federal do Rio de Janeiro (1998). A partir do Mestrado em Engenharia Qu\u00edmica pela Universidade Estadual de Campinas passou a atuar na \u00e1rea de Mec\u00e2nica dos Fluidos Computacional (CFD), com \u00eanfase em Escoamentos Multif\u00e1sicos na de Petr\u00f3leo e G\u00e1s. Na Universidade Federal de Santa Catarina (UFSC) doutorou-se em Engenharia Qu\u00edmica na \u00e1rea de Mec\u00e2nica dos Fluidos Computacional com \u00eanfase em tanques agitados. Foi consultor t\u00e9cnico da ESSS por 9 anos. Atua principalmente nos seguintes temas: modelagem num\u00e9rica e experimental de escoamento multif\u00e1sicos, separa\u00e7\u00e3o de fluidos e mec\u00e2nica dos fluidos computacional. Membro do Comit\u00ea Gestor do ANP-PRH 53.1 da UFES.<\/p>\n<p><a href=\"http:\/\/lattes.cnpq.br\/8563308324482367\">Curr\u00edculo Lattes<\/a>\u00a0E-mail<\/p>\n<hr \/>\n<h5 dir=\"ltr\">F\u00e1bio de Assis Ressel Pereira (Dr.)<\/h5>\n<p dir=\"ltr\"><img decoding=\"async\" class=\"alignleft wp-image-156\" src=\"https:\/\/site.ifes.edu.br\/nucep\/wp-content\/uploads\/sites\/20\/2025\/04\/Fabio-300x300.jpeg\" alt=\"\" width=\"140\" height=\"140\" srcset=\"https:\/\/site.ifes.edu.br\/nucep\/wp-content\/uploads\/sites\/20\/2025\/04\/Fabio-300x300.jpeg 300w, https:\/\/site.ifes.edu.br\/nucep\/wp-content\/uploads\/sites\/20\/2025\/04\/Fabio-1024x1024.jpeg 1024w, https:\/\/site.ifes.edu.br\/nucep\/wp-content\/uploads\/sites\/20\/2025\/04\/Fabio-150x150.jpeg 150w, https:\/\/site.ifes.edu.br\/nucep\/wp-content\/uploads\/sites\/20\/2025\/04\/Fabio-768x768.jpeg 768w, https:\/\/site.ifes.edu.br\/nucep\/wp-content\/uploads\/sites\/20\/2025\/04\/Fabio.jpeg 1280w\" sizes=\"(max-width: 140px) 100vw, 140px\" \/>Doutor em Engenharia Qu\u00edmica pela Universidade Federal de Uberl\u00e2ndia (2006). Atualmente \u00e9 professor Adjunto da Universidade Federal do Esp\u00edrito Santo, lotado no Departamento de Tecnologia Industrial. Professor permanente do Programa de P\u00f3s-Gradua\u00e7\u00e3o em Energia, desenvolvendo atividades de ensino e pesquisa nas \u00e1reas de Tecnologia de Po\u00e7os e Garantia de Escoamento.<\/p>\n<p><a href=\"http:\/\/lattes.cnpq.br\/5476118728173549\">Curr\u00edculo Lattes<\/a>\u00a0E-mail<\/p>\n<hr \/>\n<h5 dir=\"ltr\">Jo\u00e3o Victor Lopes Marchiori (B. Eng.)<\/h5>\n<p dir=\"ltr\"><img loading=\"lazy\" decoding=\"async\" class=\"alignleft wp-image-155\" src=\"https:\/\/site.ifes.edu.br\/nucep\/wp-content\/uploads\/sites\/20\/2025\/04\/Captura-de-Tela-2025-03-09-as-13.25.38.png\" alt=\"\" width=\"140\" height=\"140\" srcset=\"https:\/\/site.ifes.edu.br\/nucep\/wp-content\/uploads\/sites\/20\/2025\/04\/Captura-de-Tela-2025-03-09-as-13.25.38.png 300w, https:\/\/site.ifes.edu.br\/nucep\/wp-content\/uploads\/sites\/20\/2025\/04\/Captura-de-Tela-2025-03-09-as-13.25.38-150x150.png 150w\" sizes=\"(max-width: 140px) 100vw, 140px\" \/>Graduado em Engenharia Mec\u00e2nica pelo Instituto Federal de Educa\u00e7\u00e3o, Ci\u00eancia e Tecnologia do Esp\u00edrito Santo (IFES). Tem experi\u00eancia na \u00e1rea de Engenharia Mec\u00e2nica, com \u00eanfase em Mec\u00e2nica dos Fluidos e Din\u00e2mica de Fluidos Computacional (CFD), atuando principalmente nos seguintes temas: Incrusta\u00e7\u00e3o de sais inorg\u00e2nicos em elementos de completa\u00e7\u00e3o em po\u00e7os de petr\u00f3leo e pesquisas nas \u00e1reas de aerodin\u00e2mica e turbul\u00eancia voltada para aplica\u00e7\u00f5es aeron\u00e1uticas. Atualmente atua como Engenheiro de CFD na Wikki Brasil, realizando simula\u00e7\u00f5es computacionais para a engenharia de po\u00e7os da Petrobras. Mestrado em Engenharia Mec\u00e2nica (\u00canfase em Fluidos) em andamento pela Universidade T\u00e9cnol\u00f3gica Federal do Paran\u00e1 (UTFPR), fazendo parte do Centro de Pesquisas em Reologia e Fluidos N\u00e3o Newtonianos (CERNN).<\/p>\n<p><a href=\"http:\/\/lattes.cnpq.br\/8963642294170883\">Curr\u00edculo Lattes<\/a>\u00a0E-mail<\/p>\n<hr \/>\n<h5 dir=\"ltr\">Marcelo Silveira Bacelos (Dr.)<\/h5>\n<p dir=\"ltr\"><img loading=\"lazy\" decoding=\"async\" class=\"alignleft wp-image-154\" src=\"https:\/\/site.ifes.edu.br\/nucep\/wp-content\/uploads\/sites\/20\/2025\/04\/Marcelo-300x300.jpeg\" alt=\"\" width=\"140\" height=\"140\" srcset=\"https:\/\/site.ifes.edu.br\/nucep\/wp-content\/uploads\/sites\/20\/2025\/04\/Marcelo-300x300.jpeg 300w, https:\/\/site.ifes.edu.br\/nucep\/wp-content\/uploads\/sites\/20\/2025\/04\/Marcelo-1024x1024.jpeg 1024w, https:\/\/site.ifes.edu.br\/nucep\/wp-content\/uploads\/sites\/20\/2025\/04\/Marcelo-150x150.jpeg 150w, https:\/\/site.ifes.edu.br\/nucep\/wp-content\/uploads\/sites\/20\/2025\/04\/Marcelo-768x768.jpeg 768w, https:\/\/site.ifes.edu.br\/nucep\/wp-content\/uploads\/sites\/20\/2025\/04\/Marcelo.jpeg 1269w\" sizes=\"(max-width: 140px) 100vw, 140px\" \/>Formou-se em Engenharia Qu\u00edmica pela FURG em 1999 e, posteriormente, ingressou no Programa de P\u00f3s-Gradua\u00e7\u00e3o em Engenharia Qu\u00edmica da UFSCar, onde obteve o t\u00edtulo de Mestre em 2002 (bolsista CNPq) e Doutor em 2006 (bolsista CAPES). Realizou pesquisa de p\u00f3s-doutorado no Departamento de Engenharia Qu\u00edmica da UFSCar entre 2006 e 2008, com bolsa FAPESP. Em agosto de 2008, iniciou sua carreira no magist\u00e9rio superior como Professor Adjunto no extinto Departamento de Engenharia e Ci\u00eancias Exatas (DECE) da UFES, no campus provis\u00f3rio de S\u00e3o Mateus\/ES. Atuou como Membro Titular da C\u00e2mara de Assessoramento da FAPES entre 2010 e 2014. Em 2016, realizou p\u00f3s-doutorado no Illinois Institute of Technology, em Chicago, EUA. Foi Coordenador do Programa de P\u00f3s-Gradua\u00e7\u00e3o em Energia (PPGEN) nos per\u00edodos de 2014-2015 e 2019-2023. Atualmente, \u00e9 Professor Titular do Departamento de Engenharia e Tecnologia da UFES, onde ministra disciplinas de Fen\u00f4menos de Transporte nos cursos de gradua\u00e7\u00e3o em Engenharia Qu\u00edmica e Engenharia de Produ\u00e7\u00e3o. Desde 2011, \u00e9 membro permanente do PPGEN\/UFES, onde leciona as disciplinas de Semin\u00e1rios em Efici\u00eancia Energ\u00e9tica e Tecnologias para Produ\u00e7\u00e3o de Combust\u00edveis nos cursos de Mestrado e Doutorado. Desde 2023, \u00e9 bolsista de Produtividade em Pesquisa (BPC-PQ) da FAPES. Suas pesquisas concentram-se na produ\u00e7\u00e3o de combust\u00edveis derivados de res\u00edduos em reatores de leito de jorro (ou fluidizados) e na recupera\u00e7\u00e3o de fra\u00e7\u00f5es l\u00edquidas de g\u00e1s natural por meio de processos de resfriamento.<\/p>\n<p><a href=\"http:\/\/lattes.cnpq.br\/3741207242086712\">Curr\u00edculo Lattes<\/a>\u00a0E-mail<\/p>\n<hr \/>\n<h5 dir=\"ltr\">Rodrigo Prando Pedroni (B. Eng.)<\/h5>\n<p dir=\"ltr\"><img loading=\"lazy\" decoding=\"async\" class=\"alignleft wp-image-153\" src=\"https:\/\/site.ifes.edu.br\/nucep\/wp-content\/uploads\/sites\/20\/2025\/04\/Captura-de-Tela-2025-03-09-as-13.25.51.png\" alt=\"\" width=\"140\" height=\"140\" srcset=\"https:\/\/site.ifes.edu.br\/nucep\/wp-content\/uploads\/sites\/20\/2025\/04\/Captura-de-Tela-2025-03-09-as-13.25.51.png 294w, https:\/\/site.ifes.edu.br\/nucep\/wp-content\/uploads\/sites\/20\/2025\/04\/Captura-de-Tela-2025-03-09-as-13.25.51-150x150.png 150w\" sizes=\"(max-width: 140px) 100vw, 140px\" \/>Possui gradua\u00e7\u00e3o em Engenharia Mec\u00e2nica pelo Instituto Federal de Educa\u00e7\u00e3o, Ci\u00eancia e Tecnologia do Esp\u00edrito Santo (2024). Atuando com implementa\u00e7\u00e3o num\u00e9rica no Fluent e OpenFOAM, principalmente nos seguintes temas: Calcium Carbonate Scaling, Computational Fluid Dynamics, Porous Media e Discrete Phase Model.<\/p>\n<p><a href=\"http:\/\/lattes.cnpq.br\/2950710275033244\">Curr\u00edculo Lattes<\/a>\u00a0E-mail<\/p>\n<p>&nbsp;<\/p>\n<hr \/>\n<h5 dir=\"ltr\">Rodrigo Sim\u00f5es Maciel (Me.)<\/h5>\n<p dir=\"ltr\"><img loading=\"lazy\" decoding=\"async\" class=\"alignleft wp-image-152\" src=\"https:\/\/site.ifes.edu.br\/nucep\/wp-content\/uploads\/sites\/20\/2025\/04\/Captura-de-Tela-2025-03-09-as-13.55.18.png\" alt=\"\" width=\"140\" height=\"140\" \/>Rodrigo Sim\u00f5es Maciel \u00e9 doutorando em Engenharia Mec\u00e2nica pela Universidade Federal do Esp\u00edrito Santo (UFES) desde 2020, com foco em garantia de escoamento, dep\u00f3sitos inorg\u00e2nicos, din\u00e2mica dos fluidos e modelagem e simula\u00e7\u00e3o num\u00e9rica computacional.<\/p>\n<p><a href=\"http:\/\/lattes.cnpq.br\/5898101623873773\">Curr\u00edculo Lattes<\/a>\u00a0E-mail<\/p>\n","protected":false},"excerpt":{"rendered":"<p>Ayrton Cavallini Zotelle (Me.) Graduado em Engenharia Mec\u00e2nica pelo Instituto Federal de Educa\u00e7\u00e3o, Ci\u00eancia e Tecnologia do Esp\u00edrito Santo (IFES), [&hellip;]<\/p>\n","protected":false},"author":19,"featured_media":0,"parent":117,"menu_order":0,"comment_status":"closed","ping_status":"closed","template":"","meta":{"site-sidebar-layout":"default","site-content-layout":"","ast-site-content-layout":"default","site-content-style":"default","site-sidebar-style":"default","ast-global-header-display":"","ast-banner-title-visibility":"","ast-main-header-display":"","ast-hfb-above-header-display":"","ast-hfb-below-header-display":"","ast-hfb-mobile-header-display":"","site-post-title":"","ast-breadcrumbs-content":"","ast-featured-img":"","footer-sml-layout":"","ast-disable-related-posts":"","theme-transparent-header-meta":"default","adv-header-id-meta":"","stick-header-meta":"","header-above-stick-meta":"","header-main-stick-meta":"","header-below-stick-meta":"","astra-migrate-meta-layouts":"set","ast-page-background-enabled":"default","ast-page-background-meta":{"desktop":{"background-color":"var(--ast-global-color-4)","background-image":"","background-repeat":"repeat","background-position":"center center","background-size":"auto","background-attachment":"scroll","background-type":"","background-media":"","overlay-type":"","overlay-color":"","overlay-opacity":"","overlay-gradient":""},"tablet":{"background-color":"","background-image":"","background-repeat":"repeat","background-position":"center center","background-size":"auto","background-attachment":"scroll","background-type":"","background-media":"","overlay-type":"","overlay-color":"","overlay-opacity":"","overlay-gradient":""},"mobile":{"background-color":"","background-image":"","background-repeat":"repeat","background-position":"center center","background-size":"auto","background-attachment":"scroll","background-type":"","background-media":"","overlay-type":"","overlay-color":"","overlay-opacity":"","overlay-gradient":""}},"ast-content-background-meta":{"desktop":{"background-color":"var(--ast-global-color-5)","background-image":"","background-repeat":"repeat","background-position":"center center","background-size":"auto","background-attachment":"scroll","background-type":"","background-media":"","overlay-type":"","overlay-color":"","overlay-opacity":"","overlay-gradient":""},"tablet":{"background-color":"var(--ast-global-color-5)","background-image":"","background-repeat":"repeat","background-position":"center center","background-size":"auto","background-attachment":"scroll","background-type":"","background-media":"","overlay-type":"","overlay-color":"","overlay-opacity":"","overlay-gradient":""},"mobile":{"background-color":"var(--ast-global-color-5)","background-image":"","background-repeat":"repeat","background-position":"center center","background-size":"auto","background-attachment":"scroll","background-type":"","background-media":"","overlay-type":"","overlay-color":"","overlay-opacity":"","overlay-gradient":""}},"footnotes":""},"class_list":["post-151","page","type-page","status-publish","hentry"],"_links":{"self":[{"href":"https:\/\/site.ifes.edu.br\/nucep\/wp-json\/wp\/v2\/pages\/151"}],"collection":[{"href":"https:\/\/site.ifes.edu.br\/nucep\/wp-json\/wp\/v2\/pages"}],"about":[{"href":"https:\/\/site.ifes.edu.br\/nucep\/wp-json\/wp\/v2\/types\/page"}],"author":[{"embeddable":true,"href":"https:\/\/site.ifes.edu.br\/nucep\/wp-json\/wp\/v2\/users\/19"}],"replies":[{"embeddable":true,"href":"https:\/\/site.ifes.edu.br\/nucep\/wp-json\/wp\/v2\/comments?post=151"}],"version-history":[{"count":5,"href":"https:\/\/site.ifes.edu.br\/nucep\/wp-json\/wp\/v2\/pages\/151\/revisions"}],"predecessor-version":[{"id":629,"href":"https:\/\/site.ifes.edu.br\/nucep\/wp-json\/wp\/v2\/pages\/151\/revisions\/629"}],"up":[{"embeddable":true,"href":"https:\/\/site.ifes.edu.br\/nucep\/wp-json\/wp\/v2\/pages\/117"}],"wp:attachment":[{"href":"https:\/\/site.ifes.edu.br\/nucep\/wp-json\/wp\/v2\/media?parent=151"}],"curies":[{"name":"wp","href":"https:\/\/api.w.org\/{rel}","templated":true}]}}