{"id":15,"date":"2025-03-19T13:43:32","date_gmt":"2025-03-19T16:43:32","guid":{"rendered":"https:\/\/site.ifes.edu.br\/nucep\/?page_id=15"},"modified":"2025-06-04T07:52:13","modified_gmt":"2025-06-04T10:52:13","slug":"laboratorios","status":"publish","type":"page","link":"https:\/\/site.ifes.edu.br\/nucep\/laboratorios\/","title":{"rendered":"Laborat\u00f3rios"},"content":{"rendered":"<p><span class=\"C9DxTc \">O\u00a0<\/span><span class=\"C9DxTc \">N<\/span><span class=\"C9DxTc \">UCEP<\/span><span class=\"C9DxTc \">\u00a0<\/span><span class=\"C9DxTc \">\u00e9 composto por cinco laborat\u00f3rios de pesquisa:\u00a0<\/span><a class=\"XqQF9c\" href=\"https:\/\/site.ifes.edu.br\/nucep\/laboratorios\/mecanica-dos-fluidos\/\" target=\"_blank\" rel=\"noopener\"><span class=\"C9DxTc aw5Odc \">Mec\u00e2nica dos Fluidos<\/span><\/a><span class=\"C9DxTc \">,\u00a0<\/span><a class=\"XqQF9c\" href=\"https:\/\/site.ifes.edu.br\/nucep\/laboratorios\/reologia\/\" target=\"_blank\" rel=\"noopener\"><span class=\"C9DxTc aw5Odc \">Reologia<\/span><\/a><span class=\"C9DxTc \">,\u00a0<\/span><a class=\"XqQF9c\" href=\"https:\/\/site.ifes.edu.br\/nucep\/laboratorios\/termofluidos\/\" target=\"_blank\" rel=\"noopener\"><span class=\"C9DxTc aw5Odc \">Termofluidos<\/span><\/a><span class=\"C9DxTc \">,\u00a0<\/span><a class=\"XqQF9c\" href=\"https:\/\/site.ifes.edu.br\/nucep\/laboratorios\/proc-fabric-materiais\/\" target=\"_blank\" rel=\"noopener\"><span class=\"C9DxTc aw5Odc \">Processos de Fabrica\u00e7<\/span><span class=\"C9DxTc aw5Odc \">\u00e3o e Materiais<\/span><\/a><span class=\"C9DxTc \">\u00a0e\u00a0<\/span><a class=\"XqQF9c\" href=\"https:\/\/site.ifes.edu.br\/nucep\/laboratorios\/metalografia\/\" target=\"_blank\" rel=\"noopener\"><span class=\"C9DxTc aw5Odc \">Metalografia<\/span><\/a><span class=\"C9DxTc \">.\u00a0<\/span><span class=\"C9DxTc \">Esta estrutura permite ao<\/span><span class=\"C9DxTc \">\u00a0NUCEP desenvolv<\/span><span class=\"C9DxTc \">er<\/span><span class=\"C9DxTc \">\u00a0de pesquisa b\u00e1sica e aplicada, que contribuam para o avan\u00e7o cient\u00edfico, tecnol\u00f3gico e sustent\u00e1vel da engenharia do petr\u00f3leo.<\/span><\/p>\n<p>&nbsp;<\/p>\n<p>&nbsp;<\/p>\n<p><a href=\"https:\/\/site.ifes.edu.br\/nucep\/wp-content\/uploads\/sites\/20\/2025\/06\/NORMAS_E_REGRAS_do_LPMF_assinado.pdf\" target=\"_blank\" rel=\"noopener\"><strong>NORMAS E REGRAS GERAIS DE FUNCIONAMENTO E UTILIZA\u00c7\u00c3O DO LABORAT\u00d3RIO MULTIUSU\u00c1RIOS <\/strong><\/a><\/p>\n","protected":false},"excerpt":{"rendered":"<p>O\u00a0NUCEP\u00a0\u00e9 composto por cinco laborat\u00f3rios de pesquisa:\u00a0Mec\u00e2nica dos Fluidos,\u00a0Reologia,\u00a0Termofluidos,\u00a0Processos de Fabrica\u00e7\u00e3o e Materiais\u00a0e\u00a0Metalografia.\u00a0Esta estrutura permite ao\u00a0NUCEP desenvolver\u00a0de pesquisa b\u00e1sica e [&hellip;]<\/p>\n","protected":false},"author":19,"featured_media":0,"parent":0,"menu_order":0,"comment_status":"closed","ping_status":"closed","template":"","meta":{"site-sidebar-layout":"default","site-content-layout":"","ast-site-content-layout":"default","site-content-style":"default","site-sidebar-style":"default","ast-global-header-display":"","ast-banner-title-visibility":"","ast-main-header-display":"","ast-hfb-above-header-display":"","ast-hfb-below-header-display":"","ast-hfb-mobile-header-display":"","site-post-title":"","ast-breadcrumbs-content":"","ast-featured-img":"","footer-sml-layout":"","ast-disable-related-posts":"","theme-transparent-header-meta":"default","adv-header-id-meta":"","stick-header-meta":"","header-above-stick-meta":"","header-main-stick-meta":"","header-below-stick-meta":"","astra-migrate-meta-layouts":"set","ast-page-background-enabled":"default","ast-page-background-meta":{"desktop":{"background-color":"var(--ast-global-color-4)","background-image":"","background-repeat":"repeat","background-position":"center center","background-size":"auto","background-attachment":"scroll","background-type":"","background-media":"","overlay-type":"","overlay-color":"","overlay-opacity":"","overlay-gradient":""},"tablet":{"background-color":"","background-image":"","background-repeat":"repeat","background-position":"center center","background-size":"auto","background-attachment":"scroll","background-type":"","background-media":"","overlay-type":"","overlay-color":"","overlay-opacity":"","overlay-gradient":""},"mobile":{"background-color":"","background-image":"","background-repeat":"repeat","background-position":"center center","background-size":"auto","background-attachment":"scroll","background-type":"","background-media":"","overlay-type":"","overlay-color":"","overlay-opacity":"","overlay-gradient":""}},"ast-content-background-meta":{"desktop":{"background-color":"var(--ast-global-color-5)","background-image":"","background-repeat":"repeat","background-position":"center center","background-size":"auto","background-attachment":"scroll","background-type":"","background-media":"","overlay-type":"","overlay-color":"","overlay-opacity":"","overlay-gradient":""},"tablet":{"background-color":"var(--ast-global-color-5)","background-image":"","background-repeat":"repeat","background-position":"center center","background-size":"auto","background-attachment":"scroll","background-type":"","background-media":"","overlay-type":"","overlay-color":"","overlay-opacity":"","overlay-gradient":""},"mobile":{"background-color":"var(--ast-global-color-5)","background-image":"","background-repeat":"repeat","background-position":"center center","background-size":"auto","background-attachment":"scroll","background-type":"","background-media":"","overlay-type":"","overlay-color":"","overlay-opacity":"","overlay-gradient":""}},"footnotes":""},"class_list":["post-15","page","type-page","status-publish","hentry"],"_links":{"self":[{"href":"https:\/\/site.ifes.edu.br\/nucep\/wp-json\/wp\/v2\/pages\/15"}],"collection":[{"href":"https:\/\/site.ifes.edu.br\/nucep\/wp-json\/wp\/v2\/pages"}],"about":[{"href":"https:\/\/site.ifes.edu.br\/nucep\/wp-json\/wp\/v2\/types\/page"}],"author":[{"embeddable":true,"href":"https:\/\/site.ifes.edu.br\/nucep\/wp-json\/wp\/v2\/users\/19"}],"replies":[{"embeddable":true,"href":"https:\/\/site.ifes.edu.br\/nucep\/wp-json\/wp\/v2\/comments?post=15"}],"version-history":[{"count":5,"href":"https:\/\/site.ifes.edu.br\/nucep\/wp-json\/wp\/v2\/pages\/15\/revisions"}],"predecessor-version":[{"id":667,"href":"https:\/\/site.ifes.edu.br\/nucep\/wp-json\/wp\/v2\/pages\/15\/revisions\/667"}],"wp:attachment":[{"href":"https:\/\/site.ifes.edu.br\/nucep\/wp-json\/wp\/v2\/media?parent=15"}],"curies":[{"name":"wp","href":"https:\/\/api.w.org\/{rel}","templated":true}]}}