{"id":141,"date":"2025-04-03T15:25:23","date_gmt":"2025-04-03T18:25:23","guid":{"rendered":"https:\/\/site.ifes.edu.br\/nucep\/?page_id=141"},"modified":"2025-09-15T10:43:43","modified_gmt":"2025-09-15T13:43:43","slug":"iniciacao-cientifica","status":"publish","type":"page","link":"https:\/\/site.ifes.edu.br\/nucep\/equipe\/discentes\/iniciacao-cientifica\/","title":{"rendered":"Inicia\u00e7\u00e3o Cient\u00edfica"},"content":{"rendered":"<h5 class=\"nome\">Caio Monteiro Rosa<\/h5>\n<p><img decoding=\"async\" class=\"alignleft\" src=\"http:\/\/servicosweb.cnpq.br\/wspessoa\/servletrecuperafoto?tipo=1&amp;id=K1593770H7\" width=\"140\" height=\"303\" \/><\/p>\n<p>Graduando em Engenharia Mec\u00e2nica pelo Instituto Federal do Esp\u00edrito Santo (IFES) Campus S\u00e3o Mateus. Concluiu o Ensino M\u00e9dio integrado ao curso t\u00e9cnico em Minera\u00e7\u00e3o no IFES Campus Nova Ven\u00e9cia. Possui experi\u00eancia pr\u00e1tica nas \u00e1reas de com\u00e9rcio e mec\u00e2nica, demonstrando versatilidade e iniciativa profissional. Atualmente bolsista no grupo de pesquisa em Mec\u00e2nica dos Fluidos<span class=\"texto\">\u00a0<\/span><\/p>\n<p><a href=\"http:\/\/lattes.cnpq.br\/9144874607941112\" target=\"_blank\" rel=\"noopener\">Curr\u00edculo Lattes<\/a>\u00a0E-mail<\/p>\n<p>&nbsp;<\/p>\n<p>&nbsp;<\/p>\n<p>&nbsp;<\/p>\n<p>&nbsp;<\/p>\n<hr \/>\n<h5 dir=\"ltr\">Heitor Dassie<\/h5>\n<p dir=\"ltr\"><img decoding=\"async\" class=\"alignleft wp-image-142\" src=\"https:\/\/site.ifes.edu.br\/nucep\/wp-content\/uploads\/sites\/20\/2025\/04\/Heitor-300x300.jpeg\" alt=\"\" width=\"140\" height=\"140\" srcset=\"https:\/\/site.ifes.edu.br\/nucep\/wp-content\/uploads\/sites\/20\/2025\/04\/Heitor-300x300.jpeg 300w, https:\/\/site.ifes.edu.br\/nucep\/wp-content\/uploads\/sites\/20\/2025\/04\/Heitor-150x150.jpeg 150w, https:\/\/site.ifes.edu.br\/nucep\/wp-content\/uploads\/sites\/20\/2025\/04\/Heitor.jpeg 538w\" sizes=\"(max-width: 140px) 100vw, 140px\" \/>Possui curso T\u00e9cnico profissionalizante na \u00e1rea de Mec\u00e2nica pelo Instituto Federal do Esp\u00edrito Santo, Campus S\u00e3o Mateus, conclu\u00eddo em 2024. Agora, graduando em Engenharia Mec\u00e2nica pelo Instituto Federal do Esp\u00edrito Santo, Campus S\u00e3o Mateus e atualmente bolsista no grupo de pesquisa em Mec\u00e2nica dos Fluidos.<\/p>\n<p><a href=\"http:\/\/lattes.cnpq.br\/9012674097533864\" target=\"_blank\" rel=\"noopener\">Curr\u00edculo Lattes<\/a>\u00a0E-mail<\/p>\n<p>&nbsp;<\/p>\n<hr \/>\n<h5 dir=\"ltr\">Jo\u00e3o Pedro Calazans Passos<\/h5>\n<p dir=\"ltr\"><img decoding=\"async\" class=\"alignleft wp-image-123\" src=\"https:\/\/site.ifes.edu.br\/nucep\/wp-content\/uploads\/sites\/20\/2025\/04\/Captura-de-Tela-2025-03-09-as-07.53.36.png\" alt=\"\" width=\"140\" height=\"140\" srcset=\"https:\/\/site.ifes.edu.br\/nucep\/wp-content\/uploads\/sites\/20\/2025\/04\/Captura-de-Tela-2025-03-09-as-07.53.36.png 290w, https:\/\/site.ifes.edu.br\/nucep\/wp-content\/uploads\/sites\/20\/2025\/04\/Captura-de-Tela-2025-03-09-as-07.53.36-150x150.png 150w\" sizes=\"(max-width: 140px) 100vw, 140px\" \/>Jo\u00e3o Pedro Calazans Passos \u00e9 graduando em Engenharia Mec\u00e2nica pelo Instituto Federal do Esp\u00edrito Santo (IFES), onde tamb\u00e9m concluiu o curso t\u00e9cnico concomitante em Mec\u00e2nica. Ele iniciou sua forma\u00e7\u00e3o na Escola Estadual Ceciliano Abel de Almeida. Durante sua trajet\u00f3ria acad\u00eamica, se envolveu em projetos de extens\u00e3o, como integrante do projeto Samabaja, nos anos de 2023 e 2024, focado na constru\u00e7\u00e3o de um ve\u00edculo off-road para competir na SAE Brasil. E atualmente integra o Grupo de Pesquisa em Mec\u00e2nica dos Fluidos (GPMF).<\/p>\n<p><a href=\"http:\/\/lattes.cnpq.br\/5344557647974875\" target=\"_blank\" rel=\"noopener\">Curr\u00edculo Lattes<\/a>\u00a0E-mail<\/p>\n<hr \/>\n<h5 class=\"nome\">Joaquim Souza Lobo Neto<\/h5>\n<p><img loading=\"lazy\" decoding=\"async\" class=\"alignleft\" src=\"http:\/\/servicosweb.cnpq.br\/wspessoa\/servletrecuperafoto?tipo=1&amp;id=K1578669J1\" width=\"140\" height=\"180\" \/><\/p>\n<p>Possui ensino m\u00e9dio segundo grau pelo Col\u00e9gio InPacto (ES)(2023). Atualmente \u00e9 Graduando em Engenharia Mec\u00e2nica pelo Instituto Federal do Esp\u00edrito Santo e bolsista no grupo de pesquisa em Mec\u00e2nica dos Fluidos.<\/p>\n<p><a href=\"http:\/\/lattes.cnpq.br\/4160185803100665\" target=\"_blank\" rel=\"noopener\">Curr\u00edculo Lattes<\/a>\u00a0E-mail<\/p>\n<p>&nbsp;<\/p>\n<p>&nbsp;<\/p>\n<hr \/>\n<h5 dir=\"ltr\">Leonardo Vinicius Coitinho Clarindo<\/h5>\n<p dir=\"ltr\"><img loading=\"lazy\" decoding=\"async\" class=\"alignleft wp-image-124\" src=\"https:\/\/site.ifes.edu.br\/nucep\/wp-content\/uploads\/sites\/20\/2025\/04\/Captura-de-Tela-2025-03-09-as-07.53.27.png\" alt=\"\" width=\"140\" height=\"140\" srcset=\"https:\/\/site.ifes.edu.br\/nucep\/wp-content\/uploads\/sites\/20\/2025\/04\/Captura-de-Tela-2025-03-09-as-07.53.27.png 292w, https:\/\/site.ifes.edu.br\/nucep\/wp-content\/uploads\/sites\/20\/2025\/04\/Captura-de-Tela-2025-03-09-as-07.53.27-150x150.png 150w\" sizes=\"(max-width: 140px) 100vw, 140px\" \/>Graduando em Engenharia Mec\u00e2nica no Instituto Federal do Esp\u00edrito Santo (IFES) e atualmente bolsista no grupo de pesquisa em Mec\u00e2nica dos Fluidos. Desenvolve estudos na \u00e1rea de escoamento multif\u00e1sico, com foco em modelagem num\u00e9rica e an\u00e1lise de fluidos complexos.<\/p>\n<p><a href=\"http:\/\/lattes.cnpq.br\/6165694164968405\" target=\"_blank\" rel=\"noopener\">Curr\u00edculo Lattes<\/a>\u00a0E-mail<\/p>\n<p>&nbsp;<\/p>\n<hr \/>\n<h5 dir=\"ltr\">Nicolas Francisco de Almeida Furtado<\/h5>\n<p dir=\"ltr\"><img loading=\"lazy\" decoding=\"async\" class=\"alignleft wp-image-125\" src=\"https:\/\/site.ifes.edu.br\/nucep\/wp-content\/uploads\/sites\/20\/2025\/04\/Captura-de-Tela-2025-03-09-as-07.53.45.png\" alt=\"\" width=\"140\" height=\"140\" srcset=\"https:\/\/site.ifes.edu.br\/nucep\/wp-content\/uploads\/sites\/20\/2025\/04\/Captura-de-Tela-2025-03-09-as-07.53.45.png 292w, https:\/\/site.ifes.edu.br\/nucep\/wp-content\/uploads\/sites\/20\/2025\/04\/Captura-de-Tela-2025-03-09-as-07.53.45-150x150.png 150w\" sizes=\"(max-width: 140px) 100vw, 140px\" \/>Graduando em Engenharia Mec\u00e2nica no Instituto Federal de Educa\u00e7\u00e3o, Ci\u00eancia e Tecnologia do Esp\u00edrito Santo (IFES) Campus S\u00e3o Mateus. Concluiu o ensino m\u00e9dio na Escola Estadual de Ensino Fundamental e M\u00e9dio (EEEFM) Job Pimentel. Atualmente, \u00e9 membro do Grupo de Pesquisa em Mec\u00e2nica dos Fluidos do IFES Campus S\u00e3o Mateus, atuando em projetos relacionados \u00e0 din\u00e2mica dos fluidos, escoamentos multif\u00e1sicos e aplica\u00e7\u00f5es em engenharia. Interesse em pesquisa e desenvolvimento nas \u00e1reas de mec\u00e2nica dos fluidos, termodin\u00e2mica e processos de simula\u00e7\u00e3o computacional.<\/p>\n<p><a href=\"http:\/\/lattes.cnpq.br\/3796243216060869\" target=\"_blank\" rel=\"noopener\">Curr\u00edculo Lattes<\/a>\u00a0E-mail<\/p>\n<hr \/>\n<h5 class=\"nome\">Raquel Moschen Capucho<\/h5>\n<p><img loading=\"lazy\" decoding=\"async\" class=\"alignleft\" src=\"http:\/\/servicosweb.cnpq.br\/wspessoa\/servletrecuperafoto?tipo=1&amp;id=K1574262H5\" width=\"140\" height=\"187\" \/>Possui ensino-medio-segundo-graupela EEEM DOM DANIEL COMBONI. Graduando em Engenharia Mec\u00e2nica no Instituto Federal do Esp\u00edrito Santo (IFES) e atualmente bolsista no grupo de pesquisa em Mec\u00e2nica dos Fluidos.<\/p>\n<p>&nbsp;<\/p>\n<p><a href=\"http:\/\/lattes.cnpq.br\/3391439144692343\" target=\"_blank\" rel=\"noopener\">Curr\u00edculo Lattes<\/a>\u00a0E-mail<\/p>\n<p>&nbsp;<\/p>\n<hr \/>\n<h5 class=\"nome\">Samuel Rebelo Zechinelli<\/h5>\n<p><img loading=\"lazy\" decoding=\"async\" class=\"alignleft\" src=\"http:\/\/servicosweb.cnpq.br\/wspessoa\/servletrecuperafoto?tipo=1&amp;id=K1731389Z8\" alt=\"\" width=\"139\" height=\"183\" \/>Graduando em Engenharia Mec\u00e2nica no Instituto Federal do Esp\u00edrito Santo (IFES) e atualmente bolsista no grupo de pesquisa em Mec\u00e2nica dos Fluidos. Com experiencia na \u00e1rea de mec\u00e2nica t\u00e9cnica.<\/p>\n<p>&nbsp;<\/p>\n<p><a href=\"http:\/\/lattes.cnpq.br\/3400479337719072\" target=\"_blank\" rel=\"noopener\">Curr\u00edculo Lattes<\/a>\u00a0E-mail<\/p>\n","protected":false},"excerpt":{"rendered":"<p>Caio Monteiro Rosa Graduando em Engenharia Mec\u00e2nica pelo Instituto Federal do Esp\u00edrito Santo (IFES) Campus S\u00e3o Mateus. Concluiu o Ensino [&hellip;]<\/p>\n","protected":false},"author":19,"featured_media":0,"parent":120,"menu_order":0,"comment_status":"closed","ping_status":"closed","template":"","meta":{"site-sidebar-layout":"default","site-content-layout":"","ast-site-content-layout":"default","site-content-style":"default","site-sidebar-style":"default","ast-global-header-display":"","ast-banner-title-visibility":"","ast-main-header-display":"","ast-hfb-above-header-display":"","ast-hfb-below-header-display":"","ast-hfb-mobile-header-display":"","site-post-title":"","ast-breadcrumbs-content":"","ast-featured-img":"","footer-sml-layout":"","ast-disable-related-posts":"","theme-transparent-header-meta":"default","adv-header-id-meta":"","stick-header-meta":"","header-above-stick-meta":"","header-main-stick-meta":"","header-below-stick-meta":"","astra-migrate-meta-layouts":"set","ast-page-background-enabled":"default","ast-page-background-meta":{"desktop":{"background-color":"var(--ast-global-color-4)","background-image":"","background-repeat":"repeat","background-position":"center center","background-size":"auto","background-attachment":"scroll","background-type":"","background-media":"","overlay-type":"","overlay-color":"","overlay-opacity":"","overlay-gradient":""},"tablet":{"background-color":"","background-image":"","background-repeat":"repeat","background-position":"center center","background-size":"auto","background-attachment":"scroll","background-type":"","background-media":"","overlay-type":"","overlay-color":"","overlay-opacity":"","overlay-gradient":""},"mobile":{"background-color":"","background-image":"","background-repeat":"repeat","background-position":"center center","background-size":"auto","background-attachment":"scroll","background-type":"","background-media":"","overlay-type":"","overlay-color":"","overlay-opacity":"","overlay-gradient":""}},"ast-content-background-meta":{"desktop":{"background-color":"var(--ast-global-color-5)","background-image":"","background-repeat":"repeat","background-position":"center center","background-size":"auto","background-attachment":"scroll","background-type":"","background-media":"","overlay-type":"","overlay-color":"","overlay-opacity":"","overlay-gradient":""},"tablet":{"background-color":"var(--ast-global-color-5)","background-image":"","background-repeat":"repeat","background-position":"center center","background-size":"auto","background-attachment":"scroll","background-type":"","background-media":"","overlay-type":"","overlay-color":"","overlay-opacity":"","overlay-gradient":""},"mobile":{"background-color":"var(--ast-global-color-5)","background-image":"","background-repeat":"repeat","background-position":"center center","background-size":"auto","background-attachment":"scroll","background-type":"","background-media":"","overlay-type":"","overlay-color":"","overlay-opacity":"","overlay-gradient":""}},"footnotes":""},"class_list":["post-141","page","type-page","status-publish","hentry"],"_links":{"self":[{"href":"https:\/\/site.ifes.edu.br\/nucep\/wp-json\/wp\/v2\/pages\/141"}],"collection":[{"href":"https:\/\/site.ifes.edu.br\/nucep\/wp-json\/wp\/v2\/pages"}],"about":[{"href":"https:\/\/site.ifes.edu.br\/nucep\/wp-json\/wp\/v2\/types\/page"}],"author":[{"embeddable":true,"href":"https:\/\/site.ifes.edu.br\/nucep\/wp-json\/wp\/v2\/users\/19"}],"replies":[{"embeddable":true,"href":"https:\/\/site.ifes.edu.br\/nucep\/wp-json\/wp\/v2\/comments?post=141"}],"version-history":[{"count":10,"href":"https:\/\/site.ifes.edu.br\/nucep\/wp-json\/wp\/v2\/pages\/141\/revisions"}],"predecessor-version":[{"id":705,"href":"https:\/\/site.ifes.edu.br\/nucep\/wp-json\/wp\/v2\/pages\/141\/revisions\/705"}],"up":[{"embeddable":true,"href":"https:\/\/site.ifes.edu.br\/nucep\/wp-json\/wp\/v2\/pages\/120"}],"wp:attachment":[{"href":"https:\/\/site.ifes.edu.br\/nucep\/wp-json\/wp\/v2\/media?parent=141"}],"curies":[{"name":"wp","href":"https:\/\/api.w.org\/{rel}","templated":true}]}}