{"id":122,"date":"2025-04-03T15:16:00","date_gmt":"2025-04-03T18:16:00","guid":{"rendered":"https:\/\/site.ifes.edu.br\/nucep\/?page_id=122"},"modified":"2025-05-22T14:54:30","modified_gmt":"2025-05-22T17:54:30","slug":"doutorado","status":"publish","type":"page","link":"https:\/\/site.ifes.edu.br\/nucep\/equipe\/discentes\/doutorado\/","title":{"rendered":"Doutorado"},"content":{"rendered":"<h5 dir=\"ltr\">L\u00eddia Ramos da Vit\u00f3ria (Me.)<\/h5>\n<p dir=\"ltr\"><img decoding=\"async\" class=\"alignleft\" src=\"https:\/\/site.ifes.edu.br\/nucep\/wp-content\/uploads\/sites\/20\/2025\/04\/Captura-de-Tela-2025-03-09-as-14.25.16-300x300.png\" alt=\"\" width=\"140\" height=\"140\" \/>Sou graduada em Engenharia Mec\u00e2nica pela Universidade Federal do Esp\u00edrito Santo (2018) e mestre em Engenharia Mec\u00e2nica pela Universidade Federal do Esp\u00edrito Santo (2022). Tenho experi\u00eancia na \u00e1rea de Engenharia Mec\u00e2nica, com \u00eanfase em Din\u00e2mica de Fluidos e Fluidodin\u00e2mica Computacional, atuando principalmente nos seguintes temas: CFD e escoamentos complexos.<\/p>\n<p><a href=\"http:\/\/lattes.cnpq.br\/3647991310733985\">Curr\u00edculo Lattes<\/a>\u00a0E-mail<\/p>\n<p>&nbsp;<\/p>\n<hr \/>\n<h5 dir=\"ltr\">Marlon Lemos de Souza (Me.)<\/h5>\n<p dir=\"ltr\"><img decoding=\"async\" class=\"alignleft\" src=\"https:\/\/site.ifes.edu.br\/nucep\/wp-content\/uploads\/sites\/20\/2025\/04\/Marlon.jpeg\" alt=\"\" width=\"140\" height=\"140\" \/>Graduado em Engenharia Mec\u00e2nica pela Universidade Federal do Esp\u00edrito Santo (UFES) atuando como monitor acad\u00eamico de diversas disciplinas no Departamento de Engenharia Mec\u00e2nica da UFES. Possui Mestrado em Engenharia Mec\u00e2nica pela UFES na \u00e1rea de M\u00e9todos Matem\u00e1ticos e Computacionais Aplicados \u00e0 Ci\u00eancia e Engenharia. Foi pesquisador auxiliar no projeto de pesquisa ICSPre sobre estudos de aspectos de incrusta\u00e7\u00e3o carbon\u00e1tica em sistemas pressurizados, numa coopera\u00e7\u00e3o UFES X Petrobr\u00e1s. Atualmente \u00e9 aluno de doutorado do Programa de P\u00f3s Gradua\u00e7\u00e3o em Engenharia Mec\u00e2nica da UFES na \u00e1rea de Din\u00e2mica dos Fluidos. Tem experi\u00eancia em pesquisa na \u00e1rea de Ci\u00eancias Mec\u00e2nicas, com \u00eanfase principalmente em simula\u00e7\u00f5es de escoamentos multif\u00e1sicos com transfer\u00eancia de massa.<\/p>\n<p dir=\"ltr\"><a href=\"http:\/\/lattes.cnpq.br\/0797723256851712\">Curr\u00edculo Lattes<\/a>\u00a0E-mail<\/p>\n<hr \/>\n<h5 dir=\"ltr\">Michel de Oliveira dos Santos \u00a0(Me.)<\/h5>\n<p dir=\"ltr\"><img decoding=\"async\" class=\"alignleft\" src=\"https:\/\/site.ifes.edu.br\/nucep\/wp-content\/uploads\/sites\/20\/2025\/04\/Captura-de-Tela-2025-03-09-as-07.08.44.png\" alt=\"\" width=\"140\" height=\"140\" \/>Possui gradua\u00e7\u00e3o em Engenharia Agr\u00edcola e Ambiental pela Universidade Federal de Vi\u00e7osa (2010) e mestrado em Engenharia Agr\u00edcola pela Universidade Federal de Vi\u00e7osa (2012). Atualmente \u00e9 professor efetivo do Instituto Federal do Esp\u00edrito Santo e doutorando em Engeharia Mec\u00e2nica pela Universidade Federal do Esp\u00edrito Santo. Tem experi\u00eancia na \u00e1rea de Engenharia Agr\u00edcola, Engenharia Mec\u00e2nica e Mec\u00e2nica dos Fluidos Computacional.<\/p>\n<p dir=\"ltr\"><a href=\"http:\/\/lattes.cnpq.br\/1279322328091122\">Curr\u00edculo Lattes<\/a>\u00a0E-mail<\/p>\n","protected":false},"excerpt":{"rendered":"<p>L\u00eddia Ramos da Vit\u00f3ria (Me.) Sou graduada em Engenharia Mec\u00e2nica pela Universidade Federal do Esp\u00edrito Santo (2018) e mestre em [&hellip;]<\/p>\n","protected":false},"author":19,"featured_media":0,"parent":120,"menu_order":0,"comment_status":"closed","ping_status":"closed","template":"","meta":{"site-sidebar-layout":"default","site-content-layout":"","ast-site-content-layout":"default","site-content-style":"default","site-sidebar-style":"default","ast-global-header-display":"","ast-banner-title-visibility":"","ast-main-header-display":"","ast-hfb-above-header-display":"","ast-hfb-below-header-display":"","ast-hfb-mobile-header-display":"","site-post-title":"","ast-breadcrumbs-content":"","ast-featured-img":"","footer-sml-layout":"","ast-disable-related-posts":"","theme-transparent-header-meta":"default","adv-header-id-meta":"","stick-header-meta":"","header-above-stick-meta":"","header-main-stick-meta":"","header-below-stick-meta":"","astra-migrate-meta-layouts":"set","ast-page-background-enabled":"default","ast-page-background-meta":{"desktop":{"background-color":"var(--ast-global-color-4)","background-image":"","background-repeat":"repeat","background-position":"center center","background-size":"auto","background-attachment":"scroll","background-type":"","background-media":"","overlay-type":"","overlay-color":"","overlay-opacity":"","overlay-gradient":""},"tablet":{"background-color":"","background-image":"","background-repeat":"repeat","background-position":"center center","background-size":"auto","background-attachment":"scroll","background-type":"","background-media":"","overlay-type":"","overlay-color":"","overlay-opacity":"","overlay-gradient":""},"mobile":{"background-color":"","background-image":"","background-repeat":"repeat","background-position":"center center","background-size":"auto","background-attachment":"scroll","background-type":"","background-media":"","overlay-type":"","overlay-color":"","overlay-opacity":"","overlay-gradient":""}},"ast-content-background-meta":{"desktop":{"background-color":"var(--ast-global-color-5)","background-image":"","background-repeat":"repeat","background-position":"center center","background-size":"auto","background-attachment":"scroll","background-type":"","background-media":"","overlay-type":"","overlay-color":"","overlay-opacity":"","overlay-gradient":""},"tablet":{"background-color":"var(--ast-global-color-5)","background-image":"","background-repeat":"repeat","background-position":"center center","background-size":"auto","background-attachment":"scroll","background-type":"","background-media":"","overlay-type":"","overlay-color":"","overlay-opacity":"","overlay-gradient":""},"mobile":{"background-color":"var(--ast-global-color-5)","background-image":"","background-repeat":"repeat","background-position":"center center","background-size":"auto","background-attachment":"scroll","background-type":"","background-media":"","overlay-type":"","overlay-color":"","overlay-opacity":"","overlay-gradient":""}},"footnotes":""},"class_list":["post-122","page","type-page","status-publish","hentry"],"_links":{"self":[{"href":"https:\/\/site.ifes.edu.br\/nucep\/wp-json\/wp\/v2\/pages\/122"}],"collection":[{"href":"https:\/\/site.ifes.edu.br\/nucep\/wp-json\/wp\/v2\/pages"}],"about":[{"href":"https:\/\/site.ifes.edu.br\/nucep\/wp-json\/wp\/v2\/types\/page"}],"author":[{"embeddable":true,"href":"https:\/\/site.ifes.edu.br\/nucep\/wp-json\/wp\/v2\/users\/19"}],"replies":[{"embeddable":true,"href":"https:\/\/site.ifes.edu.br\/nucep\/wp-json\/wp\/v2\/comments?post=122"}],"version-history":[{"count":5,"href":"https:\/\/site.ifes.edu.br\/nucep\/wp-json\/wp\/v2\/pages\/122\/revisions"}],"predecessor-version":[{"id":631,"href":"https:\/\/site.ifes.edu.br\/nucep\/wp-json\/wp\/v2\/pages\/122\/revisions\/631"}],"up":[{"embeddable":true,"href":"https:\/\/site.ifes.edu.br\/nucep\/wp-json\/wp\/v2\/pages\/120"}],"wp:attachment":[{"href":"https:\/\/site.ifes.edu.br\/nucep\/wp-json\/wp\/v2\/media?parent=122"}],"curies":[{"name":"wp","href":"https:\/\/api.w.org\/{rel}","templated":true}]}}