{"id":117,"date":"2025-04-03T15:11:06","date_gmt":"2025-04-03T18:11:06","guid":{"rendered":"https:\/\/site.ifes.edu.br\/nucep\/?page_id=117"},"modified":"2025-04-11T07:35:47","modified_gmt":"2025-04-11T10:35:47","slug":"equipe","status":"publish","type":"page","link":"https:\/\/site.ifes.edu.br\/nucep\/equipe\/","title":{"rendered":"Equipe"},"content":{"rendered":"<p dir=\"ltr\"><img fetchpriority=\"high\" decoding=\"async\" class=\"size-medium wp-image-118 alignleft\" src=\"https:\/\/site.ifes.edu.br\/nucep\/wp-content\/uploads\/sites\/20\/2025\/04\/Captura-de-Tela-2025-03-09-as-11.49.33-300x226.png\" alt=\"\" width=\"300\" height=\"226\" srcset=\"https:\/\/site.ifes.edu.br\/nucep\/wp-content\/uploads\/sites\/20\/2025\/04\/Captura-de-Tela-2025-03-09-as-11.49.33-300x226.png 300w, https:\/\/site.ifes.edu.br\/nucep\/wp-content\/uploads\/sites\/20\/2025\/04\/Captura-de-Tela-2025-03-09-as-11.49.33.png 703w\" sizes=\"(max-width: 300px) 100vw, 300px\" \/>O NUCEP \u00e9 formado por uma equipe multidisciplinar dedicada \u00e0 pesquisa e ao desenvolvimento cient\u00edfico. Sob a <a href=\"https:\/\/site.ifes.edu.br\/nucep\/equipe\/coordenacao\/\">Coordena\u00e7\u00e3o<\/a> dos professores Jo\u00e3o Paulo Barbosa e Renato do Nascimento Siqueira, o grupo re\u00fane profissionais e estudantes com ampla experi\u00eancia em \u00e1reas como mec\u00e2nica dos fluidos, sistemas t\u00e9rmicos e ci\u00eancia dos materiais.<\/p>\n<p>A equipe \u00e9 composta por <a href=\"https:\/\/site.ifes.edu.br\/nucep\/equipe\/docentes\/\">Docentes<\/a> especializados, <a href=\"https:\/\/site.ifes.edu.br\/nucep\/equipe\/discentes\/\">Discentes<\/a> de <a href=\"https:\/\/site.ifes.edu.br\/nucep\/equipe\/discentes\/iniciacao-cientifica\/\">Inicia\u00e7\u00e3o Cient\u00edfica<\/a>, <a href=\"https:\/\/site.ifes.edu.br\/nucep\/equipe\/discentes\/mestrado\/\">Mestrado<\/a> e <a href=\"https:\/\/site.ifes.edu.br\/nucep\/equipe\/discentes\/doutorado\/\">Doutorado<\/a>, al\u00e9m de <a href=\"https:\/\/site.ifes.edu.br\/nucep\/equipe\/colaboradores\/\">Colaboradores<\/a> externos que contribuem para o avan\u00e7o das pesquisas. Reconhecemos tamb\u00e9m a participa\u00e7\u00e3o de nossos <a href=\"https:\/\/sites.google.com\/d\/1lps-A7ZcK46_bEESn4o1TQoReAWIcacA\/p\/1DnpQQkgqZ1Ct9KwOye9oeQ4CdLV9e9pN\/edit\">Egressos<\/a>, que levam o conhecimento adquirido para diversos setores da ind\u00fastria e da academia. Juntos, trabalhamos para promover a inova\u00e7\u00e3o, a forma\u00e7\u00e3o de recursos humanos qualificados e a busca por solu\u00e7\u00f5es tecnol\u00f3gicas para os desafios da \u00e1rea de petr\u00f3leo.<\/p>\n","protected":false},"excerpt":{"rendered":"<p>O NUCEP \u00e9 formado por uma equipe multidisciplinar dedicada \u00e0 pesquisa e ao desenvolvimento cient\u00edfico. Sob a Coordena\u00e7\u00e3o dos professores [&hellip;]<\/p>\n","protected":false},"author":19,"featured_media":0,"parent":0,"menu_order":0,"comment_status":"closed","ping_status":"closed","template":"","meta":{"site-sidebar-layout":"default","site-content-layout":"","ast-site-content-layout":"default","site-content-style":"default","site-sidebar-style":"default","ast-global-header-display":"","ast-banner-title-visibility":"","ast-main-header-display":"","ast-hfb-above-header-display":"","ast-hfb-below-header-display":"","ast-hfb-mobile-header-display":"","site-post-title":"","ast-breadcrumbs-content":"","ast-featured-img":"","footer-sml-layout":"","ast-disable-related-posts":"","theme-transparent-header-meta":"","adv-header-id-meta":"","stick-header-meta":"","header-above-stick-meta":"","header-main-stick-meta":"","header-below-stick-meta":"","astra-migrate-meta-layouts":"default","ast-page-background-enabled":"default","ast-page-background-meta":{"desktop":{"background-color":"var(--ast-global-color-4)","background-image":"","background-repeat":"repeat","background-position":"center center","background-size":"auto","background-attachment":"scroll","background-type":"","background-media":"","overlay-type":"","overlay-color":"","overlay-opacity":"","overlay-gradient":""},"tablet":{"background-color":"","background-image":"","background-repeat":"repeat","background-position":"center center","background-size":"auto","background-attachment":"scroll","background-type":"","background-media":"","overlay-type":"","overlay-color":"","overlay-opacity":"","overlay-gradient":""},"mobile":{"background-color":"","background-image":"","background-repeat":"repeat","background-position":"center center","background-size":"auto","background-attachment":"scroll","background-type":"","background-media":"","overlay-type":"","overlay-color":"","overlay-opacity":"","overlay-gradient":""}},"ast-content-background-meta":{"desktop":{"background-color":"var(--ast-global-color-5)","background-image":"","background-repeat":"repeat","background-position":"center center","background-size":"auto","background-attachment":"scroll","background-type":"","background-media":"","overlay-type":"","overlay-color":"","overlay-opacity":"","overlay-gradient":""},"tablet":{"background-color":"var(--ast-global-color-5)","background-image":"","background-repeat":"repeat","background-position":"center center","background-size":"auto","background-attachment":"scroll","background-type":"","background-media":"","overlay-type":"","overlay-color":"","overlay-opacity":"","overlay-gradient":""},"mobile":{"background-color":"var(--ast-global-color-5)","background-image":"","background-repeat":"repeat","background-position":"center center","background-size":"auto","background-attachment":"scroll","background-type":"","background-media":"","overlay-type":"","overlay-color":"","overlay-opacity":"","overlay-gradient":""}},"footnotes":""},"class_list":["post-117","page","type-page","status-publish","hentry"],"_links":{"self":[{"href":"https:\/\/site.ifes.edu.br\/nucep\/wp-json\/wp\/v2\/pages\/117"}],"collection":[{"href":"https:\/\/site.ifes.edu.br\/nucep\/wp-json\/wp\/v2\/pages"}],"about":[{"href":"https:\/\/site.ifes.edu.br\/nucep\/wp-json\/wp\/v2\/types\/page"}],"author":[{"embeddable":true,"href":"https:\/\/site.ifes.edu.br\/nucep\/wp-json\/wp\/v2\/users\/19"}],"replies":[{"embeddable":true,"href":"https:\/\/site.ifes.edu.br\/nucep\/wp-json\/wp\/v2\/comments?post=117"}],"version-history":[{"count":3,"href":"https:\/\/site.ifes.edu.br\/nucep\/wp-json\/wp\/v2\/pages\/117\/revisions"}],"predecessor-version":[{"id":391,"href":"https:\/\/site.ifes.edu.br\/nucep\/wp-json\/wp\/v2\/pages\/117\/revisions\/391"}],"wp:attachment":[{"href":"https:\/\/site.ifes.edu.br\/nucep\/wp-json\/wp\/v2\/media?parent=117"}],"curies":[{"name":"wp","href":"https:\/\/api.w.org\/{rel}","templated":true}]}}