{"id":104,"date":"2025-04-03T15:02:14","date_gmt":"2025-04-03T18:02:14","guid":{"rendered":"https:\/\/site.ifes.edu.br\/nucep\/?page_id=104"},"modified":"2025-05-22T14:57:43","modified_gmt":"2025-05-22T17:57:43","slug":"docentes","status":"publish","type":"page","link":"https:\/\/site.ifes.edu.br\/nucep\/equipe\/docentes\/","title":{"rendered":"Docentes"},"content":{"rendered":"<h5>Fernanda Capucho Cezana (Dra.)<\/h5>\n<h5 dir=\"ltr\"><img decoding=\"async\" class=\"alignleft wp-image-115\" src=\"https:\/\/site.ifes.edu.br\/nucep\/wp-content\/uploads\/sites\/20\/2025\/04\/Captura-de-Tela-2025-03-09-as-01.34.08.png\" alt=\"\" width=\"140\" height=\"140\" srcset=\"https:\/\/site.ifes.edu.br\/nucep\/wp-content\/uploads\/sites\/20\/2025\/04\/Captura-de-Tela-2025-03-09-as-01.34.08.png 294w, https:\/\/site.ifes.edu.br\/nucep\/wp-content\/uploads\/sites\/20\/2025\/04\/Captura-de-Tela-2025-03-09-as-01.34.08-150x150.png 150w\" sizes=\"(max-width: 140px) 100vw, 140px\" \/><\/h5>\n<p class=\"zfr3Q CDt4Ke \" dir=\"ltr\"><span class=\"C9DxTc \">Possui gradua\u00e7\u00e3o em Licenciatura em Matem\u00e1tica pela Universidade Federal do Esp\u00edrito Santo (2003), mestrado em Engenharia Ambiental pela Universidade Federal do Esp\u00edrito Santo (2007) e doutorado em Engenharia Ambiental pela Universidade Federal do Esp\u00edrito Santo (2015). Atualmente trabalha no Instituto Federal de Educa\u00e7\u00e3o, Ci\u00eancia e Tecnologia do Esp\u00edrito Santo, atuando como professora de Matem\u00e1tica do Ensino M\u00e9dio T\u00e9cnico e Tecnol\u00f3gico e nos cursos de Engenharia. Tem trabalhado com Projetos de Pesquisa na \u00e1rea de Modelagem Matem\u00e1tica e Simula\u00e7\u00e3o Num\u00e9rica de Escoamentos Atmosf\u00e9ricos.<\/span><\/p>\n<p class=\"zfr3Q CDt4Ke \" dir=\"ltr\"><a class=\"XqQF9c\" href=\"http:\/\/lattes.cnpq.br\/5588829880965388\" target=\"_blank\" rel=\"noopener\"><span class=\"C9DxTc aw5Odc \">Curr\u00edculo Lattes<\/span><\/a>\u00a0E-mail<\/p>\n<hr \/>\n<h5>Kamilla Malverdi Barcelos (Dra.)<\/h5>\n<p dir=\"ltr\"><img decoding=\"async\" class=\"alignleft wp-image-114\" src=\"https:\/\/site.ifes.edu.br\/nucep\/wp-content\/uploads\/sites\/20\/2025\/04\/Kamilla-300x300.jpeg\" alt=\"\" width=\"140\" height=\"140\" srcset=\"https:\/\/site.ifes.edu.br\/nucep\/wp-content\/uploads\/sites\/20\/2025\/04\/Kamilla-300x300.jpeg 300w, https:\/\/site.ifes.edu.br\/nucep\/wp-content\/uploads\/sites\/20\/2025\/04\/Kamilla-150x150.jpeg 150w, https:\/\/site.ifes.edu.br\/nucep\/wp-content\/uploads\/sites\/20\/2025\/04\/Kamilla.jpeg 638w\" sizes=\"(max-width: 140px) 100vw, 140px\" \/><\/p>\n<p class=\"zfr3Q CDt4Ke \" dir=\"ltr\"><span class=\"C9DxTc \">Doutora em Engenharia Qu\u00edmica (2021) pela Universidade Federal de S\u00e3o Carlos (UFSCar). Graduada em Engenharia Qu\u00edmica (2014) e Mestre em Energia (2016) pela Universidade Federal do Esp\u00edrito Santo (UFES). Atuou como professora substituta do Departamento de Engenharias e Tecnologia da UFES (2016\/2017) e da Unidade Acad\u00eamica de Engenharia de Biotecnologia da Universidade Federal de Campina Grande (UFCG &#8211; 2021\/2022). Volunt\u00e1ria em projeto de inicia\u00e7\u00e3o cient\u00edfica e monitora bolsista PID de Qu\u00edmica Anal\u00edtica e Instrumental no per\u00edodo de 2012 a 2013. Tem experi\u00eancia na \u00e1rea de Engenharia Qu\u00edmica, com \u00eanfase nos seguintes temas: fluidodin\u00e2mica em sistemas particulados e eletrossor\u00e7\u00e3o para dessaliniza\u00e7\u00e3o. Atualmente \u00e9 professora EBTT do Instituto Federal de Educa\u00e7\u00e3o, Ci\u00eancia e Tecnologia do Esp\u00edrito Santo.<\/span><\/p>\n<p class=\"zfr3Q CDt4Ke \" dir=\"ltr\"><a class=\"XqQF9c\" href=\"http:\/\/lattes.cnpq.br\/4285214258496042\" target=\"_blank\" rel=\"noopener\"><span class=\"C9DxTc aw5Odc \">Curr\u00edculo Lattes<\/span><\/a> E-mail<\/p>\n<hr \/>\n<h5 class=\"zfr3Q CDt4Ke \" dir=\"ltr\"><span class=\"C9DxTc \">Lucas Henrique Pagoto Deoclecio<\/span><span class=\"C9DxTc \">\u00a0(<\/span><span class=\"C9DxTc \">Dr.)<\/span><\/h5>\n<h5 dir=\"ltr\"><img decoding=\"async\" class=\"alignleft wp-image-113\" src=\"https:\/\/site.ifes.edu.br\/nucep\/wp-content\/uploads\/sites\/20\/2025\/04\/Captura-de-Tela-2025-03-09-as-01.34.27.png\" alt=\"\" width=\"140\" height=\"140\" srcset=\"https:\/\/site.ifes.edu.br\/nucep\/wp-content\/uploads\/sites\/20\/2025\/04\/Captura-de-Tela-2025-03-09-as-01.34.27.png 296w, https:\/\/site.ifes.edu.br\/nucep\/wp-content\/uploads\/sites\/20\/2025\/04\/Captura-de-Tela-2025-03-09-as-01.34.27-150x150.png 150w\" sizes=\"(max-width: 140px) 100vw, 140px\" \/><\/h5>\n<p class=\"zfr3Q CDt4Ke \" dir=\"ltr\"><span class=\"C9DxTc \">Graduado em Engenharia Mec\u00e2nica pelo Instituto Federal do Esp\u00edrito Santo (IFES) com gradua\u00e7\u00e3o sandu\u00edche na University of Toronto (UofT) (2016). Mestrado em Energia pela Universidade Federal do Esp\u00edrito Santo (2018) sobre a modelagem da separa\u00e7\u00e3o gravitacional de misturas \u00f3leo\/\u00e1gua com coalesc\u00eancia em CFD. Doutorado em Engenharia Mec\u00e2nica pela Universidade Federal do Esp\u00edrito Santo (2023), com sandu\u00edche na Sorbonne Universit\u00e9 &#8211; Facult\u00e9 des Sciences et Ing\u00e9nierie (2022) sobre efeitos pl\u00e1sticos e el\u00e1sticos na ascens\u00e3o e coalesc\u00eancia de gotas. Atualmente professor no Instituto Federal do Esp\u00edrito Santo na \u00e1rea de Fen\u00f4menos de Transporte. Na pesquisa, atuo principalmente em testes de equa\u00e7\u00f5es constitutivas em escoamentos de materiais complexos e modelagem num\u00e9rica em din\u00e2mica interfacial.<\/span><\/p>\n<p class=\"zfr3Q CDt4Ke \" dir=\"ltr\"><a class=\"XqQF9c\" href=\"http:\/\/lattes.cnpq.br\/7292913244820007\" target=\"_blank\" rel=\"noopener\"><span class=\"C9DxTc aw5Odc \">Curr\u00edculo Lattes<\/span><\/a> E-mail<\/p>\n<hr \/>\n<h5 class=\"zfr3Q CDt4Ke \" dir=\"ltr\"><span class=\"C9DxTc \">Luiz Rafael Resende da Silva<\/span><span class=\"C9DxTc \">\u00a0(<\/span><span class=\"C9DxTc \">Dr.)<\/span><\/h5>\n<p dir=\"ltr\"><img loading=\"lazy\" decoding=\"async\" class=\"alignleft wp-image-112\" src=\"https:\/\/site.ifes.edu.br\/nucep\/wp-content\/uploads\/sites\/20\/2025\/04\/Luiz.jpeg\" alt=\"\" width=\"140\" height=\"140\" srcset=\"https:\/\/site.ifes.edu.br\/nucep\/wp-content\/uploads\/sites\/20\/2025\/04\/Luiz.jpeg 179w, https:\/\/site.ifes.edu.br\/nucep\/wp-content\/uploads\/sites\/20\/2025\/04\/Luiz-150x150.jpeg 150w\" sizes=\"(max-width: 140px) 100vw, 140px\" \/><\/p>\n<p class=\"zfr3Q CDt4Ke \" dir=\"ltr\"><span class=\"C9DxTc \">Possui gradua\u00e7\u00e3o em Engenharia Mec\u00e2nica pela Universidade Federal do Esp\u00edrito Santo (2011), mestrado em Engenharia Mec\u00e2nica pela Universidade Federal do Esp\u00edrito Santo (2013) e doutorado em Engenharia Mec\u00e2nica pela Faculdade de Engenharia da Universidade do Porto (2025). Atualmente \u00e9 prof. de ensino b\u00e1sico, t\u00e9cnico e tecnol\u00f3gico do Instituto Federal de Educa\u00e7\u00e3o, Ci\u00eancia e Tecnologia do Esp\u00edrito Santo. Tem experi\u00eancia na \u00e1rea de Engenharia Mec\u00e2nica, com \u00eanfase em Tribologia, Soldagem, Modelagem Num\u00e9rica, Caracteriza\u00e7\u00e3o de Materiais Met\u00e1licos e Polim\u00e9ricos, Sele\u00e7\u00e3o de Materiais e outros conhecimentos correlatos e adicionais aos mencionados.<\/span><\/p>\n<p class=\"zfr3Q CDt4Ke \" dir=\"ltr\"><a class=\"XqQF9c\" href=\"http:\/\/lattes.cnpq.br\/8620763530390594\" target=\"_blank\" rel=\"noopener\"><span class=\"C9DxTc aw5Odc \">Curr\u00edculo Lattes<\/span><\/a> E-mail<\/p>\n<hr \/>\n<h5 dir=\"ltr\">Jo\u00e3o Paulo Barbosa (Dr.)<\/h5>\n<h5 dir=\"ltr\"><img loading=\"lazy\" decoding=\"async\" class=\"alignleft wp-image-58\" src=\"https:\/\/site.ifes.edu.br\/nucep\/wp-content\/uploads\/sites\/20\/2025\/03\/Captura-de-Tela-2025-03-09-as-01.13.28-300x300.png\" alt=\"\" width=\"140\" height=\"140\" srcset=\"https:\/\/site.ifes.edu.br\/nucep\/wp-content\/uploads\/sites\/20\/2025\/03\/Captura-de-Tela-2025-03-09-as-01.13.28-300x300.png 300w, https:\/\/site.ifes.edu.br\/nucep\/wp-content\/uploads\/sites\/20\/2025\/03\/Captura-de-Tela-2025-03-09-as-01.13.28-150x150.png 150w, https:\/\/site.ifes.edu.br\/nucep\/wp-content\/uploads\/sites\/20\/2025\/03\/Captura-de-Tela-2025-03-09-as-01.13.28.png 304w\" sizes=\"(max-width: 140px) 100vw, 140px\" \/><\/h5>\n<p dir=\"ltr\">Possui gradua\u00e7\u00e3o em Engenharia Mec\u00e2nica pela Universidade Federal do Esp\u00edrito Santo (2005), Especializa\u00e7\u00e3o em Engenharia de Tubula\u00e7\u00e3o pela Universidade Federal do Esp\u00edrito Santo (2009), Mestrado em Engenharia Mec\u00e2nica pela Universidade Federal do Esp\u00edrito Santo (2008), Doutorado em Engenharia Mec\u00e2nica pela Universidade Federal do Esp\u00edrito Santo (2019). Atualmente \u00e9 Professor Titular da Coordenadoria de Engenharia Mec\u00e2nica do Instituto Federal do Esp\u00edrito Santo (IFES), Campus S\u00e3o Mateus.<\/p>\n<p><a href=\"http:\/\/lattes.cnpq.br\/1257358965799259\">Curr\u00edculo Lattes<\/a>\u00a0E-mail<\/p>\n<hr \/>\n<h5 class=\"zfr3Q CDt4Ke \" dir=\"ltr\"><span class=\"C9DxTc \">Renan Valter Magnol<\/span><span class=\"C9DxTc \">\u00a0(<\/span><span class=\"C9DxTc \">Dr.)<\/span><\/h5>\n<p dir=\"ltr\"><img loading=\"lazy\" decoding=\"async\" class=\"alignleft wp-image-111\" src=\"https:\/\/site.ifes.edu.br\/nucep\/wp-content\/uploads\/sites\/20\/2025\/04\/Captura-de-Tela-2025-03-09-as-01.54.56-300x300.png\" alt=\"\" width=\"140\" height=\"140\" srcset=\"https:\/\/site.ifes.edu.br\/nucep\/wp-content\/uploads\/sites\/20\/2025\/04\/Captura-de-Tela-2025-03-09-as-01.54.56-300x300.png 300w, https:\/\/site.ifes.edu.br\/nucep\/wp-content\/uploads\/sites\/20\/2025\/04\/Captura-de-Tela-2025-03-09-as-01.54.56-150x150.png 150w, https:\/\/site.ifes.edu.br\/nucep\/wp-content\/uploads\/sites\/20\/2025\/04\/Captura-de-Tela-2025-03-09-as-01.54.56-768x768.png 768w, https:\/\/site.ifes.edu.br\/nucep\/wp-content\/uploads\/sites\/20\/2025\/04\/Captura-de-Tela-2025-03-09-as-01.54.56.png 1000w\" sizes=\"(max-width: 140px) 100vw, 140px\" \/><\/p>\n<p class=\"zfr3Q CDt4Ke \" dir=\"ltr\"><span class=\"C9DxTc \">Doutor em Engenharia Mec\u00e2nica pela UFES (2018-2023) na sub\u00e1rea de Tribologia com o tema &#8220;SOBRE O COMPORTAMENTO EM ABRAS\u00c3O DE CER\u00c2MICOS E METAIS DUROS E SUA CORRELA\u00c7\u00c3O COM A DUREZA E A TENACIDADE \u00c0 FRATURA&#8221;Mestre em Engenharia Mec\u00e2nica pela UFES (2018), na \u00e1rea de Ci\u00eancia e Engenharia dos Materiais, sub \u00e1rea Tribologia (estudo do atrito, desgaste e lubrifica\u00e7\u00e3o), com foco na caracteriza\u00e7\u00e3o tribol\u00f3gica de forma\u00e7\u00f5es ferr\u00edferas bandadas e sua correla\u00e7\u00e3o com ferramentas de corte sinterizadas utilizadas em sondagem mineral. Graduado em Engenharia Mec\u00e2nica (2015) pela Universidade Federal do Esp\u00edrito Santo (UFES). Projeto de Inicia\u00e7\u00e3o Cient\u00edfica: &#8220;Avalia\u00e7\u00e3o de Propor\u00e7\u00e3o de Fases em Revestimentos de A\u00e7o Duplex Atrav\u00e9s do Ferritosc\u00f3pio&#8221; e Projeto de Gradua\u00e7\u00e3o: &#8220;Sobre o comportamento tribol\u00f3gico de coroas diamantadas impregnadas na sondagem mineral.<\/span><\/p>\n<p class=\"zfr3Q CDt4Ke \" dir=\"ltr\"><a class=\"XqQF9c\" href=\"http:\/\/lattes.cnpq.br\/8908470772061353\" target=\"_blank\" rel=\"noopener\"><span class=\"C9DxTc aw5Odc \">Curr\u00edculo Lattes<\/span><\/a> E-mail<\/p>\n<hr \/>\n<h5 dir=\"ltr\">Renato do Nascimento Siqueira (Dr.)<\/h5>\n<p dir=\"ltr\"><img loading=\"lazy\" decoding=\"async\" class=\"alignleft wp-image-57\" src=\"https:\/\/site.ifes.edu.br\/nucep\/wp-content\/uploads\/sites\/20\/2025\/03\/Captura-de-Tela-2025-03-09-as-01.13.43.png\" alt=\"\" width=\"140\" height=\"140\" srcset=\"https:\/\/site.ifes.edu.br\/nucep\/wp-content\/uploads\/sites\/20\/2025\/03\/Captura-de-Tela-2025-03-09-as-01.13.43.png 298w, https:\/\/site.ifes.edu.br\/nucep\/wp-content\/uploads\/sites\/20\/2025\/03\/Captura-de-Tela-2025-03-09-as-01.13.43-150x150.png 150w\" sizes=\"(max-width: 140px) 100vw, 140px\" \/>Graduado em Engenharia Mec\u00e2nica (1996) e Mestre em Engenharia Ambiental (1998) pela Universidade Federal do Esp\u00edrito Santo (UFES). Doutor em Engenharia Civil (2002) pela Universidade de Loughborough na Inglaterra. Desde 1994 desenvolve trabalhos na \u00e1rea de mec\u00e2nica dos fluidos aplicados a diversas \u00e1reas da engenharia. Atualmente \u00e9 Professor Titular da Coordenadoria de Engenharia Mec\u00e2nica do Instituto Federal do Esp\u00edrito Santo (IFES), Campus S\u00e3o Mateus, e atua como professor permanente no Programa de P\u00f3s-gradua\u00e7\u00e3o em Engenharia Mec\u00e2nica da UFES e professor colaborador no Programa de P\u00f3s-gradua\u00e7\u00e3o em Engenharia Metal\u00fargica e de Materiais do IFES.<\/p>\n<p><a href=\"http:\/\/lattes.cnpq.br\/9791817633014124\">Curr\u00edculo Lattes<\/a>\u00a0E-mail<\/p>\n","protected":false},"excerpt":{"rendered":"<p>Fernanda Capucho Cezana (Dra.) Possui gradua\u00e7\u00e3o em Licenciatura em Matem\u00e1tica pela Universidade Federal do Esp\u00edrito Santo (2003), mestrado em Engenharia [&hellip;]<\/p>\n","protected":false},"author":19,"featured_media":0,"parent":117,"menu_order":0,"comment_status":"closed","ping_status":"closed","template":"","meta":{"site-sidebar-layout":"default","site-content-layout":"","ast-site-content-layout":"default","site-content-style":"default","site-sidebar-style":"default","ast-global-header-display":"","ast-banner-title-visibility":"","ast-main-header-display":"","ast-hfb-above-header-display":"","ast-hfb-below-header-display":"","ast-hfb-mobile-header-display":"","site-post-title":"","ast-breadcrumbs-content":"","ast-featured-img":"","footer-sml-layout":"","ast-disable-related-posts":"","theme-transparent-header-meta":"default","adv-header-id-meta":"","stick-header-meta":"","header-above-stick-meta":"","header-main-stick-meta":"","header-below-stick-meta":"","astra-migrate-meta-layouts":"set","ast-page-background-enabled":"default","ast-page-background-meta":{"desktop":{"background-color":"var(--ast-global-color-4)","background-image":"","background-repeat":"repeat","background-position":"center center","background-size":"auto","background-attachment":"scroll","background-type":"","background-media":"","overlay-type":"","overlay-color":"","overlay-opacity":"","overlay-gradient":""},"tablet":{"background-color":"","background-image":"","background-repeat":"repeat","background-position":"center center","background-size":"auto","background-attachment":"scroll","background-type":"","background-media":"","overlay-type":"","overlay-color":"","overlay-opacity":"","overlay-gradient":""},"mobile":{"background-color":"","background-image":"","background-repeat":"repeat","background-position":"center center","background-size":"auto","background-attachment":"scroll","background-type":"","background-media":"","overlay-type":"","overlay-color":"","overlay-opacity":"","overlay-gradient":""}},"ast-content-background-meta":{"desktop":{"background-color":"var(--ast-global-color-5)","background-image":"","background-repeat":"repeat","background-position":"center center","background-size":"auto","background-attachment":"scroll","background-type":"","background-media":"","overlay-type":"","overlay-color":"","overlay-opacity":"","overlay-gradient":""},"tablet":{"background-color":"var(--ast-global-color-5)","background-image":"","background-repeat":"repeat","background-position":"center center","background-size":"auto","background-attachment":"scroll","background-type":"","background-media":"","overlay-type":"","overlay-color":"","overlay-opacity":"","overlay-gradient":""},"mobile":{"background-color":"var(--ast-global-color-5)","background-image":"","background-repeat":"repeat","background-position":"center center","background-size":"auto","background-attachment":"scroll","background-type":"","background-media":"","overlay-type":"","overlay-color":"","overlay-opacity":"","overlay-gradient":""}},"footnotes":""},"class_list":["post-104","page","type-page","status-publish","hentry"],"_links":{"self":[{"href":"https:\/\/site.ifes.edu.br\/nucep\/wp-json\/wp\/v2\/pages\/104"}],"collection":[{"href":"https:\/\/site.ifes.edu.br\/nucep\/wp-json\/wp\/v2\/pages"}],"about":[{"href":"https:\/\/site.ifes.edu.br\/nucep\/wp-json\/wp\/v2\/types\/page"}],"author":[{"embeddable":true,"href":"https:\/\/site.ifes.edu.br\/nucep\/wp-json\/wp\/v2\/users\/19"}],"replies":[{"embeddable":true,"href":"https:\/\/site.ifes.edu.br\/nucep\/wp-json\/wp\/v2\/comments?post=104"}],"version-history":[{"count":5,"href":"https:\/\/site.ifes.edu.br\/nucep\/wp-json\/wp\/v2\/pages\/104\/revisions"}],"predecessor-version":[{"id":634,"href":"https:\/\/site.ifes.edu.br\/nucep\/wp-json\/wp\/v2\/pages\/104\/revisions\/634"}],"up":[{"embeddable":true,"href":"https:\/\/site.ifes.edu.br\/nucep\/wp-json\/wp\/v2\/pages\/117"}],"wp:attachment":[{"href":"https:\/\/site.ifes.edu.br\/nucep\/wp-json\/wp\/v2\/media?parent=104"}],"curies":[{"name":"wp","href":"https:\/\/api.w.org\/{rel}","templated":true}]}}