{"id":8,"date":"2021-07-13T19:53:23","date_gmt":"2021-07-13T22:53:23","guid":{"rendered":"https:\/\/site.ifes.edu.br\/lagepees\/?page_id=8"},"modified":"2021-07-21T10:59:24","modified_gmt":"2021-07-21T13:59:24","slug":"sobre-nos","status":"publish","type":"page","link":"https:\/\/site.ifes.edu.br\/lapragees\/sobre-nos\/","title":{"rendered":"SOBRE N\u00d3S"},"content":{"rendered":"\n<figure class=\"wp-block-table\"><table><tbody><tr><td>Este grupo se constituiu e identifica como laborat\u00f3rio para o desenvolvimento de Pesquisas e Extens\u00e3o que reflitam os principais aspectos centrados nas pr\u00e1ticas pedag\u00f3gicas e de gest\u00e3o por meio da an\u00e1lise das pol\u00edticas p\u00fablicas intergovernamentais e as interven\u00e7\u00f5es que estas sofrem de organiza\u00e7\u00f5es n\u00e3o governamentais seja no \u00e2mbito das pr\u00e1ticas pedag\u00f3gicas e docentes quanto da \u00f3tica dos gestores educacionais. Composto por professores e servidores da institui\u00e7\u00e3o busca compreender as articula\u00e7\u00f5es entre essas categorias e suas converg\u00eancias e avan\u00e7os por uma educa\u00e7\u00e3o e pol\u00edtica p\u00fablica de qualidade.<\/td><\/tr><\/tbody><\/table><\/figure>\n","protected":false},"excerpt":{"rendered":"<p>Este grupo se constituiu e identifica como laborat\u00f3rio para o desenvolvimento de Pesquisas e Extens\u00e3o que reflitam os principais aspectos centrados nas pr\u00e1ticas pedag\u00f3gicas e de gest\u00e3o por meio da an\u00e1lise das pol\u00edticas p\u00fablicas intergovernamentais e as interven\u00e7\u00f5es que estas sofrem de organiza\u00e7\u00f5es n\u00e3o governamentais seja no \u00e2mbito das pr\u00e1ticas pedag\u00f3gicas e docentes quanto da [&hellip;]<\/p>\n","protected":false},"author":6,"featured_media":0,"parent":0,"menu_order":0,"comment_status":"closed","ping_status":"closed","template":"","meta":{"footnotes":""},"class_list":["post-8","page","type-page","status-publish","hentry"],"_links":{"self":[{"href":"https:\/\/site.ifes.edu.br\/lapragees\/wp-json\/wp\/v2\/pages\/8"}],"collection":[{"href":"https:\/\/site.ifes.edu.br\/lapragees\/wp-json\/wp\/v2\/pages"}],"about":[{"href":"https:\/\/site.ifes.edu.br\/lapragees\/wp-json\/wp\/v2\/types\/page"}],"author":[{"embeddable":true,"href":"https:\/\/site.ifes.edu.br\/lapragees\/wp-json\/wp\/v2\/users\/6"}],"replies":[{"embeddable":true,"href":"https:\/\/site.ifes.edu.br\/lapragees\/wp-json\/wp\/v2\/comments?post=8"}],"version-history":[{"count":3,"href":"https:\/\/site.ifes.edu.br\/lapragees\/wp-json\/wp\/v2\/pages\/8\/revisions"}],"predecessor-version":[{"id":14,"href":"https:\/\/site.ifes.edu.br\/lapragees\/wp-json\/wp\/v2\/pages\/8\/revisions\/14"}],"wp:attachment":[{"href":"https:\/\/site.ifes.edu.br\/lapragees\/wp-json\/wp\/v2\/media?parent=8"}],"curies":[{"name":"wp","href":"https:\/\/api.w.org\/{rel}","templated":true}]}}