{"id":45,"date":"2023-11-16T15:11:40","date_gmt":"2023-11-16T18:11:40","guid":{"rendered":"https:\/\/site.ifes.edu.br\/lapragees\/?page_id=45"},"modified":"2023-12-12T12:09:08","modified_gmt":"2023-12-12T15:09:08","slug":"inicicao-cientifica","status":"publish","type":"page","link":"https:\/\/site.ifes.edu.br\/lapragees\/inicicao-cientifica\/","title":{"rendered":"Inicia\u00e7\u00e3o Cient\u00edfica"},"content":{"rendered":"\r\n<p>2021 &#8211; 2022<\/p>\r\n\r\n\r\n\r\n<p><a href=\"http:\/\/lattes.cnpq.br\/5619712559375276\" target=\"_blank\" rel=\"noreferrer noopener\">Brenda Carla De Azevedo<\/a><\/p>\r\n\r\n\r\n\r\n<p><a href=\"http:\/\/lattes.cnpq.br\/5580095326144916\" target=\"_blank\" rel=\"noreferrer noopener\">Samara Pinudo Pasoline<\/a><\/p>\r\n\r\n\r\n\r\n<p>&nbsp;<\/p>\r\n\r\n\r\n\r\n<p>&nbsp;<\/p>\r\n\r\n\r\n\r\n<p>&nbsp;<\/p>\r\n\r\n\r\n\r\n<p>2023 &#8211; 2024<\/p>\r\n\r\n\r\n\r\n<p><a href=\"http:\/\/lattes.cnpq.br\/5149623200909893\" target=\"_blank\" rel=\"noreferrer noopener\">Guilherme Mur\u00e7a Batista<\/a><\/p>\r\n\r\n\r\n\r\n<p>&nbsp;<\/p>\r\n","protected":false},"excerpt":{"rendered":"<p>2021 &#8211; 2022 Brenda Carla De Azevedo Samara Pinudo Pasoline &nbsp; &nbsp; &nbsp; 2023 &#8211; 2024 Guilherme Mur\u00e7a Batista &nbsp;<\/p>\n","protected":false},"author":6,"featured_media":0,"parent":0,"menu_order":0,"comment_status":"closed","ping_status":"closed","template":"","meta":{"footnotes":""},"class_list":["post-45","page","type-page","status-publish","hentry"],"_links":{"self":[{"href":"https:\/\/site.ifes.edu.br\/lapragees\/wp-json\/wp\/v2\/pages\/45"}],"collection":[{"href":"https:\/\/site.ifes.edu.br\/lapragees\/wp-json\/wp\/v2\/pages"}],"about":[{"href":"https:\/\/site.ifes.edu.br\/lapragees\/wp-json\/wp\/v2\/types\/page"}],"author":[{"embeddable":true,"href":"https:\/\/site.ifes.edu.br\/lapragees\/wp-json\/wp\/v2\/users\/6"}],"replies":[{"embeddable":true,"href":"https:\/\/site.ifes.edu.br\/lapragees\/wp-json\/wp\/v2\/comments?post=45"}],"version-history":[{"count":5,"href":"https:\/\/site.ifes.edu.br\/lapragees\/wp-json\/wp\/v2\/pages\/45\/revisions"}],"predecessor-version":[{"id":55,"href":"https:\/\/site.ifes.edu.br\/lapragees\/wp-json\/wp\/v2\/pages\/45\/revisions\/55"}],"wp:attachment":[{"href":"https:\/\/site.ifes.edu.br\/lapragees\/wp-json\/wp\/v2\/media?parent=45"}],"curies":[{"name":"wp","href":"https:\/\/api.w.org\/{rel}","templated":true}]}}