{"id":996,"date":"2023-07-06T05:43:55","date_gmt":"2023-07-06T08:43:55","guid":{"rendered":"https:\/\/site.ifes.edu.br\/lab-instrumentacao\/?page_id=996"},"modified":"2023-07-06T05:52:53","modified_gmt":"2023-07-06T08:52:53","slug":"diapasao","status":"publish","type":"page","link":"https:\/\/site.ifes.edu.br\/lab-instrumentacao\/diapasao\/","title":{"rendered":"Diapas\u00e3o"},"content":{"rendered":"\n<div class=\"wp-block-file\"><a href=\"https:\/\/site.ifes.edu.br\/lab-instrumentacao\/wp-content\/uploads\/sites\/15\/2023\/07\/DIAPAS\u00c3O.docx.pdf\">Diapas\u00e3o.pdf<\/a><a href=\"https:\/\/site.ifes.edu.br\/lab-instrumentacao\/wp-content\/uploads\/sites\/15\/2023\/07\/DIAPAS\u00c3O.docx.pdf\" class=\"wp-block-file__button\" download>Baixar<\/a><\/div>\n\n\n\n<p>O roteiro do experimento \u201cDiapas\u00e3o\u201d viabiliza explorar experimentalmente conceitos e fen\u00f4menos da ondulat\u00f3ria. Tal experimento propicia a oportunidade de abordar conte\u00fados de F\u00edsica de forma diferenciada.<\/p>\n","protected":false},"excerpt":{"rendered":"<p>O roteiro do experimento \u201cDiapas\u00e3o\u201d viabiliza explorar experimentalmente conceitos e fen\u00f4menos da ondulat\u00f3ria. Tal experimento propicia a oportunidade de abordar conte\u00fados de F\u00edsica de forma diferenciada.<\/p>\n","protected":false},"author":12,"featured_media":0,"parent":0,"menu_order":0,"comment_status":"closed","ping_status":"closed","template":"","meta":{"footnotes":""},"class_list":["post-996","page","type-page","status-publish","hentry"],"_links":{"self":[{"href":"https:\/\/site.ifes.edu.br\/lab-instrumentacao\/wp-json\/wp\/v2\/pages\/996"}],"collection":[{"href":"https:\/\/site.ifes.edu.br\/lab-instrumentacao\/wp-json\/wp\/v2\/pages"}],"about":[{"href":"https:\/\/site.ifes.edu.br\/lab-instrumentacao\/wp-json\/wp\/v2\/types\/page"}],"author":[{"embeddable":true,"href":"https:\/\/site.ifes.edu.br\/lab-instrumentacao\/wp-json\/wp\/v2\/users\/12"}],"replies":[{"embeddable":true,"href":"https:\/\/site.ifes.edu.br\/lab-instrumentacao\/wp-json\/wp\/v2\/comments?post=996"}],"version-history":[{"count":2,"href":"https:\/\/site.ifes.edu.br\/lab-instrumentacao\/wp-json\/wp\/v2\/pages\/996\/revisions"}],"predecessor-version":[{"id":1004,"href":"https:\/\/site.ifes.edu.br\/lab-instrumentacao\/wp-json\/wp\/v2\/pages\/996\/revisions\/1004"}],"wp:attachment":[{"href":"https:\/\/site.ifes.edu.br\/lab-instrumentacao\/wp-json\/wp\/v2\/media?parent=996"}],"curies":[{"name":"wp","href":"https:\/\/api.w.org\/{rel}","templated":true}]}}