{"id":960,"date":"2023-07-05T12:20:07","date_gmt":"2023-07-05T15:20:07","guid":{"rendered":"https:\/\/site.ifes.edu.br\/lab-instrumentacao\/?page_id=960"},"modified":"2023-07-06T18:49:20","modified_gmt":"2023-07-06T21:49:20","slug":"luminopot-explorando-o-brilho-com-controle","status":"publish","type":"page","link":"https:\/\/site.ifes.edu.br\/lab-instrumentacao\/luminopot-explorando-o-brilho-com-controle\/","title":{"rendered":"LuminoPot: Explorando a Luminosidade e a Corrente El\u00e9trica"},"content":{"rendered":"\n<p>Explora os conceitos de resist\u00eancia el\u00e9trica, corrente el\u00e9trica e a rela\u00e7\u00e3o direta entre o potenci\u00f4metro e o brilho emitido pelo componente luminoso.<\/p>\n\n\n\n<div class=\"wp-block-file\"><a href=\"https:\/\/site.ifes.edu.br\/lab-instrumentacao\/wp-content\/uploads\/sites\/15\/2023\/07\/Experimento_-\u201cLuminoPot_-Explorando-a-Luminosidade-e-a-Corrente-El\u00e9trica\u201d.pdf\">Experimento-\u201cLuminoPot &#8211; Explorando a Luminosidade e a Corrente El\u00e9trica\u201d<\/a><a href=\"https:\/\/site.ifes.edu.br\/lab-instrumentacao\/wp-content\/uploads\/sites\/15\/2023\/07\/Experimento_-\u201cLuminoPot_-Explorando-a-Luminosidade-e-a-Corrente-El\u00e9trica\u201d.pdf\" class=\"wp-block-file__button\" download>Baixar<\/a><\/div>\n","protected":false},"excerpt":{"rendered":"<p>Explora os conceitos de resist\u00eancia el\u00e9trica, corrente el\u00e9trica e a rela\u00e7\u00e3o direta entre o potenci\u00f4metro e o brilho emitido pelo componente luminoso.<\/p>\n","protected":false},"author":12,"featured_media":0,"parent":0,"menu_order":0,"comment_status":"closed","ping_status":"closed","template":"","meta":{"footnotes":""},"class_list":["post-960","page","type-page","status-publish","hentry"],"_links":{"self":[{"href":"https:\/\/site.ifes.edu.br\/lab-instrumentacao\/wp-json\/wp\/v2\/pages\/960"}],"collection":[{"href":"https:\/\/site.ifes.edu.br\/lab-instrumentacao\/wp-json\/wp\/v2\/pages"}],"about":[{"href":"https:\/\/site.ifes.edu.br\/lab-instrumentacao\/wp-json\/wp\/v2\/types\/page"}],"author":[{"embeddable":true,"href":"https:\/\/site.ifes.edu.br\/lab-instrumentacao\/wp-json\/wp\/v2\/users\/12"}],"replies":[{"embeddable":true,"href":"https:\/\/site.ifes.edu.br\/lab-instrumentacao\/wp-json\/wp\/v2\/comments?post=960"}],"version-history":[{"count":3,"href":"https:\/\/site.ifes.edu.br\/lab-instrumentacao\/wp-json\/wp\/v2\/pages\/960\/revisions"}],"predecessor-version":[{"id":1076,"href":"https:\/\/site.ifes.edu.br\/lab-instrumentacao\/wp-json\/wp\/v2\/pages\/960\/revisions\/1076"}],"wp:attachment":[{"href":"https:\/\/site.ifes.edu.br\/lab-instrumentacao\/wp-json\/wp\/v2\/media?parent=960"}],"curies":[{"name":"wp","href":"https:\/\/api.w.org\/{rel}","templated":true}]}}