{"id":955,"date":"2023-07-05T12:07:26","date_gmt":"2023-07-05T15:07:26","guid":{"rendered":"https:\/\/site.ifes.edu.br\/lab-instrumentacao\/?page_id=955"},"modified":"2023-07-05T12:07:26","modified_gmt":"2023-07-05T15:07:26","slug":"cadeira-de-pregos","status":"publish","type":"page","link":"https:\/\/site.ifes.edu.br\/lab-instrumentacao\/cadeira-de-pregos\/","title":{"rendered":"Cadeira de Pregos"},"content":{"rendered":"\n<p>Esse experimento \u00e9 usado para ilustrar os conceitos de press\u00e3o e resist\u00eancia dos materiais.<\/p>\n\n\n\n<div class=\"wp-block-file\"><a href=\"https:\/\/site.ifes.edu.br\/lab-instrumentacao\/wp-content\/uploads\/sites\/15\/2023\/07\/Experimento_-\u201cCadeira-de-Pregos\u201d.pdf\">Experimento-Cadeira-de-Pregos<\/a><a href=\"https:\/\/site.ifes.edu.br\/lab-instrumentacao\/wp-content\/uploads\/sites\/15\/2023\/07\/Experimento_-\u201cCadeira-de-Pregos\u201d.pdf\" class=\"wp-block-file__button\" download>Baixar<\/a><\/div>\n","protected":false},"excerpt":{"rendered":"<p>Esse experimento \u00e9 usado para ilustrar os conceitos de press\u00e3o e resist\u00eancia dos materiais.<\/p>\n","protected":false},"author":12,"featured_media":0,"parent":0,"menu_order":0,"comment_status":"closed","ping_status":"closed","template":"","meta":{"footnotes":""},"class_list":["post-955","page","type-page","status-publish","hentry"],"_links":{"self":[{"href":"https:\/\/site.ifes.edu.br\/lab-instrumentacao\/wp-json\/wp\/v2\/pages\/955"}],"collection":[{"href":"https:\/\/site.ifes.edu.br\/lab-instrumentacao\/wp-json\/wp\/v2\/pages"}],"about":[{"href":"https:\/\/site.ifes.edu.br\/lab-instrumentacao\/wp-json\/wp\/v2\/types\/page"}],"author":[{"embeddable":true,"href":"https:\/\/site.ifes.edu.br\/lab-instrumentacao\/wp-json\/wp\/v2\/users\/12"}],"replies":[{"embeddable":true,"href":"https:\/\/site.ifes.edu.br\/lab-instrumentacao\/wp-json\/wp\/v2\/comments?post=955"}],"version-history":[{"count":1,"href":"https:\/\/site.ifes.edu.br\/lab-instrumentacao\/wp-json\/wp\/v2\/pages\/955\/revisions"}],"predecessor-version":[{"id":957,"href":"https:\/\/site.ifes.edu.br\/lab-instrumentacao\/wp-json\/wp\/v2\/pages\/955\/revisions\/957"}],"wp:attachment":[{"href":"https:\/\/site.ifes.edu.br\/lab-instrumentacao\/wp-json\/wp\/v2\/media?parent=955"}],"curies":[{"name":"wp","href":"https:\/\/api.w.org\/{rel}","templated":true}]}}