{"id":944,"date":"2023-07-05T10:20:29","date_gmt":"2023-07-05T13:20:29","guid":{"rendered":"https:\/\/site.ifes.edu.br\/lab-instrumentacao\/?page_id=944"},"modified":"2023-07-06T08:01:27","modified_gmt":"2023-07-06T11:01:27","slug":"intervencao-usando-catapulta","status":"publish","type":"page","link":"https:\/\/site.ifes.edu.br\/lab-instrumentacao\/intervencao-usando-catapulta\/","title":{"rendered":"Interven\u00e7\u00e3o usando Catapulta"},"content":{"rendered":"\n<p>Interven\u00e7\u00e3o realizada em uma escola do ensino m\u00e9dio para explorar a F\u00edsica do funcionamento de uma catapulta.<\/p>\n\n\n\n<div class=\"wp-block-file\"><a href=\"https:\/\/site.ifes.edu.br\/lab-instrumentacao\/wp-content\/uploads\/sites\/15\/2023\/07\/Interven\u00e7\u00e3o-catapulta.docx-1_compressed.pdf\">Interven\u00e7\u00e3o-catapulta.pdf<\/a><a href=\"https:\/\/site.ifes.edu.br\/lab-instrumentacao\/wp-content\/uploads\/sites\/15\/2023\/07\/Interven\u00e7\u00e3o-catapulta.docx-1_compressed.pdf\" class=\"wp-block-file__button\" download>Baixar<\/a><\/div>\n","protected":false},"excerpt":{"rendered":"<p>Interven\u00e7\u00e3o realizada em uma escola do ensino m\u00e9dio para explorar a F\u00edsica do funcionamento de uma catapulta.<\/p>\n","protected":false},"author":12,"featured_media":0,"parent":0,"menu_order":0,"comment_status":"closed","ping_status":"closed","template":"","meta":{"footnotes":""},"class_list":["post-944","page","type-page","status-publish","hentry"],"_links":{"self":[{"href":"https:\/\/site.ifes.edu.br\/lab-instrumentacao\/wp-json\/wp\/v2\/pages\/944"}],"collection":[{"href":"https:\/\/site.ifes.edu.br\/lab-instrumentacao\/wp-json\/wp\/v2\/pages"}],"about":[{"href":"https:\/\/site.ifes.edu.br\/lab-instrumentacao\/wp-json\/wp\/v2\/types\/page"}],"author":[{"embeddable":true,"href":"https:\/\/site.ifes.edu.br\/lab-instrumentacao\/wp-json\/wp\/v2\/users\/12"}],"replies":[{"embeddable":true,"href":"https:\/\/site.ifes.edu.br\/lab-instrumentacao\/wp-json\/wp\/v2\/comments?post=944"}],"version-history":[{"count":3,"href":"https:\/\/site.ifes.edu.br\/lab-instrumentacao\/wp-json\/wp\/v2\/pages\/944\/revisions"}],"predecessor-version":[{"id":1008,"href":"https:\/\/site.ifes.edu.br\/lab-instrumentacao\/wp-json\/wp\/v2\/pages\/944\/revisions\/1008"}],"wp:attachment":[{"href":"https:\/\/site.ifes.edu.br\/lab-instrumentacao\/wp-json\/wp\/v2\/media?parent=944"}],"curies":[{"name":"wp","href":"https:\/\/api.w.org\/{rel}","templated":true}]}}