{"id":936,"date":"2023-07-05T10:11:53","date_gmt":"2023-07-05T13:11:53","guid":{"rendered":"https:\/\/site.ifes.edu.br\/lab-instrumentacao\/?page_id=936"},"modified":"2023-07-06T05:57:52","modified_gmt":"2023-07-06T08:57:52","slug":"experimento-pendulo-de-serpentes","status":"publish","type":"page","link":"https:\/\/site.ifes.edu.br\/lab-instrumentacao\/experimento-pendulo-de-serpentes\/","title":{"rendered":"Experimento P\u00eandulo de Serpentes"},"content":{"rendered":"\n<div class=\"wp-block-file\"><a href=\"https:\/\/site.ifes.edu.br\/lab-instrumentacao\/wp-content\/uploads\/sites\/15\/2023\/07\/Roteiro-do-V\u00eddeo.pdf\">Roteiro-do-V\u00eddeo<\/a><a href=\"https:\/\/site.ifes.edu.br\/lab-instrumentacao\/wp-content\/uploads\/sites\/15\/2023\/07\/Roteiro-do-V\u00eddeo.pdf\" class=\"wp-block-file__button\" download>Baixar<\/a><\/div>\n\n\n\n<div class=\"wp-block-buttons is-layout-flex wp-block-buttons-is-layout-flex\"><\/div>\n\n\n\n<div class=\"wp-block-media-text alignwide is-stacked-on-mobile\"><figure class=\"wp-block-media-text__media\"><img fetchpriority=\"high\" decoding=\"async\" width=\"694\" height=\"430\" src=\"https:\/\/site.ifes.edu.br\/lab-instrumentacao\/wp-content\/uploads\/sites\/15\/2023\/07\/image-4.png\" alt=\"\" class=\"wp-image-938\" srcset=\"https:\/\/site.ifes.edu.br\/lab-instrumentacao\/wp-content\/uploads\/sites\/15\/2023\/07\/image-4.png 694w, https:\/\/site.ifes.edu.br\/lab-instrumentacao\/wp-content\/uploads\/sites\/15\/2023\/07\/image-4-300x186.png 300w, https:\/\/site.ifes.edu.br\/lab-instrumentacao\/wp-content\/uploads\/sites\/15\/2023\/07\/image-4-97x60.png 97w\" sizes=\"(max-width: 694px) 100vw, 694px\" \/><\/figure><div class=\"wp-block-media-text__content\">\n<p style=\"font-size:22px\"><strong><a href=\"https:\/\/www.youtube.com\/watch?v=QZ1UtefiLcA\" target=\"_blank\" rel=\"noreferrer noopener\">Experimento P\u00eandulo<\/a><\/strong><\/p>\n<\/div><\/div>\n\n\n\n<p>V\u00eddeo produzido no canal do Youtube do laborat\u00f3rio de instrumenta\u00e7\u00e3o do IFES Campus Cariacica, onde foi explicado sobre o experimento do &#8220;P\u00eandulo de Serpentes&#8221;.<\/p>\n","protected":false},"excerpt":{"rendered":"<p>Experimento P\u00eandulo V\u00eddeo produzido no canal do Youtube do laborat\u00f3rio de instrumenta\u00e7\u00e3o do IFES Campus Cariacica, onde foi explicado sobre o experimento do &#8220;P\u00eandulo de Serpentes&#8221;.<\/p>\n","protected":false},"author":12,"featured_media":0,"parent":0,"menu_order":0,"comment_status":"closed","ping_status":"closed","template":"","meta":{"footnotes":""},"class_list":["post-936","page","type-page","status-publish","hentry"],"_links":{"self":[{"href":"https:\/\/site.ifes.edu.br\/lab-instrumentacao\/wp-json\/wp\/v2\/pages\/936"}],"collection":[{"href":"https:\/\/site.ifes.edu.br\/lab-instrumentacao\/wp-json\/wp\/v2\/pages"}],"about":[{"href":"https:\/\/site.ifes.edu.br\/lab-instrumentacao\/wp-json\/wp\/v2\/types\/page"}],"author":[{"embeddable":true,"href":"https:\/\/site.ifes.edu.br\/lab-instrumentacao\/wp-json\/wp\/v2\/users\/12"}],"replies":[{"embeddable":true,"href":"https:\/\/site.ifes.edu.br\/lab-instrumentacao\/wp-json\/wp\/v2\/comments?post=936"}],"version-history":[{"count":4,"href":"https:\/\/site.ifes.edu.br\/lab-instrumentacao\/wp-json\/wp\/v2\/pages\/936\/revisions"}],"predecessor-version":[{"id":1006,"href":"https:\/\/site.ifes.edu.br\/lab-instrumentacao\/wp-json\/wp\/v2\/pages\/936\/revisions\/1006"}],"wp:attachment":[{"href":"https:\/\/site.ifes.edu.br\/lab-instrumentacao\/wp-json\/wp\/v2\/media?parent=936"}],"curies":[{"name":"wp","href":"https:\/\/api.w.org\/{rel}","templated":true}]}}