{"id":869,"date":"2023-06-29T09:54:55","date_gmt":"2023-06-29T12:54:55","guid":{"rendered":"https:\/\/site.ifes.edu.br\/lab-instrumentacao\/?page_id=869"},"modified":"2023-06-29T09:54:55","modified_gmt":"2023-06-29T12:54:55","slug":"intervencoes-na-escola","status":"publish","type":"page","link":"https:\/\/site.ifes.edu.br\/lab-instrumentacao\/intervencoes-na-escola\/","title":{"rendered":"Interven\u00e7\u00f5es na escola"},"content":{"rendered":"\n<p>Espa\u00e7o destinado para os relatos de experi\u00eancia das interven\u00e7\u00f5es realizadas<\/p>\n","protected":false},"excerpt":{"rendered":"<p>Espa\u00e7o destinado para os relatos de experi\u00eancia das interven\u00e7\u00f5es realizadas<\/p>\n","protected":false},"author":12,"featured_media":0,"parent":0,"menu_order":0,"comment_status":"closed","ping_status":"closed","template":"","meta":{"footnotes":""},"class_list":["post-869","page","type-page","status-publish","hentry"],"_links":{"self":[{"href":"https:\/\/site.ifes.edu.br\/lab-instrumentacao\/wp-json\/wp\/v2\/pages\/869"}],"collection":[{"href":"https:\/\/site.ifes.edu.br\/lab-instrumentacao\/wp-json\/wp\/v2\/pages"}],"about":[{"href":"https:\/\/site.ifes.edu.br\/lab-instrumentacao\/wp-json\/wp\/v2\/types\/page"}],"author":[{"embeddable":true,"href":"https:\/\/site.ifes.edu.br\/lab-instrumentacao\/wp-json\/wp\/v2\/users\/12"}],"replies":[{"embeddable":true,"href":"https:\/\/site.ifes.edu.br\/lab-instrumentacao\/wp-json\/wp\/v2\/comments?post=869"}],"version-history":[{"count":1,"href":"https:\/\/site.ifes.edu.br\/lab-instrumentacao\/wp-json\/wp\/v2\/pages\/869\/revisions"}],"predecessor-version":[{"id":870,"href":"https:\/\/site.ifes.edu.br\/lab-instrumentacao\/wp-json\/wp\/v2\/pages\/869\/revisions\/870"}],"wp:attachment":[{"href":"https:\/\/site.ifes.edu.br\/lab-instrumentacao\/wp-json\/wp\/v2\/media?parent=869"}],"curies":[{"name":"wp","href":"https:\/\/api.w.org\/{rel}","templated":true}]}}