{"id":855,"date":"2023-06-29T06:22:27","date_gmt":"2023-06-29T09:22:27","guid":{"rendered":"https:\/\/site.ifes.edu.br\/lab-instrumentacao\/?page_id=855"},"modified":"2024-01-22T09:57:18","modified_gmt":"2024-01-22T12:57:18","slug":"produto-didatico-baseado-em-videos-circuitos-eletricos-e-suas-grandezas","status":"publish","type":"page","link":"https:\/\/site.ifes.edu.br\/lab-instrumentacao\/produto-didatico-baseado-em-videos-circuitos-eletricos-e-suas-grandezas\/","title":{"rendered":"Circuitos El\u00e9tricos e suas grandezas"},"content":{"rendered":"\r\n<div class=\"wp-block-file\"><a href=\"https:\/\/drive.google.com\/file\/d\/1VFvWfO7rvzO1MLLWjVfvkooFRrm9PidV\/view?usp=sharing\">Plano de Aula &#8211; POE em um produto did\u00e1tico baseado em v\u00eddeos.pdf<\/a><a class=\"wp-block-file__button\" href=\"https:\/\/site.ifes.edu.br\/lab-instrumentacao\/wp-content\/uploads\/sites\/15\/2023\/06\/Plano_de_Aula-POE-v\u00eddeos-e-simula\u00e7\u00f5es.docx.pdf\">Baixar<\/a><\/div>\r\n\r\n\r\n\r\n<p>Produto did\u00e1tico baseado em v\u00eddeos em que foi utilizado o m\u00e9todo POE (Predizer, Observar e Explicar) atrav\u00e9s do software EdPuzzle e atividades usando simula\u00e7\u00f5es por meio do site PHET Colorado.<\/p>\r\n","protected":false},"excerpt":{"rendered":"<p>Produto did\u00e1tico baseado em v\u00eddeos em que foi utilizado o m\u00e9todo POE (Predizer, Observar e Explicar) atrav\u00e9s do software EdPuzzle e atividades usando simula\u00e7\u00f5es por meio do site PHET Colorado.<\/p>\n","protected":false},"author":12,"featured_media":0,"parent":0,"menu_order":0,"comment_status":"closed","ping_status":"closed","template":"","meta":{"footnotes":""},"class_list":["post-855","page","type-page","status-publish","hentry"],"_links":{"self":[{"href":"https:\/\/site.ifes.edu.br\/lab-instrumentacao\/wp-json\/wp\/v2\/pages\/855"}],"collection":[{"href":"https:\/\/site.ifes.edu.br\/lab-instrumentacao\/wp-json\/wp\/v2\/pages"}],"about":[{"href":"https:\/\/site.ifes.edu.br\/lab-instrumentacao\/wp-json\/wp\/v2\/types\/page"}],"author":[{"embeddable":true,"href":"https:\/\/site.ifes.edu.br\/lab-instrumentacao\/wp-json\/wp\/v2\/users\/12"}],"replies":[{"embeddable":true,"href":"https:\/\/site.ifes.edu.br\/lab-instrumentacao\/wp-json\/wp\/v2\/comments?post=855"}],"version-history":[{"count":9,"href":"https:\/\/site.ifes.edu.br\/lab-instrumentacao\/wp-json\/wp\/v2\/pages\/855\/revisions"}],"predecessor-version":[{"id":1415,"href":"https:\/\/site.ifes.edu.br\/lab-instrumentacao\/wp-json\/wp\/v2\/pages\/855\/revisions\/1415"}],"wp:attachment":[{"href":"https:\/\/site.ifes.edu.br\/lab-instrumentacao\/wp-json\/wp\/v2\/media?parent=855"}],"curies":[{"name":"wp","href":"https:\/\/api.w.org\/{rel}","templated":true}]}}