{"id":786,"date":"2023-05-08T19:34:36","date_gmt":"2023-05-08T22:34:36","guid":{"rendered":"https:\/\/site.ifes.edu.br\/lab-instrumentacao\/?page_id=786"},"modified":"2023-05-08T20:18:39","modified_gmt":"2023-05-08T23:18:39","slug":"foguete","status":"publish","type":"page","link":"https:\/\/site.ifes.edu.br\/lab-instrumentacao\/foguete\/","title":{"rendered":"Foguete"},"content":{"rendered":"\n<p>O experimento do foguete \u00e9 simples de ser replicado e possibilita o estudo de alguns fen\u00f4menos f\u00edsicos como expans\u00e3o de gases e lan\u00e7amento obliquo. Al\u00e9m disso ele pode ser uma boa proposta para o ensino investigativo para a introdu\u00e7\u00e3o desses temas na sala de aula.<\/p>\n\n\n\n<h2 class=\"wp-block-heading\">Foguete<\/h2>\n\n\n\n<div class=\"wp-block-file\"><a href=\"https:\/\/site.ifes.edu.br\/lab-instrumentacao\/wp-content\/uploads\/sites\/15\/2023\/05\/Roteiro-do-Foguete.pdf\">Roteiro-do-Foguete<\/a><a href=\"https:\/\/site.ifes.edu.br\/lab-instrumentacao\/wp-content\/uploads\/sites\/15\/2023\/05\/Roteiro-do-Foguete.pdf\" class=\"wp-block-file__button\" download>Baixar<\/a><\/div>\n\n\n\n<p><\/p>\n\n\n\n<figure class=\"wp-block-image size-large\"><img fetchpriority=\"high\" decoding=\"async\" width=\"1024\" height=\"576\" src=\"https:\/\/site.ifes.edu.br\/lab-instrumentacao\/wp-content\/uploads\/sites\/15\/2023\/05\/WhatsApp-Image-2023-05-08-at-19.08.49-1024x576.jpeg\" alt=\"\" class=\"wp-image-790\" srcset=\"https:\/\/site.ifes.edu.br\/lab-instrumentacao\/wp-content\/uploads\/sites\/15\/2023\/05\/WhatsApp-Image-2023-05-08-at-19.08.49-1024x576.jpeg 1024w, https:\/\/site.ifes.edu.br\/lab-instrumentacao\/wp-content\/uploads\/sites\/15\/2023\/05\/WhatsApp-Image-2023-05-08-at-19.08.49-300x169.jpeg 300w, https:\/\/site.ifes.edu.br\/lab-instrumentacao\/wp-content\/uploads\/sites\/15\/2023\/05\/WhatsApp-Image-2023-05-08-at-19.08.49-768x432.jpeg 768w, https:\/\/site.ifes.edu.br\/lab-instrumentacao\/wp-content\/uploads\/sites\/15\/2023\/05\/WhatsApp-Image-2023-05-08-at-19.08.49-1536x864.jpeg 1536w, https:\/\/site.ifes.edu.br\/lab-instrumentacao\/wp-content\/uploads\/sites\/15\/2023\/05\/WhatsApp-Image-2023-05-08-at-19.08.49-107x60.jpeg 107w, https:\/\/site.ifes.edu.br\/lab-instrumentacao\/wp-content\/uploads\/sites\/15\/2023\/05\/WhatsApp-Image-2023-05-08-at-19.08.49.jpeg 1600w\" sizes=\"(max-width: 1024px) 100vw, 1024px\" \/><\/figure>\n","protected":false},"excerpt":{"rendered":"<p>O experimento do foguete \u00e9 simples de ser replicado e possibilita o estudo de alguns fen\u00f4menos f\u00edsicos como expans\u00e3o de gases e lan\u00e7amento obliquo. Al\u00e9m disso ele pode ser uma boa proposta para o ensino investigativo para a introdu\u00e7\u00e3o desses temas na sala de aula. Foguete<\/p>\n","protected":false},"author":12,"featured_media":0,"parent":0,"menu_order":0,"comment_status":"closed","ping_status":"closed","template":"","meta":{"footnotes":""},"class_list":["post-786","page","type-page","status-publish","hentry"],"_links":{"self":[{"href":"https:\/\/site.ifes.edu.br\/lab-instrumentacao\/wp-json\/wp\/v2\/pages\/786"}],"collection":[{"href":"https:\/\/site.ifes.edu.br\/lab-instrumentacao\/wp-json\/wp\/v2\/pages"}],"about":[{"href":"https:\/\/site.ifes.edu.br\/lab-instrumentacao\/wp-json\/wp\/v2\/types\/page"}],"author":[{"embeddable":true,"href":"https:\/\/site.ifes.edu.br\/lab-instrumentacao\/wp-json\/wp\/v2\/users\/12"}],"replies":[{"embeddable":true,"href":"https:\/\/site.ifes.edu.br\/lab-instrumentacao\/wp-json\/wp\/v2\/comments?post=786"}],"version-history":[{"count":2,"href":"https:\/\/site.ifes.edu.br\/lab-instrumentacao\/wp-json\/wp\/v2\/pages\/786\/revisions"}],"predecessor-version":[{"id":791,"href":"https:\/\/site.ifes.edu.br\/lab-instrumentacao\/wp-json\/wp\/v2\/pages\/786\/revisions\/791"}],"wp:attachment":[{"href":"https:\/\/site.ifes.edu.br\/lab-instrumentacao\/wp-json\/wp\/v2\/media?parent=786"}],"curies":[{"name":"wp","href":"https:\/\/api.w.org\/{rel}","templated":true}]}}