{"id":714,"date":"2022-12-21T19:56:22","date_gmt":"2022-12-21T22:56:22","guid":{"rendered":"https:\/\/site.ifes.edu.br\/lab-instrumentacao\/?page_id=714"},"modified":"2022-12-21T20:08:56","modified_gmt":"2022-12-21T23:08:56","slug":"colecao-ser-protagonista","status":"publish","type":"page","link":"https:\/\/site.ifes.edu.br\/lab-instrumentacao\/colecao-ser-protagonista\/","title":{"rendered":"An\u00e1lise de livro did\u00e1dico &#8211; Ser Protagonista &#8211; Rafael Magalh\u00e3es Arag\u00e3o e Liliane Ferreira Vieira"},"content":{"rendered":"\n<h2 class=\"wp-block-heading\">Cole\u00e7\u00e3o: Ser Protagonista &#8211; Ci\u00eancias da Natureza e suas Tecnologias<\/h2>\n\n\n\n<p>O intuito deste documento \u00e9 fazer uma an\u00e1lise acerca das compet\u00eancias e habilidades presentes na cole\u00e7\u00e3o de livros: Ser protagonista. Disponibilizados para os alunos de Licenciatura em F\u00edsica.<\/p>\n\n\n\n<div class=\"wp-block-file\"><a href=\"https:\/\/site.ifes.edu.br\/lab-instrumentacao\/wp-content\/uploads\/sites\/15\/2022\/12\/An\u00e1lise-do-livro-did\u00e1tico-_Ser-protagonista_.pdf\">An\u00e1lise-do-livro-did\u00e1tico-_Ser-protagonista_<\/a><a href=\"https:\/\/site.ifes.edu.br\/lab-instrumentacao\/wp-content\/uploads\/sites\/15\/2022\/12\/An\u00e1lise-do-livro-did\u00e1tico-_Ser-protagonista_.pdf\" class=\"wp-block-file__button\" download>Baixar<\/a><\/div>\n","protected":false},"excerpt":{"rendered":"<p>Cole\u00e7\u00e3o: Ser Protagonista &#8211; Ci\u00eancias da Natureza e suas Tecnologias O intuito deste documento \u00e9 fazer uma an\u00e1lise acerca das compet\u00eancias e habilidades presentes na cole\u00e7\u00e3o de livros: Ser protagonista. Disponibilizados para os alunos de Licenciatura em F\u00edsica.<\/p>\n","protected":false},"author":12,"featured_media":0,"parent":0,"menu_order":0,"comment_status":"closed","ping_status":"closed","template":"","meta":{"footnotes":""},"class_list":["post-714","page","type-page","status-publish","hentry"],"_links":{"self":[{"href":"https:\/\/site.ifes.edu.br\/lab-instrumentacao\/wp-json\/wp\/v2\/pages\/714"}],"collection":[{"href":"https:\/\/site.ifes.edu.br\/lab-instrumentacao\/wp-json\/wp\/v2\/pages"}],"about":[{"href":"https:\/\/site.ifes.edu.br\/lab-instrumentacao\/wp-json\/wp\/v2\/types\/page"}],"author":[{"embeddable":true,"href":"https:\/\/site.ifes.edu.br\/lab-instrumentacao\/wp-json\/wp\/v2\/users\/12"}],"replies":[{"embeddable":true,"href":"https:\/\/site.ifes.edu.br\/lab-instrumentacao\/wp-json\/wp\/v2\/comments?post=714"}],"version-history":[{"count":2,"href":"https:\/\/site.ifes.edu.br\/lab-instrumentacao\/wp-json\/wp\/v2\/pages\/714\/revisions"}],"predecessor-version":[{"id":720,"href":"https:\/\/site.ifes.edu.br\/lab-instrumentacao\/wp-json\/wp\/v2\/pages\/714\/revisions\/720"}],"wp:attachment":[{"href":"https:\/\/site.ifes.edu.br\/lab-instrumentacao\/wp-json\/wp\/v2\/media?parent=714"}],"curies":[{"name":"wp","href":"https:\/\/api.w.org\/{rel}","templated":true}]}}