{"id":707,"date":"2022-12-21T19:37:25","date_gmt":"2022-12-21T22:37:25","guid":{"rendered":"https:\/\/site.ifes.edu.br\/lab-instrumentacao\/?page_id=707"},"modified":"2022-12-21T19:50:18","modified_gmt":"2022-12-21T22:50:18","slug":"cinematica","status":"publish","type":"page","link":"https:\/\/site.ifes.edu.br\/lab-instrumentacao\/cinematica\/","title":{"rendered":"Cinem\u00e1tica"},"content":{"rendered":"\n<h2 class=\"wp-block-heading\">Cinem\u00e1tica<\/h2>\n\n\n\n<p>Produto did\u00e1tico \u00e9 baseado em uma cole\u00e7\u00e3o de v\u00eddeos. Nesta cole\u00e7\u00e3o usamos um disco no qual contempla o conte\u00fado de Movimento num plano, In\u00e9rcia e A\u00e7\u00e3o e Rea\u00e7\u00e3o. Com esses v\u00eddeos foi utilizada a metodologia de peer instruction associado ao plickers e foi montado uma aula de duas horas.<\/p>\n\n\n\n<div class=\"wp-block-file\"><a href=\"https:\/\/site.ifes.edu.br\/lab-instrumentacao\/wp-content\/uploads\/sites\/15\/2022\/12\/Produto-did\u00e1tico-baseado-em-v\u00eddeos-Pr\u00e1tica-de-ensino.pdf\">Produto-did\u00e1tico-baseado-em-v\u00eddeos-Pr\u00e1tica-de-ensino<\/a><a href=\"https:\/\/site.ifes.edu.br\/lab-instrumentacao\/wp-content\/uploads\/sites\/15\/2022\/12\/Produto-did\u00e1tico-baseado-em-v\u00eddeos-Pr\u00e1tica-de-ensino.pdf\" class=\"wp-block-file__button\" download>Baixar<\/a><\/div>\n\n\n\n<p><\/p>\n","protected":false},"excerpt":{"rendered":"<p>Cinem\u00e1tica Produto did\u00e1tico \u00e9 baseado em uma cole\u00e7\u00e3o de v\u00eddeos. Nesta cole\u00e7\u00e3o usamos um disco no qual contempla o conte\u00fado de Movimento num plano, In\u00e9rcia e A\u00e7\u00e3o e Rea\u00e7\u00e3o. Com esses v\u00eddeos foi utilizada a metodologia de peer instruction associado ao plickers e foi montado uma aula de duas horas.<\/p>\n","protected":false},"author":12,"featured_media":0,"parent":0,"menu_order":0,"comment_status":"closed","ping_status":"closed","template":"","meta":{"footnotes":""},"class_list":["post-707","page","type-page","status-publish","hentry"],"_links":{"self":[{"href":"https:\/\/site.ifes.edu.br\/lab-instrumentacao\/wp-json\/wp\/v2\/pages\/707"}],"collection":[{"href":"https:\/\/site.ifes.edu.br\/lab-instrumentacao\/wp-json\/wp\/v2\/pages"}],"about":[{"href":"https:\/\/site.ifes.edu.br\/lab-instrumentacao\/wp-json\/wp\/v2\/types\/page"}],"author":[{"embeddable":true,"href":"https:\/\/site.ifes.edu.br\/lab-instrumentacao\/wp-json\/wp\/v2\/users\/12"}],"replies":[{"embeddable":true,"href":"https:\/\/site.ifes.edu.br\/lab-instrumentacao\/wp-json\/wp\/v2\/comments?post=707"}],"version-history":[{"count":2,"href":"https:\/\/site.ifes.edu.br\/lab-instrumentacao\/wp-json\/wp\/v2\/pages\/707\/revisions"}],"predecessor-version":[{"id":713,"href":"https:\/\/site.ifes.edu.br\/lab-instrumentacao\/wp-json\/wp\/v2\/pages\/707\/revisions\/713"}],"wp:attachment":[{"href":"https:\/\/site.ifes.edu.br\/lab-instrumentacao\/wp-json\/wp\/v2\/media?parent=707"}],"curies":[{"name":"wp","href":"https:\/\/api.w.org\/{rel}","templated":true}]}}