{"id":691,"date":"2022-12-21T18:46:01","date_gmt":"2022-12-21T21:46:01","guid":{"rendered":"https:\/\/site.ifes.edu.br\/lab-instrumentacao\/?page_id=691"},"modified":"2023-05-08T20:23:34","modified_gmt":"2023-05-08T23:23:34","slug":"alavanca-de-torque","status":"publish","type":"page","link":"https:\/\/site.ifes.edu.br\/lab-instrumentacao\/alavanca-de-torque\/","title":{"rendered":"Alavanca de Torque"},"content":{"rendered":"\n<h2 class=\"wp-block-heading\"><strong>Alavanca de Torque<\/strong><\/h2>\n\n\n\n<p>O experimento mostra de forma l\u00fadica como funciona o torque ao longo de uma haste, como fica a varia\u00e7\u00e3o da for\u00e7a para manter a haste erguida ao longo de v\u00e1rios pontos dessa haste, pois como temos uma alavanca, quando mais longe colocamos, mais dif\u00edcil fica de segurar, pois a for\u00e7a Torque vai aumentando.<\/p>\n\n\n\n<div class=\"wp-block-file\"><a href=\"https:\/\/site.ifes.edu.br\/lab-instrumentacao\/wp-content\/uploads\/sites\/15\/2022\/12\/Roteiro-do-experimento-alavanca-de-torque-1.pdf\">Roteiro-do-experimento-alavanca-de-torque-1<\/a><a href=\"https:\/\/site.ifes.edu.br\/lab-instrumentacao\/wp-content\/uploads\/sites\/15\/2022\/12\/Roteiro-do-experimento-alavanca-de-torque-1.pdf\" class=\"wp-block-file__button\" download>Baixar<\/a><\/div>\n\n\n\n<p><\/p>\n","protected":false},"excerpt":{"rendered":"<p>Alavanca de Torque O experimento mostra de forma l\u00fadica como funciona o torque ao longo de uma haste, como fica a varia\u00e7\u00e3o da for\u00e7a para manter a haste erguida ao longo de v\u00e1rios pontos dessa haste, pois como temos uma alavanca, quando mais longe colocamos, mais dif\u00edcil fica de segurar, &hellip; <\/p>\n","protected":false},"author":12,"featured_media":0,"parent":0,"menu_order":0,"comment_status":"closed","ping_status":"closed","template":"","meta":{"footnotes":""},"class_list":["post-691","page","type-page","status-publish","hentry"],"_links":{"self":[{"href":"https:\/\/site.ifes.edu.br\/lab-instrumentacao\/wp-json\/wp\/v2\/pages\/691"}],"collection":[{"href":"https:\/\/site.ifes.edu.br\/lab-instrumentacao\/wp-json\/wp\/v2\/pages"}],"about":[{"href":"https:\/\/site.ifes.edu.br\/lab-instrumentacao\/wp-json\/wp\/v2\/types\/page"}],"author":[{"embeddable":true,"href":"https:\/\/site.ifes.edu.br\/lab-instrumentacao\/wp-json\/wp\/v2\/users\/12"}],"replies":[{"embeddable":true,"href":"https:\/\/site.ifes.edu.br\/lab-instrumentacao\/wp-json\/wp\/v2\/comments?post=691"}],"version-history":[{"count":13,"href":"https:\/\/site.ifes.edu.br\/lab-instrumentacao\/wp-json\/wp\/v2\/pages\/691\/revisions"}],"predecessor-version":[{"id":817,"href":"https:\/\/site.ifes.edu.br\/lab-instrumentacao\/wp-json\/wp\/v2\/pages\/691\/revisions\/817"}],"wp:attachment":[{"href":"https:\/\/site.ifes.edu.br\/lab-instrumentacao\/wp-json\/wp\/v2\/media?parent=691"}],"curies":[{"name":"wp","href":"https:\/\/api.w.org\/{rel}","templated":true}]}}