{"id":683,"date":"2022-12-20T14:50:53","date_gmt":"2022-12-20T17:50:53","guid":{"rendered":"https:\/\/site.ifes.edu.br\/lab-instrumentacao\/?page_id=683"},"modified":"2022-12-20T14:51:43","modified_gmt":"2022-12-20T17:51:43","slug":"colisoes-em-duas-dimensoes","status":"publish","type":"page","link":"https:\/\/site.ifes.edu.br\/lab-instrumentacao\/colisoes-em-duas-dimensoes\/","title":{"rendered":"Colis\u00f5es em duas dimens\u00f5es"},"content":{"rendered":"\n<h2 class=\"wp-block-heading\">Colis\u00f5es em 2Dim<\/h2>\n\n\n\n<p>O experimento consiste em uma superf\u00edcie plana de madeira composta de diversos furos no qual funcionar\u00e1 como uma \u201cmesa de ar\u201d. Com esse experimento \u00e9 poss\u00edvel, por exemplo, realizar an\u00e1lises e atividades com diferentes tipos de colis\u00f5es.<\/p>\n\n\n\n<div class=\"wp-block-file\"><a href=\"https:\/\/site.ifes.edu.br\/lab-instrumentacao\/wp-content\/uploads\/sites\/15\/2022\/12\/Colis\u00e3o-em-duas-dimens\u00f5es-Site.docx.pdf\">Colis\u00e3o-em-duas-dimens\u00f5es-Site.docx<\/a><a href=\"https:\/\/site.ifes.edu.br\/lab-instrumentacao\/wp-content\/uploads\/sites\/15\/2022\/12\/Colis\u00e3o-em-duas-dimens\u00f5es-Site.docx.pdf\" class=\"wp-block-file__button\" download>Baixar<\/a><\/div>\n","protected":false},"excerpt":{"rendered":"<p>Colis\u00f5es em 2Dim O experimento consiste em uma superf\u00edcie plana de madeira composta de diversos furos no qual funcionar\u00e1 como uma \u201cmesa de ar\u201d. Com esse experimento \u00e9 poss\u00edvel, por exemplo, realizar an\u00e1lises e atividades com diferentes tipos de colis\u00f5es.<\/p>\n","protected":false},"author":12,"featured_media":0,"parent":0,"menu_order":0,"comment_status":"closed","ping_status":"closed","template":"","meta":{"footnotes":""},"class_list":["post-683","page","type-page","status-publish","hentry"],"_links":{"self":[{"href":"https:\/\/site.ifes.edu.br\/lab-instrumentacao\/wp-json\/wp\/v2\/pages\/683"}],"collection":[{"href":"https:\/\/site.ifes.edu.br\/lab-instrumentacao\/wp-json\/wp\/v2\/pages"}],"about":[{"href":"https:\/\/site.ifes.edu.br\/lab-instrumentacao\/wp-json\/wp\/v2\/types\/page"}],"author":[{"embeddable":true,"href":"https:\/\/site.ifes.edu.br\/lab-instrumentacao\/wp-json\/wp\/v2\/users\/12"}],"replies":[{"embeddable":true,"href":"https:\/\/site.ifes.edu.br\/lab-instrumentacao\/wp-json\/wp\/v2\/comments?post=683"}],"version-history":[{"count":1,"href":"https:\/\/site.ifes.edu.br\/lab-instrumentacao\/wp-json\/wp\/v2\/pages\/683\/revisions"}],"predecessor-version":[{"id":685,"href":"https:\/\/site.ifes.edu.br\/lab-instrumentacao\/wp-json\/wp\/v2\/pages\/683\/revisions\/685"}],"wp:attachment":[{"href":"https:\/\/site.ifes.edu.br\/lab-instrumentacao\/wp-json\/wp\/v2\/media?parent=683"}],"curies":[{"name":"wp","href":"https:\/\/api.w.org\/{rel}","templated":true}]}}