{"id":671,"date":"2022-12-20T13:38:29","date_gmt":"2022-12-20T16:38:29","guid":{"rendered":"https:\/\/site.ifes.edu.br\/lab-instrumentacao\/?page_id=671"},"modified":"2022-12-20T13:44:08","modified_gmt":"2022-12-20T16:44:08","slug":"plano-de-aula-com-conteudo-sobre-movimento-retilineo-uniformemente-variado-e-queda-livre-para-o-ensino-medio","status":"publish","type":"page","link":"https:\/\/site.ifes.edu.br\/lab-instrumentacao\/plano-de-aula-com-conteudo-sobre-movimento-retilineo-uniformemente-variado-e-queda-livre-para-o-ensino-medio\/","title":{"rendered":"Plano de aula com conte\u00fado sobre Movimento Retil\u00edneo Uniformemente Variado e Queda Livre para o Ensino M\u00e9dio"},"content":{"rendered":"\n<h2 class=\"wp-block-heading\">Plano de aula com conte\u00fado sobre Movimento Retil\u00edneo Uniformemente Variado e Queda Livre para o Ensino M\u00e9dio<\/h2>\n\n\n\n<p>Sequ\u00eancia Did\u00e1tica &#8211; Roteiro da atividade com uma habilidade contemplada com base na analise feita dos livros de ensino m\u00e9dio BNCC.<\/p>\n\n\n\n<div class=\"wp-block-file\"><a href=\"https:\/\/site.ifes.edu.br\/lab-instrumentacao\/wp-content\/uploads\/sites\/15\/2022\/12\/Atividade-pela-habilidade-contemplada.pdf\">Atividade-pela-habilidade-contemplada-mruv<\/a><a href=\"https:\/\/site.ifes.edu.br\/lab-instrumentacao\/wp-content\/uploads\/sites\/15\/2022\/12\/Atividade-pela-habilidade-contemplada.pdf\" class=\"wp-block-file__button\" download>Baixar<\/a><\/div>\n","protected":false},"excerpt":{"rendered":"<p>Plano de aula com conte\u00fado sobre Movimento Retil\u00edneo Uniformemente Variado e Queda Livre para o Ensino M\u00e9dio Sequ\u00eancia Did\u00e1tica &#8211; Roteiro da atividade com uma habilidade contemplada com base na analise feita dos livros de ensino m\u00e9dio BNCC.<\/p>\n","protected":false},"author":12,"featured_media":0,"parent":0,"menu_order":0,"comment_status":"closed","ping_status":"closed","template":"","meta":{"footnotes":""},"class_list":["post-671","page","type-page","status-publish","hentry"],"_links":{"self":[{"href":"https:\/\/site.ifes.edu.br\/lab-instrumentacao\/wp-json\/wp\/v2\/pages\/671"}],"collection":[{"href":"https:\/\/site.ifes.edu.br\/lab-instrumentacao\/wp-json\/wp\/v2\/pages"}],"about":[{"href":"https:\/\/site.ifes.edu.br\/lab-instrumentacao\/wp-json\/wp\/v2\/types\/page"}],"author":[{"embeddable":true,"href":"https:\/\/site.ifes.edu.br\/lab-instrumentacao\/wp-json\/wp\/v2\/users\/12"}],"replies":[{"embeddable":true,"href":"https:\/\/site.ifes.edu.br\/lab-instrumentacao\/wp-json\/wp\/v2\/comments?post=671"}],"version-history":[{"count":1,"href":"https:\/\/site.ifes.edu.br\/lab-instrumentacao\/wp-json\/wp\/v2\/pages\/671\/revisions"}],"predecessor-version":[{"id":673,"href":"https:\/\/site.ifes.edu.br\/lab-instrumentacao\/wp-json\/wp\/v2\/pages\/671\/revisions\/673"}],"wp:attachment":[{"href":"https:\/\/site.ifes.edu.br\/lab-instrumentacao\/wp-json\/wp\/v2\/media?parent=671"}],"curies":[{"name":"wp","href":"https:\/\/api.w.org\/{rel}","templated":true}]}}