{"id":67,"date":"2022-05-09T17:07:36","date_gmt":"2022-05-09T20:07:36","guid":{"rendered":"https:\/\/site.ifes.edu.br\/lab-instrumentacao\/?page_id=67"},"modified":"2024-12-04T11:59:31","modified_gmt":"2024-12-04T14:59:31","slug":"pibid","status":"publish","type":"page","link":"https:\/\/site.ifes.edu.br\/lab-instrumentacao\/pibid\/","title":{"rendered":"PIBID"},"content":{"rendered":"\r\n<h2 class=\"wp-block-heading\"><strong>Cap\u00edtulos de livro publicados em 2022:<\/strong><\/h2>\r\n\r\n\r\n\r\n<div class=\"wp-block-file\"><a href=\"https:\/\/site.ifes.edu.br\/lab-instrumentacao\/wp-content\/uploads\/sites\/15\/2023\/02\/A-F\u00cdSICA-POR-TR\u00c1S-DOS-ACIDENTES-DE-AUTOM\u00d3VEIS-UMA-ABORDAGEM-ONLINE-DURANTE-A-PANDEMIA-DE-COVID-19.pdf\">A-F\u00cdSICA-POR-TR\u00c1S-DOS-ACIDENTES-DE-AUTOM\u00d3VEIS-UMA-ABORDAGEM-ONLINE-DURANTE-A-PANDEMIA-DE-COVID-19<\/a><a class=\"wp-block-file__button\" style=\"color: green\" href=\"https:\/\/site.ifes.edu.br\/lab-instrumentacao\/wp-content\/uploads\/sites\/15\/2023\/02\/A-F\u00cdSICA-POR-TR\u00c1S-DOS-ACIDENTES-DE-AUTOM\u00d3VEIS-UMA-ABORDAGEM-ONLINE-DURANTE-A-PANDEMIA-DE-COVID-19.pdf\" target=\"_blank\" rel=\"noopener noreferrer\">Baixar<\/a><\/div>\r\n\r\n\r\n\r\n<div class=\"wp-block-file\"><a href=\"https:\/\/site.ifes.edu.br\/lab-instrumentacao\/wp-content\/uploads\/sites\/15\/2023\/02\/ENSINO-DE-FOR\u00c7A-GRAVITACIONAL-UMA-PROPOSTA-UTILIZANDO-O-SIMULADOR-PHET.pdf\">ENSINO-DE-FOR\u00c7A-GRAVITACIONAL-UMA-PROPOSTA-UTILIZANDO-O-SIMULADOR-PHET<\/a><a class=\"wp-block-file__button\" style=\"color: green\" href=\"https:\/\/site.ifes.edu.br\/lab-instrumentacao\/wp-content\/uploads\/sites\/15\/2023\/02\/ENSINO-DE-FOR\u00c7A-GRAVITACIONAL-UMA-PROPOSTA-UTILIZANDO-O-SIMULADOR-PHET.pdf\" target=\"_blank\" rel=\"noopener noreferrer\">Baixar<\/a><\/div>\r\n\r\n\r\n\r\n<div class=\"wp-block-file\"><a href=\"https:\/\/site.ifes.edu.br\/lab-instrumentacao\/wp-content\/uploads\/sites\/15\/2023\/02\/O-USO-DE-HIST\u00d3RIAS-EM-QUADRINHOS-NO-ENSINO-DE-F\u00cdSICA-RELATO-DE-EXPERI\u00caNCIA-DE-UMA-INTERVEN\u00c7\u00c3O-PEDAG\u00d3GICA-REM.pdf\">O-USO-DE-HIST\u00d3RIAS-EM-QUADRINHOS-NO-ENSINO-DE-F\u00cdSICA-RELATO-DE-EXPERI\u00caNCIA-DE-UMA-INTERVEN\u00c7\u00c3O-PEDAG\u00d3GICA-REM<\/a><a class=\"wp-block-file__button\" style=\"color: green\" href=\"https:\/\/site.ifes.edu.br\/lab-instrumentacao\/wp-content\/uploads\/sites\/15\/2023\/02\/O-USO-DE-HIST\u00d3RIAS-EM-QUADRINHOS-NO-ENSINO-DE-F\u00cdSICA-RELATO-DE-EXPERI\u00caNCIA-DE-UMA-INTERVEN\u00c7\u00c3O-PEDAG\u00d3GICA-REM.pdf\" target=\"_blank\" rel=\"noopener noreferrer\">Baixar<\/a><\/div>\r\n\r\n\r\n\r\n<div class=\"wp-block-file\"><a href=\"https:\/\/site.ifes.edu.br\/lab-instrumentacao\/wp-content\/uploads\/sites\/15\/2023\/02\/UM-ESTUDO-SOBRE-A-CONSERVA\u00c7\u00c3O-DE-ENERGIA-NO-ENSINO-M\u00c9DIO-DURANTE-A-PANDEMIA-DE-COVID-19-ATRAV\u00c9S-DO-M\u00c9TODO-DO-ENSINO-SOB-MEDIDA.pdf\">UM-ESTUDO-SOBRE-A-CONSERVA\u00c7\u00c3O-DE-ENERGIA-NO-ENSINO-M\u00c9DIO-DURANTE-A-PANDEMIA-DE-COVID-19-ATRAV\u00c9S-DO-M\u00c9TODO-DO-ENSINO-SOB-MEDIDA<\/a><a class=\"wp-block-file__button\" style=\"color: green\" href=\"https:\/\/site.ifes.edu.br\/lab-instrumentacao\/wp-content\/uploads\/sites\/15\/2023\/02\/UM-ESTUDO-SOBRE-A-CONSERVA\u00c7\u00c3O-DE-ENERGIA-NO-ENSINO-M\u00c9DIO-DURANTE-A-PANDEMIA-DE-COVID-19-ATRAV\u00c9S-DO-M\u00c9TODO-DO-ENSINO-SOB-MEDIDA.pdf\" target=\"_blank\" rel=\"noopener noreferrer\">Baixar<\/a><\/div>\r\n\r\n\r\n\r\n<h2 class=\"wp-block-heading\"><strong>Artigos publicados em anais de congressos com ISBN em 2022<\/strong>:<\/h2>\r\n\r\n\r\n\r\n<div class=\"wp-block-file\"><a href=\"https:\/\/site.ifes.edu.br\/lab-instrumentacao\/wp-content\/uploads\/sites\/15\/2023\/02\/ENSINO-E-DIVULGA\u00c7\u00c3O-DE-ASTRONOMIA-EM-UMA-ESCOLA-DO-ENSINO-M\u00c9DIO-ATRAV\u00c9S-DO-SOFTWARE-STELLARIUM.pdf\">ENSINO-E-DIVULGA\u00c7\u00c3O-DE-ASTRONOMIA-EM-UMA-ESCOLA-DO-ENSINO-M\u00c9DIO-ATRAV\u00c9S-DO-SOFTWARE-STELLARIUM<\/a><a class=\"wp-block-file__button\" style=\"color: green\" href=\"https:\/\/site.ifes.edu.br\/lab-instrumentacao\/wp-content\/uploads\/sites\/15\/2023\/02\/ENSINO-E-DIVULGA\u00c7\u00c3O-DE-ASTRONOMIA-EM-UMA-ESCOLA-DO-ENSINO-M\u00c9DIO-ATRAV\u00c9S-DO-SOFTWARE-STELLARIUM.pdf\" target=\"_blank\" rel=\"noopener noreferrer\">Baixar<\/a><\/div>\r\n\r\n\r\n\r\n<div class=\"wp-block-file\"><a href=\"https:\/\/site.ifes.edu.br\/lab-instrumentacao\/wp-content\/uploads\/sites\/15\/2023\/02\/O-ENSINO-DAS-LEIS-DE-NEWTON-ATRAV\u00c9S-DE-HIST\u00d3RIAS-EM-QUADRINHOS.pdf\">O-ENSINO-DAS-LEIS-DE-NEWTON-ATRAV\u00c9S-DE-HIST\u00d3RIAS-EM-QUADRINHOS<\/a><a class=\"wp-block-file__button\" style=\"color: green\" href=\"https:\/\/site.ifes.edu.br\/lab-instrumentacao\/wp-content\/uploads\/sites\/15\/2023\/02\/O-ENSINO-DAS-LEIS-DE-NEWTON-ATRAV\u00c9S-DE-HIST\u00d3RIAS-EM-QUADRINHOS.pdf\" target=\"_blank\" rel=\"noopener noreferrer\">Baixar<\/a><\/div>\r\n\r\n\r\n\r\n<div class=\"wp-block-file\"><a href=\"https:\/\/site.ifes.edu.br\/lab-instrumentacao\/wp-content\/uploads\/sites\/15\/2023\/02\/PROCESSOS-DE-ELETRIZA\u00c7\u00c3O-UMA-PROPOSTA-DID\u00c1TICA-UTILIZANDO-A-METODOLOGIA-POE-E-A-FERRAMENTA-EDPUZZLE.pdf\">PROCESSOS-DE-ELETRIZA\u00c7\u00c3O-UMA-PROPOSTA-DID\u00c1TICA-UTILIZANDO-A-METODOLOGIA-POE-E-A-FERRAMENTA-EDPUZZLE<\/a><a class=\"wp-block-file__button\" style=\"color: green\" href=\"https:\/\/site.ifes.edu.br\/lab-instrumentacao\/wp-content\/uploads\/sites\/15\/2023\/02\/PROCESSOS-DE-ELETRIZA\u00c7\u00c3O-UMA-PROPOSTA-DID\u00c1TICA-UTILIZANDO-A-METODOLOGIA-POE-E-A-FERRAMENTA-EDPUZZLE.pdf\" target=\"_blank\" rel=\"noopener noreferrer\">Baixar<\/a><\/div>\r\n\r\n\r\n\r\n<h2 class=\"wp-block-heading\"><strong>Artigos publicados em revistas em 2022:<\/strong><\/h2>\r\n\r\n\r\n\r\n<div class=\"wp-block-file\"><a href=\"https:\/\/site.ifes.edu.br\/lab-instrumentacao\/wp-content\/uploads\/sites\/15\/2023\/02\/ENSINO-DE-\u00d3PTICA-NO-PIBID-UMA-ABORDAGEM-COM-USO-DE-V\u00cdDEOS-DURANTE-A-PANDEMIA-DA-COVID-19.pdf\">ENSINO-DE-\u00d3PTICA-NO-PIBID-UMA-ABORDAGEM-COM-USO-DE-V\u00cdDEOS-DURANTE-A-PANDEMIA-DA-COVID-19<\/a><a class=\"wp-block-file__button\" style=\"color: green\" href=\"https:\/\/site.ifes.edu.br\/lab-instrumentacao\/wp-content\/uploads\/sites\/15\/2023\/02\/ENSINO-DE-\u00d3PTICA-NO-PIBID-UMA-ABORDAGEM-COM-USO-DE-V\u00cdDEOS-DURANTE-A-PANDEMIA-DA-COVID-19.pdf\" target=\"_blank\" rel=\"noopener noreferrer\">Baixar<\/a><\/div>\r\n\r\n\r\n\r\n<div class=\"wp-block-file\"><a href=\"https:\/\/site.ifes.edu.br\/lab-instrumentacao\/wp-content\/uploads\/sites\/15\/2023\/02\/O-ENSINO-DE-TERMOLOGIA-POR-MEIO-DE-UMA-ATIVIDADE-L\u00daDICA-O-JOGO-DO-AUT\u00d3DROMO.pdf\">O-ENSINO-DE-TERMOLOGIA-POR-MEIO-DE-UMA-ATIVIDADE-L\u00daDICA-O-JOGO-DO-AUT\u00d3DROMO<\/a><a class=\"wp-block-file__button\" style=\"color: green\" href=\"https:\/\/site.ifes.edu.br\/lab-instrumentacao\/wp-content\/uploads\/sites\/15\/2023\/02\/O-ENSINO-DE-TERMOLOGIA-POR-MEIO-DE-UMA-ATIVIDADE-L\u00daDICA-O-JOGO-DO-AUT\u00d3DROMO.pdf\" target=\"_blank\" rel=\"noopener noreferrer\">Baixar<\/a><\/div>\r\n\r\n\r\n\r\n<div class=\"wp-block-file\"><a href=\"https:\/\/site.ifes.edu.br\/lab-instrumentacao\/wp-content\/uploads\/sites\/15\/2023\/02\/TEORIA-DA-RELATIVIDADE-E-VIAGEM-NO-TEMPO-UMA-ABORDAGEM-USANDO-A-T\u00c9CNICA-DA-CONTROV\u00c9RSIA-CONTROLADA.pdf\">TEORIA-DA-RELATIVIDADE-E-VIAGEM-NO-TEMPO-UMA-ABORDAGEM-USANDO-A-T\u00c9CNICA-DA-CONTROV\u00c9RSIA-CONTROLADA<\/a><a class=\"wp-block-file__button\" style=\"color: green\" href=\"https:\/\/site.ifes.edu.br\/lab-instrumentacao\/wp-content\/uploads\/sites\/15\/2023\/02\/TEORIA-DA-RELATIVIDADE-E-VIAGEM-NO-TEMPO-UMA-ABORDAGEM-USANDO-A-T\u00c9CNICA-DA-CONTROV\u00c9RSIA-CONTROLADA.pdf\" target=\"_blank\" rel=\"noopener noreferrer\">Baixar<\/a><\/div>\r\n<div>\u00a0<\/div>\r\n<div>\r\n<h2><strong>Artigos completos publicados em Anais de Congressos em 2023:<\/strong><\/h2>\r\n<p><a href=\"https:\/\/site.ifes.edu.br\/lab-instrumentacao\/wp-content\/uploads\/sites\/15\/2024\/02\/A-ADAPTA\u00c7\u00c3O-DO-ENSINO-DE-HIDROST\u00c1TICA-NA-PANDEMIA-DE-COVID-19.pdf\" target=\"_blank\" rel=\"noopener noreferrer\">A ADAPTA\u00c7\u00c3O DO ENSINO DE HIDROST\u00c1TICA NA PANDEMIA DE COVID-19<\/a> <a class=\"wp-block-file__button\" style=\"color: green\" href=\"https:\/\/site.ifes.edu.br\/lab-instrumentacao\/wp-content\/uploads\/sites\/15\/2024\/02\/A-ADAPTA\u00c7\u00c3O-DO-ENSINO-DE-HIDROST\u00c1TICA-NA-PANDEMIA-DE-COVID-19.pdf\" target=\"_blank\" rel=\"noopener noreferrer\">Baixar<\/a><\/p>\r\n<p><a href=\"https:\/\/site.ifes.edu.br\/lab-instrumentacao\/wp-content\/uploads\/sites\/15\/2024\/02\/ATIVIDADE-EXPERIMENTAL-SOBRE-SOMBRAS-COLORIDAS-REALIZADA-DURANTE-A-PANDEMIA-DE-COVID-19.pdf\" target=\"_blank\" rel=\"noopener noreferrer\">ATIVIDADE EXPERIMENTAL SOBRE SOMBRAS COLORIDAS REALIZADA DURANTE A PANDEMIA DE COVID-19<\/a> <a class=\"wp-block-file__button\" style=\"color: green\" href=\"https:\/\/site.ifes.edu.br\/lab-instrumentacao\/wp-content\/uploads\/sites\/15\/2024\/02\/ATIVIDADE-EXPERIMENTAL-SOBRE-SOMBRAS-COLORIDAS-REALIZADA-DURANTE-A-PANDEMIA-DE-COVID-19.pdf\" target=\"_blank\" rel=\"noopener noreferrer\">Baixar<\/a><\/p>\r\n<p><a href=\"https:\/\/site.ifes.edu.br\/lab-instrumentacao\/wp-content\/uploads\/sites\/15\/2024\/02\/ENSINO-DE-CIRCUITOS-EL\u00c9TRICOS-COM-\u00caNFASE-EM-CURTO-CIRCUITO-ATRAV\u00c9S-DA-METODOLOGIA-DOS-TR\u00caS-MOMENTOS-PEDAG\u00d3GICOS.pdf\" target=\"_blank\" rel=\"noopener noreferrer\">ENSINO DE CIRCUITOS EL\u00c9TRICOS COM \u00caNFASE EM CURTO-CIRCUITO ATRAV\u00c9S DA METODOLOGIA DOS TR\u00caS MOMENTOS PEDAG\u00d3GICOS<\/a> <a class=\"wp-block-file__button\" style=\"color: green\" href=\"https:\/\/site.ifes.edu.br\/lab-instrumentacao\/wp-content\/uploads\/sites\/15\/2024\/02\/ENSINO-DE-CIRCUITOS-EL\u00c9TRICOS-COM-\u00caNFASE-EM-CURTO-CIRCUITO-ATRAV\u00c9S-DA-METODOLOGIA-DOS-TR\u00caS-MOMENTOS-PEDAG\u00d3GICOS.pdf\" target=\"_blank\" rel=\"noopener noreferrer\">Baixar<\/a><\/p>\r\n<p><a href=\"https:\/\/site.ifes.edu.br\/lab-instrumentacao\/wp-content\/uploads\/sites\/15\/2024\/02\/ENSINO-DE-ELETROST\u00c1TICA-A-PARTIR-DE-ATIVIDADES.pdf\" target=\"_blank\" rel=\"noopener noreferrer\">ENSINO DE ELETROST\u00c1TICA A PARTIR DE ATIVIDADES EXPERIMENTAIS<\/a> <a class=\"wp-block-file__button\" style=\"color: green\" href=\"https:\/\/site.ifes.edu.br\/lab-instrumentacao\/wp-content\/uploads\/sites\/15\/2024\/02\/ENSINO-DE-ELETROST\u00c1TICA-A-PARTIR-DE-ATIVIDADES.pdf\" target=\"_blank\" rel=\"noopener noreferrer\">Baixar<\/a><\/p>\r\n<p><a href=\"https:\/\/site.ifes.edu.br\/lab-instrumentacao\/wp-content\/uploads\/sites\/15\/2024\/02\/ENSINO-DOS-PROCESSOS-DE-ELETRIZA\u00c7\u00c3O-ATRAV\u00c9S-DE-EXPERIMENTOS-DE-BAIXO-CUSTO.pdf\" target=\"_blank\" rel=\"noopener noreferrer\">ENSINO DOS PROCESSOS DE ELETRIZA\u00c7\u00c3O ATRAV\u00c9S DE EXPERIMENTOS DE BAIXO CUSTO<\/a> <a class=\"wp-block-file__button\" style=\"color: green\" href=\"https:\/\/site.ifes.edu.br\/lab-instrumentacao\/wp-content\/uploads\/sites\/15\/2024\/02\/ENSINO-DOS-PROCESSOS-DE-ELETRIZA\u00c7\u00c3O-ATRAV\u00c9S-DE-EXPERIMENTOS-DE-BAIXO-CUSTO.pdf\" target=\"_blank\" rel=\"noopener noreferrer\">Baixar<\/a><\/p>\r\n<p><a href=\"https:\/\/site.ifes.edu.br\/lab-instrumentacao\/wp-content\/uploads\/sites\/15\/2024\/02\/ESTUDO-DE-ALGUNS-ASPECTOS-DAS-\u00d3RBITAS-PLANET\u00c1RIAS-ATRAV\u00c9S-DO-SIMULADOR-PHET-COLORADO-E-DA-METODOLOGIA-PEER-INSTRUCTION.pdf\" target=\"_blank\" rel=\"noopener noreferrer\">ESTUDO DE ALGUNS ASPECTOS DAS \u00d3RBITAS PLANET\u00c1RIAS ATRAV\u00c9S DO SIMULADOR PHET COLORADO E DA METODOLOGIA PEER INSTRUCTION<\/a> <a class=\"wp-block-file__button\" style=\"color: green\" href=\"https:\/\/site.ifes.edu.br\/lab-instrumentacao\/wp-content\/uploads\/sites\/15\/2024\/02\/ESTUDO-DE-ALGUNS-ASPECTOS-DAS-\u00d3RBITAS-PLANET\u00c1RIAS-ATRAV\u00c9S-DO-SIMULADOR-PHET-COLORADO-E-DA-METODOLOGIA-PEER-INSTRUCTION.pdf\" target=\"_blank\" rel=\"noopener noreferrer\">Baixar<\/a><\/p>\r\n<p><a href=\"https:\/\/site.ifes.edu.br\/lab-instrumentacao\/wp-content\/uploads\/sites\/15\/2024\/02\/O-ENSINO-DE-TERMOLOGIA-ATRAV\u00c9S-DE-FILMES-DE-FIC\u00c7\u00c3O-CIENT\u00cdFICA.pdf\" target=\"_blank\" rel=\"noopener noreferrer\">O ENSINO DE TERMOLOGIA ATRAV\u00c9S DE FILMES DE FIC\u00c7\u00c3O CIENT\u00cdFICA<\/a>\u00a0<a class=\"wp-block-file__button\" style=\"color: green\" href=\"https:\/\/site.ifes.edu.br\/lab-instrumentacao\/wp-content\/uploads\/sites\/15\/2024\/02\/O-ENSINO-DE-TERMOLOGIA-ATRAV\u00c9S-DE-FILMES-DE-FIC\u00c7\u00c3O-CIENT\u00cdFICA.pdf\" target=\"_blank\" rel=\"noopener noreferrer\">Baixar<\/a><\/p>\r\n<p><a href=\"https:\/\/site.ifes.edu.br\/lab-instrumentacao\/wp-content\/uploads\/sites\/15\/2024\/02\/O-ENSINO-SOB-MEDIDA-DE-HIDROST\u00c1TICA-DURANTE-A-PANDEMIA-DE-COVID-19.pdf\" target=\"_blank\" rel=\"noopener noreferrer\">O ENSINO SOB MEDIDA DE HIDROST\u00c1TICA DURANTE A PANDEMIA DE COVID-19<\/a> <a class=\"wp-block-file__button\" style=\"color: green\" href=\"https:\/\/site.ifes.edu.br\/lab-instrumentacao\/wp-content\/uploads\/sites\/15\/2024\/02\/A-ADAPTA\u00c7\u00c3O-DO-ENSINO-DE-HIDROST\u00c1TICA-NA-PANDEMIA-DE-COVID-19.pdf\" target=\"_blank\" rel=\"noopener noreferrer\">Baixar<\/a><\/p>\r\n<p><a href=\"https:\/\/site.ifes.edu.br\/lab-instrumentacao\/wp-content\/uploads\/sites\/15\/2024\/02\/USO-DE-TECNOLOGIAS-DIGITAIS-E-DE-GAMIFICA\u00c7\u00c3O-NO-ENSINO-DE-ASTRONOMIA-CONHECENDO-O-SISTEMA-SOLAR.pdf\" target=\"_blank\" rel=\"noopener noreferrer\">USO DE TECNOLOGIAS DIGITAIS E DE GAMIFICA\u00c7\u00c3O NO ENSINO DE ASTRONOMIA CONHECENDO O SISTEMA SOLAR<\/a> <a class=\"wp-block-file__button\" style=\"color: green\" href=\"https:\/\/site.ifes.edu.br\/lab-instrumentacao\/wp-content\/uploads\/sites\/15\/2024\/02\/USO-DE-TECNOLOGIAS-DIGITAIS-E-DE-GAMIFICA\u00c7\u00c3O-NO-ENSINO-DE-ASTRONOMIA-CONHECENDO-O-SISTEMA-SOLAR.pdf\" target=\"_blank\" rel=\"noopener noreferrer\">Baixar<\/a><\/p>\r\n<p><a href=\"https:\/\/site.ifes.edu.br\/lab-instrumentacao\/wp-content\/uploads\/sites\/15\/2024\/02\/USO-DE-TECNOLOGIAS-DIGITAIS-NO-ENSINO-DE-ASTRONOMIA-CONHECENDO-O-SISTEMA-SOLAR-ATRAV\u00c9S-DO-SOFTWARE-STELLARIUM.pdf\" target=\"_blank\" rel=\"noopener noreferrer\">USO DE TECNOLOGIAS DIGITAIS NO ENSINO DE ASTRONOMIA CONHECENDO O SISTEMA SOLAR ATRAV\u00c9S DO SOFTWARE STELLARIUM<\/a> <a class=\"wp-block-file__button\" style=\"color: green\" href=\"https:\/\/site.ifes.edu.br\/lab-instrumentacao\/wp-content\/uploads\/sites\/15\/2024\/02\/USO-DE-TECNOLOGIAS-DIGITAIS-NO-ENSINO-DE-ASTRONOMIA-CONHECENDO-O-SISTEMA-SOLAR-ATRAV\u00c9S-DO-SOFTWARE-STELLARIUM.pdf\" target=\"_blank\" rel=\"noopener noreferrer\">Baixar<\/a><\/p>\r\n<p>&nbsp;<\/p>\r\n<\/div>\r\n<div>\r\n<h2><strong>Artigos completos publicados em Anais de Congressos em 2024:<\/strong><\/h2>\r\n<\/div>\r\n<p><a href=\"https:\/\/site.ifes.edu.br\/lab-instrumentacao\/wp-content\/uploads\/sites\/15\/2024\/12\/A-GRAVITACAO-AO-LONGO-DA-HISTORIA-ATRAVES-DE-CARTAZES.pdf\" target=\"_blank\" rel=\"noopener\">A GRAVITA\u00c7\u00c3O AO LONGO DA HIST\u00d3RIA ATRAV\u00c9S DE CARTAZES<\/a><\/p>\r\n","protected":false},"excerpt":{"rendered":"<p>Cap\u00edtulos de livro publicados em 2022: Artigos publicados em anais de congressos com ISBN em 2022: Artigos publicados em revistas em 2022:<\/p>\n","protected":false},"author":12,"featured_media":0,"parent":0,"menu_order":0,"comment_status":"closed","ping_status":"closed","template":"","meta":{"footnotes":""},"class_list":["post-67","page","type-page","status-publish","hentry"],"_links":{"self":[{"href":"https:\/\/site.ifes.edu.br\/lab-instrumentacao\/wp-json\/wp\/v2\/pages\/67"}],"collection":[{"href":"https:\/\/site.ifes.edu.br\/lab-instrumentacao\/wp-json\/wp\/v2\/pages"}],"about":[{"href":"https:\/\/site.ifes.edu.br\/lab-instrumentacao\/wp-json\/wp\/v2\/types\/page"}],"author":[{"embeddable":true,"href":"https:\/\/site.ifes.edu.br\/lab-instrumentacao\/wp-json\/wp\/v2\/users\/12"}],"replies":[{"embeddable":true,"href":"https:\/\/site.ifes.edu.br\/lab-instrumentacao\/wp-json\/wp\/v2\/comments?post=67"}],"version-history":[{"count":28,"href":"https:\/\/site.ifes.edu.br\/lab-instrumentacao\/wp-json\/wp\/v2\/pages\/67\/revisions"}],"predecessor-version":[{"id":1836,"href":"https:\/\/site.ifes.edu.br\/lab-instrumentacao\/wp-json\/wp\/v2\/pages\/67\/revisions\/1836"}],"wp:attachment":[{"href":"https:\/\/site.ifes.edu.br\/lab-instrumentacao\/wp-json\/wp\/v2\/media?parent=67"}],"curies":[{"name":"wp","href":"https:\/\/api.w.org\/{rel}","templated":true}]}}