{"id":647,"date":"2022-12-17T18:22:19","date_gmt":"2022-12-17T21:22:19","guid":{"rendered":"https:\/\/site.ifes.edu.br\/lab-instrumentacao\/?page_id=647"},"modified":"2023-12-20T22:45:56","modified_gmt":"2023-12-21T01:45:56","slug":"sequencia-didatica-baseada-nos-livros-do-novo-ensino-medio","status":"publish","type":"page","link":"https:\/\/site.ifes.edu.br\/lab-instrumentacao\/sequencia-didatica-baseada-nos-livros-do-novo-ensino-medio\/","title":{"rendered":"Sequ\u00eancia did\u00e1tica baseada nos livros do Novo Ensino M\u00e9dio"},"content":{"rendered":"\r\n<p>&nbsp;<\/p>\r\n\r\n\r\n\r\n<div class=\"wp-block-media-text alignwide is-stacked-on-mobile\">\r\n<figure class=\"wp-block-media-text__media\"><img fetchpriority=\"high\" decoding=\"async\" width=\"600\" height=\"300\" class=\"wp-image-649\" src=\"https:\/\/site.ifes.edu.br\/lab-instrumentacao\/wp-content\/uploads\/sites\/15\/2022\/12\/efeito-estufa-2.jpg\" alt=\"\" srcset=\"https:\/\/site.ifes.edu.br\/lab-instrumentacao\/wp-content\/uploads\/sites\/15\/2022\/12\/efeito-estufa-2.jpg 600w, https:\/\/site.ifes.edu.br\/lab-instrumentacao\/wp-content\/uploads\/sites\/15\/2022\/12\/efeito-estufa-2-300x150.jpg 300w, https:\/\/site.ifes.edu.br\/lab-instrumentacao\/wp-content\/uploads\/sites\/15\/2022\/12\/efeito-estufa-2-120x60.jpg 120w\" sizes=\"(max-width: 600px) 100vw, 600px\" \/><\/figure>\r\n<div class=\"wp-block-media-text__content\">\r\n<p class=\"has-large-font-size\"><a href=\"https:\/\/site.ifes.edu.br\/lab-instrumentacao\/proposta-de-atividade-para-a-etapa-do-ensino-medio-area-do-conhecimento-ciencias-da-natureza-e-suas-tecnologias\/\" target=\"_blank\" rel=\"noreferrer noopener\">Din\u00e2mica e consequ\u00eancias do Efeito Estufa<\/a><\/p>\r\n<\/div>\r\n<\/div>\r\n\r\n\r\n<hr class=\"wp-block-separator is-style-wide\" \/>\r\n\r\n\r\n<div class=\"wp-block-media-text alignwide is-stacked-on-mobile\">\r\n<figure class=\"wp-block-media-text__media\"><img decoding=\"async\" width=\"138\" height=\"170\" class=\"wp-image-681\" src=\"https:\/\/site.ifes.edu.br\/lab-instrumentacao\/wp-content\/uploads\/sites\/15\/2022\/12\/bulinha-3.png\" alt=\"\" srcset=\"https:\/\/site.ifes.edu.br\/lab-instrumentacao\/wp-content\/uploads\/sites\/15\/2022\/12\/bulinha-3.png 138w, https:\/\/site.ifes.edu.br\/lab-instrumentacao\/wp-content\/uploads\/sites\/15\/2022\/12\/bulinha-3-49x60.png 49w\" sizes=\"(max-width: 138px) 100vw, 138px\" \/><\/figure>\r\n<div class=\"wp-block-media-text__content\">\r\n<p class=\"has-large-font-size\"><a href=\"https:\/\/site.ifes.edu.br\/lab-instrumentacao\/plano-de-aula-com-conteudo-sobre-movimento-retilineo-uniformemente-variado-e-queda-livre-para-o-ensino-medio\/\">Queda Livre (MRUV)<\/a><\/p>\r\n<\/div>\r\n<\/div>\r\n","protected":false},"excerpt":{"rendered":"<p>&nbsp; Din\u00e2mica e consequ\u00eancias do Efeito Estufa Queda Livre (MRUV)<\/p>\n","protected":false},"author":12,"featured_media":0,"parent":0,"menu_order":0,"comment_status":"closed","ping_status":"closed","template":"","meta":{"footnotes":""},"class_list":["post-647","page","type-page","status-publish","hentry"],"_links":{"self":[{"href":"https:\/\/site.ifes.edu.br\/lab-instrumentacao\/wp-json\/wp\/v2\/pages\/647"}],"collection":[{"href":"https:\/\/site.ifes.edu.br\/lab-instrumentacao\/wp-json\/wp\/v2\/pages"}],"about":[{"href":"https:\/\/site.ifes.edu.br\/lab-instrumentacao\/wp-json\/wp\/v2\/types\/page"}],"author":[{"embeddable":true,"href":"https:\/\/site.ifes.edu.br\/lab-instrumentacao\/wp-json\/wp\/v2\/users\/12"}],"replies":[{"embeddable":true,"href":"https:\/\/site.ifes.edu.br\/lab-instrumentacao\/wp-json\/wp\/v2\/comments?post=647"}],"version-history":[{"count":7,"href":"https:\/\/site.ifes.edu.br\/lab-instrumentacao\/wp-json\/wp\/v2\/pages\/647\/revisions"}],"predecessor-version":[{"id":1411,"href":"https:\/\/site.ifes.edu.br\/lab-instrumentacao\/wp-json\/wp\/v2\/pages\/647\/revisions\/1411"}],"wp:attachment":[{"href":"https:\/\/site.ifes.edu.br\/lab-instrumentacao\/wp-json\/wp\/v2\/media?parent=647"}],"curies":[{"name":"wp","href":"https:\/\/api.w.org\/{rel}","templated":true}]}}