{"id":623,"date":"2022-12-16T17:59:03","date_gmt":"2022-12-16T20:59:03","guid":{"rendered":"https:\/\/site.ifes.edu.br\/lab-instrumentacao\/?page_id=623"},"modified":"2022-12-16T17:59:04","modified_gmt":"2022-12-16T20:59:04","slug":"roteiro-de-experimento-pendulo-de-newton","status":"publish","type":"page","link":"https:\/\/site.ifes.edu.br\/lab-instrumentacao\/roteiro-de-experimento-pendulo-de-newton\/","title":{"rendered":"ROTEIRO DE EXPERIMENTO: P\u00caNDULO DE NEWTON"},"content":{"rendered":"\n<p>Este trabalho apresenta um roteiro de experimento referente ao P\u00eandulo de Newton, como j\u00e1 \u00e9 de conhecimento na \u00e1rea de conhecimento da F\u00edsica, e apresentado em alguns livros did\u00e1ticos, tanto do Ensino M\u00e9dio quanto do Ensino Superior. O objetivo \u00e9 disponibilizar aos discentes um modelo simplificado desse p\u00eandulo, a fim de, confeccion\u00e1-lo com materiais reaproveitados, encontrados no laborat\u00f3rio da institui\u00e7\u00e3o de ensino, e na necessidade, adquirir alguns que n\u00e3o sejam reaproveitados, por\u00e9m focando num custo baixo. A inspira\u00e7\u00e3o para o experimento se deve ao conte\u00fado produzido no DVD da The Video Encyclopedia of Physics Demonstrations (Enciclop\u00e9dia de F\u00edsica com Demonstra\u00e7\u00f5es), aonde \u00e9 poss\u00edvel encontrar muitos outros experimentos.<\/p>\n\n\n\n<div class=\"wp-block-file\"><a href=\"https:\/\/site.ifes.edu.br\/lab-instrumentacao\/wp-content\/uploads\/sites\/15\/2022\/12\/relat\u00f3rio_experimento_p\u00eandulo_newton.pdf\">relat\u00f3rio_experimento_p\u00eandulo_newton<\/a><a href=\"https:\/\/site.ifes.edu.br\/lab-instrumentacao\/wp-content\/uploads\/sites\/15\/2022\/12\/relat\u00f3rio_experimento_p\u00eandulo_newton.pdf\" class=\"wp-block-file__button\" download>Baixar<\/a><\/div>\n","protected":false},"excerpt":{"rendered":"<p>Este trabalho apresenta um roteiro de experimento referente ao P\u00eandulo de Newton, como j\u00e1 \u00e9 de conhecimento na \u00e1rea de conhecimento da F\u00edsica, e apresentado em alguns livros did\u00e1ticos, tanto do Ensino M\u00e9dio quanto do Ensino Superior. O objetivo \u00e9 disponibilizar aos discentes um modelo simplificado desse p\u00eandulo, a fim &hellip; <\/p>\n","protected":false},"author":12,"featured_media":0,"parent":0,"menu_order":0,"comment_status":"closed","ping_status":"closed","template":"","meta":{"footnotes":""},"class_list":["post-623","page","type-page","status-publish","hentry"],"_links":{"self":[{"href":"https:\/\/site.ifes.edu.br\/lab-instrumentacao\/wp-json\/wp\/v2\/pages\/623"}],"collection":[{"href":"https:\/\/site.ifes.edu.br\/lab-instrumentacao\/wp-json\/wp\/v2\/pages"}],"about":[{"href":"https:\/\/site.ifes.edu.br\/lab-instrumentacao\/wp-json\/wp\/v2\/types\/page"}],"author":[{"embeddable":true,"href":"https:\/\/site.ifes.edu.br\/lab-instrumentacao\/wp-json\/wp\/v2\/users\/12"}],"replies":[{"embeddable":true,"href":"https:\/\/site.ifes.edu.br\/lab-instrumentacao\/wp-json\/wp\/v2\/comments?post=623"}],"version-history":[{"count":1,"href":"https:\/\/site.ifes.edu.br\/lab-instrumentacao\/wp-json\/wp\/v2\/pages\/623\/revisions"}],"predecessor-version":[{"id":625,"href":"https:\/\/site.ifes.edu.br\/lab-instrumentacao\/wp-json\/wp\/v2\/pages\/623\/revisions\/625"}],"wp:attachment":[{"href":"https:\/\/site.ifes.edu.br\/lab-instrumentacao\/wp-json\/wp\/v2\/media?parent=623"}],"curies":[{"name":"wp","href":"https:\/\/api.w.org\/{rel}","templated":true}]}}