{"id":586,"date":"2022-12-15T18:50:08","date_gmt":"2022-12-15T21:50:08","guid":{"rendered":"https:\/\/site.ifes.edu.br\/lab-instrumentacao\/?page_id=586"},"modified":"2023-07-04T10:03:46","modified_gmt":"2023-07-04T13:03:46","slug":"atividade-baseada-em-videos-produto-didatico-roteiro-do-trabalho-adla-medeiros-e-raynara-souza","status":"publish","type":"page","link":"https:\/\/site.ifes.edu.br\/lab-instrumentacao\/atividade-baseada-em-videos-produto-didatico-roteiro-do-trabalho-adla-medeiros-e-raynara-souza\/","title":{"rendered":"Atividade baseada em v\u00eddeos (Produto did\u00e1tico\/Roteiro do trabalho) &#8211; \u00c1dla Medeiros e Raynara Souza"},"content":{"rendered":"\n<h3 class=\"wp-block-heading\">Produto did\u00e1tico baseado em v\u00eddeos &#8211; Introdu\u00e7\u00e3o \u00e0 Mec\u00e2nica<\/h3>\n\n\n\n<p>Prop\u00f5e-se uma aula que utilize v\u00eddeos para o ensino de F\u00edsica, utilizando uma din\u00e2mica que se difere \u00e0 tradicional<\/p>\n\n\n\n<div class=\"wp-block-file\"><a href=\"https:\/\/site.ifes.edu.br\/lab-instrumentacao\/wp-content\/uploads\/sites\/15\/2022\/12\/Produto-Did\u00e1tico-baseado-em-V\u00eddeos-Introdu\u00e7\u00e3o-\u00e0-Mec\u00e2nica.pdf\">Produto-Did\u00e1tico-baseado-em-V\u00eddeos-Introdu\u00e7\u00e3o-\u00e0-Mec\u00e2nica<\/a><a href=\"https:\/\/site.ifes.edu.br\/lab-instrumentacao\/wp-content\/uploads\/sites\/15\/2022\/12\/Produto-Did\u00e1tico-baseado-em-V\u00eddeos-Introdu\u00e7\u00e3o-\u00e0-Mec\u00e2nica.pdf\" class=\"wp-block-file__button\" download>Baixar<\/a><\/div>\n\n\n\n<div class=\"wp-block-file\"><a href=\"https:\/\/site.ifes.edu.br\/lab-instrumentacao\/wp-content\/uploads\/sites\/15\/2023\/06\/Plano-de-Aula-Sequ\u00eancia-Did\u00e1tica-Videos-S\u00e1vio-e-Roger.pdf\">Atividade investigativa &#8211; Capacitores<\/a><a href=\"https:\/\/site.ifes.edu.br\/lab-instrumentacao\/wp-content\/uploads\/sites\/15\/2023\/06\/Plano-de-Aula-Sequ\u00eancia-Did\u00e1tica-Videos-S\u00e1vio-e-Roger.pdf\" class=\"wp-block-file__button\" download>Baixar<\/a><\/div>\n","protected":false},"excerpt":{"rendered":"<p>Produto did\u00e1tico baseado em v\u00eddeos &#8211; Introdu\u00e7\u00e3o \u00e0 Mec\u00e2nica Prop\u00f5e-se uma aula que utilize v\u00eddeos para o ensino de F\u00edsica, utilizando uma din\u00e2mica que se difere \u00e0 tradicional<\/p>\n","protected":false},"author":12,"featured_media":0,"parent":0,"menu_order":0,"comment_status":"closed","ping_status":"closed","template":"","meta":{"footnotes":""},"class_list":["post-586","page","type-page","status-publish","hentry"],"_links":{"self":[{"href":"https:\/\/site.ifes.edu.br\/lab-instrumentacao\/wp-json\/wp\/v2\/pages\/586"}],"collection":[{"href":"https:\/\/site.ifes.edu.br\/lab-instrumentacao\/wp-json\/wp\/v2\/pages"}],"about":[{"href":"https:\/\/site.ifes.edu.br\/lab-instrumentacao\/wp-json\/wp\/v2\/types\/page"}],"author":[{"embeddable":true,"href":"https:\/\/site.ifes.edu.br\/lab-instrumentacao\/wp-json\/wp\/v2\/users\/12"}],"replies":[{"embeddable":true,"href":"https:\/\/site.ifes.edu.br\/lab-instrumentacao\/wp-json\/wp\/v2\/comments?post=586"}],"version-history":[{"count":2,"href":"https:\/\/site.ifes.edu.br\/lab-instrumentacao\/wp-json\/wp\/v2\/pages\/586\/revisions"}],"predecessor-version":[{"id":886,"href":"https:\/\/site.ifes.edu.br\/lab-instrumentacao\/wp-json\/wp\/v2\/pages\/586\/revisions\/886"}],"wp:attachment":[{"href":"https:\/\/site.ifes.edu.br\/lab-instrumentacao\/wp-json\/wp\/v2\/media?parent=586"}],"curies":[{"name":"wp","href":"https:\/\/api.w.org\/{rel}","templated":true}]}}