{"id":572,"date":"2022-12-15T18:13:00","date_gmt":"2022-12-15T21:13:00","guid":{"rendered":"https:\/\/site.ifes.edu.br\/lab-instrumentacao\/?page_id=572"},"modified":"2022-12-15T18:18:13","modified_gmt":"2022-12-15T21:18:13","slug":"ser-protagonista-energia-e-transformacoes","status":"publish","type":"page","link":"https:\/\/site.ifes.edu.br\/lab-instrumentacao\/ser-protagonista-energia-e-transformacoes\/","title":{"rendered":"Ser Protagonista: Energia e suas Transforma\u00e7\u00f5es"},"content":{"rendered":"\n<h3 class=\"wp-block-heading\">Ser Protagonista: Energia e suas Transforma\u00e7\u00f5es<\/h3>\n\n\n\n<p>An\u00e1lise dos livros de ensino m\u00e9dio da s\u00e9rie Ser Protagonista com base na BNCC, na busca de ver se eles contemplam a compet\u00eancia espec\u00edfica C1 da \u00e1rea Ci\u00eancias da Natureza e suas Tecnologias<\/p>\n\n\n\n<div class=\"wp-block-file\"><a href=\"https:\/\/site.ifes.edu.br\/lab-instrumentacao\/wp-content\/uploads\/sites\/15\/2022\/12\/An\u00e1lise-dos-Livros-Ensino-M\u00e9dio-Gabriel-Thiago-e-Leonardo.docx.pdf\">An\u00e1lise-dos-Livros-Ensino-M\u00e9dio-Gabriel-Thiago-e-Leonardo.docx<\/a><a href=\"https:\/\/site.ifes.edu.br\/lab-instrumentacao\/wp-content\/uploads\/sites\/15\/2022\/12\/An\u00e1lise-dos-Livros-Ensino-M\u00e9dio-Gabriel-Thiago-e-Leonardo.docx.pdf\" class=\"wp-block-file__button\" download>Baixar<\/a><\/div>\n\n\n\n<p><\/p>\n","protected":false},"excerpt":{"rendered":"<p>Ser Protagonista: Energia e suas Transforma\u00e7\u00f5es An\u00e1lise dos livros de ensino m\u00e9dio da s\u00e9rie Ser Protagonista com base na BNCC, na busca de ver se eles contemplam a compet\u00eancia espec\u00edfica C1 da \u00e1rea Ci\u00eancias da Natureza e suas Tecnologias<\/p>\n","protected":false},"author":12,"featured_media":0,"parent":0,"menu_order":0,"comment_status":"closed","ping_status":"closed","template":"","meta":{"footnotes":""},"class_list":["post-572","page","type-page","status-publish","hentry"],"_links":{"self":[{"href":"https:\/\/site.ifes.edu.br\/lab-instrumentacao\/wp-json\/wp\/v2\/pages\/572"}],"collection":[{"href":"https:\/\/site.ifes.edu.br\/lab-instrumentacao\/wp-json\/wp\/v2\/pages"}],"about":[{"href":"https:\/\/site.ifes.edu.br\/lab-instrumentacao\/wp-json\/wp\/v2\/types\/page"}],"author":[{"embeddable":true,"href":"https:\/\/site.ifes.edu.br\/lab-instrumentacao\/wp-json\/wp\/v2\/users\/12"}],"replies":[{"embeddable":true,"href":"https:\/\/site.ifes.edu.br\/lab-instrumentacao\/wp-json\/wp\/v2\/comments?post=572"}],"version-history":[{"count":2,"href":"https:\/\/site.ifes.edu.br\/lab-instrumentacao\/wp-json\/wp\/v2\/pages\/572\/revisions"}],"predecessor-version":[{"id":585,"href":"https:\/\/site.ifes.edu.br\/lab-instrumentacao\/wp-json\/wp\/v2\/pages\/572\/revisions\/585"}],"wp:attachment":[{"href":"https:\/\/site.ifes.edu.br\/lab-instrumentacao\/wp-json\/wp\/v2\/media?parent=572"}],"curies":[{"name":"wp","href":"https:\/\/api.w.org\/{rel}","templated":true}]}}