{"id":571,"date":"2022-12-15T18:08:07","date_gmt":"2022-12-15T21:08:07","guid":{"rendered":"https:\/\/site.ifes.edu.br\/lab-instrumentacao\/?page_id=571"},"modified":"2022-12-15T18:38:27","modified_gmt":"2022-12-15T21:38:27","slug":"analise-dos-livros-didaticos-do-novo-ensino-medio","status":"publish","type":"page","link":"https:\/\/site.ifes.edu.br\/lab-instrumentacao\/analise-dos-livros-didaticos-do-novo-ensino-medio\/","title":{"rendered":"An\u00e1lise dos livros did\u00e1ticos  do novo Ensino M\u00e9dio"},"content":{"rendered":"\n<h3 class=\"wp-block-heading\">Cole\u00e7\u00e3o: Ci\u00eancias da Natureza &#8211; Lopes &amp; Rosso<\/h3>\n\n\n\n<p>Identificar nos livros, da cole\u00e7\u00e3o: Ci\u00eancias da Natureza &#8211; Lopes &amp; Rosso, se contemplam as habilidades destacadas no in\u00edcio de cada unidade, referentes \u00e0 Compet\u00eancia espec\u00edfica (CNT) 3 e habilidades de 06 \u00e0 10 apresentada na BNCC.<\/p>\n\n\n\n<div class=\"wp-block-file\"><a href=\"https:\/\/site.ifes.edu.br\/lab-instrumentacao\/wp-content\/uploads\/sites\/15\/2022\/12\/An\u00e1lise-de-Livros-Did\u00e1ticos-Novo-Ensino-M\u00e9dio-Lopes-e-Rosso.docx.pdf\">An\u00e1lise-de-Livros-Did\u00e1ticos-Novo-Ensino-M\u00e9dio-Lopes-e-Rosso<\/a><a href=\"https:\/\/site.ifes.edu.br\/lab-instrumentacao\/wp-content\/uploads\/sites\/15\/2022\/12\/An\u00e1lise-de-Livros-Did\u00e1ticos-Novo-Ensino-M\u00e9dio-Lopes-e-Rosso.docx.pdf\" class=\"wp-block-file__button\" download>Baixar<\/a><\/div>\n\n\n\n<p><\/p>\n","protected":false},"excerpt":{"rendered":"<p>Cole\u00e7\u00e3o: Ci\u00eancias da Natureza &#8211; Lopes &amp; Rosso Identificar nos livros, da cole\u00e7\u00e3o: Ci\u00eancias da Natureza &#8211; Lopes &amp; Rosso, se contemplam as habilidades destacadas no in\u00edcio de cada unidade, referentes \u00e0 Compet\u00eancia espec\u00edfica (CNT) 3 e habilidades de 06 \u00e0 10 apresentada na BNCC.<\/p>\n","protected":false},"author":12,"featured_media":0,"parent":0,"menu_order":0,"comment_status":"closed","ping_status":"closed","template":"","meta":{"footnotes":""},"class_list":["post-571","page","type-page","status-publish","hentry"],"_links":{"self":[{"href":"https:\/\/site.ifes.edu.br\/lab-instrumentacao\/wp-json\/wp\/v2\/pages\/571"}],"collection":[{"href":"https:\/\/site.ifes.edu.br\/lab-instrumentacao\/wp-json\/wp\/v2\/pages"}],"about":[{"href":"https:\/\/site.ifes.edu.br\/lab-instrumentacao\/wp-json\/wp\/v2\/types\/page"}],"author":[{"embeddable":true,"href":"https:\/\/site.ifes.edu.br\/lab-instrumentacao\/wp-json\/wp\/v2\/users\/12"}],"replies":[{"embeddable":true,"href":"https:\/\/site.ifes.edu.br\/lab-instrumentacao\/wp-json\/wp\/v2\/comments?post=571"}],"version-history":[{"count":2,"href":"https:\/\/site.ifes.edu.br\/lab-instrumentacao\/wp-json\/wp\/v2\/pages\/571\/revisions"}],"predecessor-version":[{"id":594,"href":"https:\/\/site.ifes.edu.br\/lab-instrumentacao\/wp-json\/wp\/v2\/pages\/571\/revisions\/594"}],"wp:attachment":[{"href":"https:\/\/site.ifes.edu.br\/lab-instrumentacao\/wp-json\/wp\/v2\/media?parent=571"}],"curies":[{"name":"wp","href":"https:\/\/api.w.org\/{rel}","templated":true}]}}