{"id":57,"date":"2022-05-09T17:04:37","date_gmt":"2022-05-09T20:04:37","guid":{"rendered":"https:\/\/site.ifes.edu.br\/lab-instrumentacao\/?page_id=57"},"modified":"2024-10-14T18:50:56","modified_gmt":"2024-10-14T21:50:56","slug":"sobre","status":"publish","type":"page","link":"https:\/\/site.ifes.edu.br\/lab-instrumentacao\/sobre\/","title":{"rendered":"Sobre"},"content":{"rendered":"\n<div class=\"wp-block-cover has-background-dim\" style=\"background-image:url(https:\/\/site.ifes.edu.br\/lab-instrumentacao\/wp-content\/uploads\/sites\/15\/2022\/05\/sobre_o_Campus-6.jpg);min-height:182px;aspect-ratio:unset;aspect-ratio:unset;\"><div class=\"wp-block-cover__inner-container is-layout-flow wp-block-cover-is-layout-flow\">\n<p class=\"has-text-align-center has-large-font-size\">Bem-vindos!<\/p>\n<\/div><\/div>\n\r\n\r\n\r\n<p>Este site tem o intuito de divulgar os trabalhos realizados pelos estudantes no Laborat\u00f3rio de Instrumenta\u00e7\u00e3o para o Ensino de F\u00edsica do IFES campus Cariacica.<\/p>\r\n","protected":false},"excerpt":{"rendered":"<p>Este site tem o intuito de divulgar os trabalhos realizados pelos estudantes no Laborat\u00f3rio de Instrumenta\u00e7\u00e3o para o Ensino de F\u00edsica do IFES campus Cariacica.<\/p>\n","protected":false},"author":12,"featured_media":0,"parent":0,"menu_order":0,"comment_status":"closed","ping_status":"closed","template":"","meta":{"footnotes":""},"class_list":["post-57","page","type-page","status-publish","hentry"],"_links":{"self":[{"href":"https:\/\/site.ifes.edu.br\/lab-instrumentacao\/wp-json\/wp\/v2\/pages\/57"}],"collection":[{"href":"https:\/\/site.ifes.edu.br\/lab-instrumentacao\/wp-json\/wp\/v2\/pages"}],"about":[{"href":"https:\/\/site.ifes.edu.br\/lab-instrumentacao\/wp-json\/wp\/v2\/types\/page"}],"author":[{"embeddable":true,"href":"https:\/\/site.ifes.edu.br\/lab-instrumentacao\/wp-json\/wp\/v2\/users\/12"}],"replies":[{"embeddable":true,"href":"https:\/\/site.ifes.edu.br\/lab-instrumentacao\/wp-json\/wp\/v2\/comments?post=57"}],"version-history":[{"count":2,"href":"https:\/\/site.ifes.edu.br\/lab-instrumentacao\/wp-json\/wp\/v2\/pages\/57\/revisions"}],"predecessor-version":[{"id":156,"href":"https:\/\/site.ifes.edu.br\/lab-instrumentacao\/wp-json\/wp\/v2\/pages\/57\/revisions\/156"}],"wp:attachment":[{"href":"https:\/\/site.ifes.edu.br\/lab-instrumentacao\/wp-json\/wp\/v2\/media?parent=57"}],"curies":[{"name":"wp","href":"https:\/\/api.w.org\/{rel}","templated":true}]}}