{"id":555,"date":"2022-12-15T17:57:06","date_gmt":"2022-12-15T20:57:06","guid":{"rendered":"https:\/\/site.ifes.edu.br\/lab-instrumentacao\/?page_id=555"},"modified":"2022-12-20T13:30:18","modified_gmt":"2022-12-20T16:30:18","slug":"atrito-entre-corpos-e-superficies-pendulo-e-forcas-concentradas-em-um-ponto-do-corpo","status":"publish","type":"page","link":"https:\/\/site.ifes.edu.br\/lab-instrumentacao\/atrito-entre-corpos-e-superficies-pendulo-e-forcas-concentradas-em-um-ponto-do-corpo\/","title":{"rendered":"Atrito entre corpos e superf\u00edcies, P\u00eandulo e for\u00e7as concentradas em um ponto do corpo"},"content":{"rendered":"\n<h3 class=\"wp-block-heading\">Atrito entre corpos e superf\u00edcies, P\u00eandulo e<br>for\u00e7as concentradas em um ponto do corpo<\/h3>\n\n\n\n<p>Roteiro do trabalho feito com base em v\u00eddeos de experimentos a respeito de atrito, trabalho, energia e pot\u00eancia, al\u00e9m de centro de massa, pra produ\u00e7\u00e3o de um produto did\u00e1tico seguindo a metodologia peer instruction (estudo investigativo) com auxilio da ferramenta Plickers.<\/p>\n\n\n\n<div class=\"wp-block-group alignwide\"><div class=\"wp-block-group__inner-container is-layout-flow wp-block-group-is-layout-flow\">\n<div class=\"wp-block-file\"><a href=\"https:\/\/site.ifes.edu.br\/lab-instrumentacao\/wp-content\/uploads\/sites\/15\/2022\/12\/Roteiro-do-trabalho-com-os-videos-Gabriel-Leonardo-e-Thiago_compressed.pdf\">Roteiro-do-trabalho-com-os-videos<\/a><a href=\"https:\/\/site.ifes.edu.br\/lab-instrumentacao\/wp-content\/uploads\/sites\/15\/2022\/12\/Roteiro-do-trabalho-com-os-videos-Gabriel-Leonardo-e-Thiago_compressed.pdf\" class=\"wp-block-file__button\" download>Baixar<\/a><\/div>\n<\/div><\/div>\n\n\n\n<p><\/p>\n","protected":false},"excerpt":{"rendered":"<p>Atrito entre corpos e superf\u00edcies, P\u00eandulo efor\u00e7as concentradas em um ponto do corpo Roteiro do trabalho feito com base em v\u00eddeos de experimentos a respeito de atrito, trabalho, energia e pot\u00eancia, al\u00e9m de centro de massa, pra produ\u00e7\u00e3o de um produto did\u00e1tico seguindo a metodologia peer instruction (estudo investigativo) com &hellip; <\/p>\n","protected":false},"author":12,"featured_media":0,"parent":0,"menu_order":0,"comment_status":"closed","ping_status":"closed","template":"","meta":{"footnotes":""},"class_list":["post-555","page","type-page","status-publish","hentry"],"_links":{"self":[{"href":"https:\/\/site.ifes.edu.br\/lab-instrumentacao\/wp-json\/wp\/v2\/pages\/555"}],"collection":[{"href":"https:\/\/site.ifes.edu.br\/lab-instrumentacao\/wp-json\/wp\/v2\/pages"}],"about":[{"href":"https:\/\/site.ifes.edu.br\/lab-instrumentacao\/wp-json\/wp\/v2\/types\/page"}],"author":[{"embeddable":true,"href":"https:\/\/site.ifes.edu.br\/lab-instrumentacao\/wp-json\/wp\/v2\/users\/12"}],"replies":[{"embeddable":true,"href":"https:\/\/site.ifes.edu.br\/lab-instrumentacao\/wp-json\/wp\/v2\/comments?post=555"}],"version-history":[{"count":7,"href":"https:\/\/site.ifes.edu.br\/lab-instrumentacao\/wp-json\/wp\/v2\/pages\/555\/revisions"}],"predecessor-version":[{"id":670,"href":"https:\/\/site.ifes.edu.br\/lab-instrumentacao\/wp-json\/wp\/v2\/pages\/555\/revisions\/670"}],"wp:attachment":[{"href":"https:\/\/site.ifes.edu.br\/lab-instrumentacao\/wp-json\/wp\/v2\/media?parent=555"}],"curies":[{"name":"wp","href":"https:\/\/api.w.org\/{rel}","templated":true}]}}