{"id":489,"date":"2022-12-13T14:33:51","date_gmt":"2022-12-13T17:33:51","guid":{"rendered":"https:\/\/site.ifes.edu.br\/lab-instrumentacao\/?page_id=489"},"modified":"2022-12-21T20:10:47","modified_gmt":"2022-12-21T23:10:47","slug":"analise-livros-didaticos","status":"publish","type":"page","link":"https:\/\/site.ifes.edu.br\/lab-instrumentacao\/analise-livros-didaticos\/","title":{"rendered":"An\u00e1lise Livros Did\u00e1ticos"},"content":{"rendered":"\n<div class=\"wp-block-media-text alignwide is-stacked-on-mobile\" style=\"grid-template-columns:53% auto\"><figure class=\"wp-block-media-text__media\"><img fetchpriority=\"high\" decoding=\"async\" width=\"480\" height=\"480\" src=\"https:\/\/site.ifes.edu.br\/lab-instrumentacao\/wp-content\/uploads\/sites\/15\/2022\/12\/3D-Multiversos-Ciencias-da-Natureza-02.png\" alt=\"\" class=\"wp-image-527\" srcset=\"https:\/\/site.ifes.edu.br\/lab-instrumentacao\/wp-content\/uploads\/sites\/15\/2022\/12\/3D-Multiversos-Ciencias-da-Natureza-02.png 480w, https:\/\/site.ifes.edu.br\/lab-instrumentacao\/wp-content\/uploads\/sites\/15\/2022\/12\/3D-Multiversos-Ciencias-da-Natureza-02-300x300.png 300w, https:\/\/site.ifes.edu.br\/lab-instrumentacao\/wp-content\/uploads\/sites\/15\/2022\/12\/3D-Multiversos-Ciencias-da-Natureza-02-150x150.png 150w, https:\/\/site.ifes.edu.br\/lab-instrumentacao\/wp-content\/uploads\/sites\/15\/2022\/12\/3D-Multiversos-Ciencias-da-Natureza-02-435x435.png 435w, https:\/\/site.ifes.edu.br\/lab-instrumentacao\/wp-content\/uploads\/sites\/15\/2022\/12\/3D-Multiversos-Ciencias-da-Natureza-02-60x60.png 60w\" sizes=\"(max-width: 480px) 100vw, 480px\" \/><\/figure><div class=\"wp-block-media-text__content\">\n<p style=\"font-size:22px\"><a rel=\"noreferrer noopener\" href=\"https:\/\/site.ifes.edu.br\/lab-instrumentacao\/analise-dos-livros-didaticos-adotados-para-a-etapa-do-ensino-medio-area-do-conhecimento-ciencias-da-natureza-e-suas-tecnologias-segundo-a-bncc\/\" target=\"_blank\"><strong>Cole\u00e7\u00e3o Multiversos: Ci\u00eancias da Natureza<\/strong><\/a><\/p>\n<\/div><\/div>\n\n\n\n<hr class=\"wp-block-separator is-style-wide\" \/>\n\n\n\n<div class=\"wp-block-media-text alignwide is-stacked-on-mobile\" style=\"grid-template-columns:52% auto\"><figure class=\"wp-block-media-text__media\"><img decoding=\"async\" width=\"1024\" height=\"724\" src=\"https:\/\/site.ifes.edu.br\/lab-instrumentacao\/wp-content\/uploads\/sites\/15\/2022\/12\/Vota\u00e7\u00e3o-do-J\u00fari-Morte-ou-Miseric\u00f3rdia-2-1024x724.png\" alt=\"\" class=\"wp-image-562\" srcset=\"https:\/\/site.ifes.edu.br\/lab-instrumentacao\/wp-content\/uploads\/sites\/15\/2022\/12\/Vota\u00e7\u00e3o-do-J\u00fari-Morte-ou-Miseric\u00f3rdia-2-1024x724.png 1024w, https:\/\/site.ifes.edu.br\/lab-instrumentacao\/wp-content\/uploads\/sites\/15\/2022\/12\/Vota\u00e7\u00e3o-do-J\u00fari-Morte-ou-Miseric\u00f3rdia-2-300x212.png 300w, https:\/\/site.ifes.edu.br\/lab-instrumentacao\/wp-content\/uploads\/sites\/15\/2022\/12\/Vota\u00e7\u00e3o-do-J\u00fari-Morte-ou-Miseric\u00f3rdia-2-768x543.png 768w, https:\/\/site.ifes.edu.br\/lab-instrumentacao\/wp-content\/uploads\/sites\/15\/2022\/12\/Vota\u00e7\u00e3o-do-J\u00fari-Morte-ou-Miseric\u00f3rdia-2-1536x1086.png 1536w, https:\/\/site.ifes.edu.br\/lab-instrumentacao\/wp-content\/uploads\/sites\/15\/2022\/12\/Vota\u00e7\u00e3o-do-J\u00fari-Morte-ou-Miseric\u00f3rdia-2-85x60.png 85w, https:\/\/site.ifes.edu.br\/lab-instrumentacao\/wp-content\/uploads\/sites\/15\/2022\/12\/Vota\u00e7\u00e3o-do-J\u00fari-Morte-ou-Miseric\u00f3rdia-2.png 2000w\" sizes=\"(max-width: 1024px) 100vw, 1024px\" \/><\/figure><div class=\"wp-block-media-text__content\">\n<p style=\"font-size:22px\"><strong><a href=\"https:\/\/site.ifes.edu.br\/lab-instrumentacao\/analise-dos-livros-didaticos-do-novo-ensino-medio\/\">Cole\u00e7\u00e3o: Ci\u00eancias da Natureza \u2013 Lopes &amp; Rosso<\/a><\/strong><\/p>\n<\/div><\/div>\n\n\n\n<hr class=\"wp-block-separator is-style-wide\" \/>\n\n\n\n<div class=\"wp-block-media-text alignwide is-stacked-on-mobile\" style=\"grid-template-columns:48% auto\"><figure class=\"wp-block-media-text__media\"><img decoding=\"async\" width=\"210\" height=\"279\" src=\"https:\/\/site.ifes.edu.br\/lab-instrumentacao\/wp-content\/uploads\/sites\/15\/2022\/12\/SP_PNLD21_CAPA_CN_ENERGIA_LA_P2_rev_liberado_Marketing-3.png\" alt=\"\" class=\"wp-image-607\" srcset=\"https:\/\/site.ifes.edu.br\/lab-instrumentacao\/wp-content\/uploads\/sites\/15\/2022\/12\/SP_PNLD21_CAPA_CN_ENERGIA_LA_P2_rev_liberado_Marketing-3.png 210w, https:\/\/site.ifes.edu.br\/lab-instrumentacao\/wp-content\/uploads\/sites\/15\/2022\/12\/SP_PNLD21_CAPA_CN_ENERGIA_LA_P2_rev_liberado_Marketing-3-45x60.png 45w\" sizes=\"(max-width: 210px) 100vw, 210px\" \/><\/figure><div class=\"wp-block-media-text__content\">\n<p style=\"font-size:22px\"><a href=\"https:\/\/site.ifes.edu.br\/lab-instrumentacao\/ser-protagonista-energia-e-transformacoes\/\"><strong>Cole\u00e7\u00e3o: Ser Protagonista &#8211; Energia e suas Transforma\u00e7\u00f5es<\/strong><\/a><\/p>\n<\/div><\/div>\n\n\n\n<hr class=\"wp-block-separator is-style-wide\" \/>\n\n\n\n<div class=\"wp-block-media-text alignwide is-stacked-on-mobile\" style=\"grid-template-columns:48% auto\"><figure class=\"wp-block-media-text__media\"><img loading=\"lazy\" decoding=\"async\" width=\"1024\" height=\"768\" src=\"https:\/\/site.ifes.edu.br\/lab-instrumentacao\/wp-content\/uploads\/sites\/15\/2022\/12\/pack-composto-ser-protagonista-ciencias-natureza-tecnologias.jpag_-1024x768.png\" alt=\"\" class=\"wp-image-717\" srcset=\"https:\/\/site.ifes.edu.br\/lab-instrumentacao\/wp-content\/uploads\/sites\/15\/2022\/12\/pack-composto-ser-protagonista-ciencias-natureza-tecnologias.jpag_-1024x768.png 1024w, https:\/\/site.ifes.edu.br\/lab-instrumentacao\/wp-content\/uploads\/sites\/15\/2022\/12\/pack-composto-ser-protagonista-ciencias-natureza-tecnologias.jpag_-300x225.png 300w, https:\/\/site.ifes.edu.br\/lab-instrumentacao\/wp-content\/uploads\/sites\/15\/2022\/12\/pack-composto-ser-protagonista-ciencias-natureza-tecnologias.jpag_-768x576.png 768w, https:\/\/site.ifes.edu.br\/lab-instrumentacao\/wp-content\/uploads\/sites\/15\/2022\/12\/pack-composto-ser-protagonista-ciencias-natureza-tecnologias.jpag_-80x60.png 80w, https:\/\/site.ifes.edu.br\/lab-instrumentacao\/wp-content\/uploads\/sites\/15\/2022\/12\/pack-composto-ser-protagonista-ciencias-natureza-tecnologias.jpag_.png 1046w\" sizes=\"(max-width: 1024px) 100vw, 1024px\" \/><\/figure><div class=\"wp-block-media-text__content\">\n<p style=\"font-size:22px\"><a href=\"https:\/\/site.ifes.edu.br\/lab-instrumentacao\/colecao-ser-protagonista\/\"><strong>Cole\u00e7\u00e3o: Ser Protagonista &#8211; Ci\u00eancias da Natureza e suas Tecnologias<\/strong><\/a> <\/p>\n<\/div><\/div>\n\n\n\n<p><\/p>\n","protected":false},"excerpt":{"rendered":"<p>Cole\u00e7\u00e3o Multiversos: Ci\u00eancias da Natureza Cole\u00e7\u00e3o: Ci\u00eancias da Natureza \u2013 Lopes &amp; Rosso Cole\u00e7\u00e3o: Ser Protagonista &#8211; Energia e suas Transforma\u00e7\u00f5es Cole\u00e7\u00e3o: Ser Protagonista &#8211; Ci\u00eancias da Natureza e suas Tecnologias<\/p>\n","protected":false},"author":12,"featured_media":0,"parent":0,"menu_order":0,"comment_status":"closed","ping_status":"closed","template":"","meta":{"footnotes":""},"class_list":["post-489","page","type-page","status-publish","hentry"],"_links":{"self":[{"href":"https:\/\/site.ifes.edu.br\/lab-instrumentacao\/wp-json\/wp\/v2\/pages\/489"}],"collection":[{"href":"https:\/\/site.ifes.edu.br\/lab-instrumentacao\/wp-json\/wp\/v2\/pages"}],"about":[{"href":"https:\/\/site.ifes.edu.br\/lab-instrumentacao\/wp-json\/wp\/v2\/types\/page"}],"author":[{"embeddable":true,"href":"https:\/\/site.ifes.edu.br\/lab-instrumentacao\/wp-json\/wp\/v2\/users\/12"}],"replies":[{"embeddable":true,"href":"https:\/\/site.ifes.edu.br\/lab-instrumentacao\/wp-json\/wp\/v2\/comments?post=489"}],"version-history":[{"count":24,"href":"https:\/\/site.ifes.edu.br\/lab-instrumentacao\/wp-json\/wp\/v2\/pages\/489\/revisions"}],"predecessor-version":[{"id":721,"href":"https:\/\/site.ifes.edu.br\/lab-instrumentacao\/wp-json\/wp\/v2\/pages\/489\/revisions\/721"}],"wp:attachment":[{"href":"https:\/\/site.ifes.edu.br\/lab-instrumentacao\/wp-json\/wp\/v2\/media?parent=489"}],"curies":[{"name":"wp","href":"https:\/\/api.w.org\/{rel}","templated":true}]}}