{"id":450,"date":"2022-12-12T21:47:18","date_gmt":"2022-12-13T00:47:18","guid":{"rendered":"https:\/\/site.ifes.edu.br\/lab-instrumentacao\/?page_id=450"},"modified":"2024-10-14T19:36:32","modified_gmt":"2024-10-14T22:36:32","slug":"analise-dos-livros-didaticos-adotados-para-a-etapa-do-ensino-medio-area-do-conhecimento-ciencias-da-natureza-e-suas-tecnologias-segundo-a-bncc","status":"publish","type":"page","link":"https:\/\/site.ifes.edu.br\/lab-instrumentacao\/analise-dos-livros-didaticos-adotados-para-a-etapa-do-ensino-medio-area-do-conhecimento-ciencias-da-natureza-e-suas-tecnologias-segundo-a-bncc\/","title":{"rendered":"An\u00e1lise dos livros did\u00e1ticos adotados para a etapa do Ensino M\u00e9dio &#8211; \u00e1rea do conhecimento: ci\u00eancias da natureza e suas tecnologias, segundo a BNCC"},"content":{"rendered":"\r\n<h3 class=\"wp-block-heading\">An\u00e1lise dos livros did\u00e1ticos adotados para a etapa do Ensino M\u00e9dio &#8211; \u00e1rea do conhecimento: ci\u00eancias da natureza e suas tecnologias, segundo a BNCC<\/h3>\r\n\r\n\r\n\r\n<p>Identificar nos livros, da cole\u00e7\u00e3o Multiversos: Ci\u00eancias da Natureza, se contemplam as habilidades destacadas no in\u00edcio de cada unidade, referentes \u00e0 Compet\u00eancia espec\u00edfica 2 apresentada na BNCC.<\/p>\r\n\r\n\r\n\r\n<div class=\"wp-block-file\"><a href=\"https:\/\/site.ifes.edu.br\/lab-instrumentacao\/wp-content\/uploads\/sites\/15\/2022\/12\/an\u00e1lise-dos-livros-did\u00e1ticos.pdf\">an\u00e1lise-dos-livros-did\u00e1ticos<\/a><a class=\"wp-block-file__button\" href=\"https:\/\/site.ifes.edu.br\/lab-instrumentacao\/wp-content\/uploads\/sites\/15\/2022\/12\/an\u00e1lise-dos-livros-did\u00e1ticos.pdf\">Baixar<\/a><\/div>\r\n","protected":false},"excerpt":{"rendered":"<p>An\u00e1lise dos livros did\u00e1ticos adotados para a etapa do Ensino M\u00e9dio &#8211; \u00e1rea do conhecimento: ci\u00eancias da natureza e suas tecnologias, segundo a BNCC Identificar nos livros, da cole\u00e7\u00e3o Multiversos: Ci\u00eancias da Natureza, se contemplam as habilidades destacadas no in\u00edcio de cada unidade, referentes \u00e0 Compet\u00eancia espec\u00edfica 2 apresentada na &hellip; <\/p>\n","protected":false},"author":12,"featured_media":0,"parent":0,"menu_order":0,"comment_status":"closed","ping_status":"closed","template":"","meta":{"footnotes":""},"class_list":["post-450","page","type-page","status-publish","hentry"],"_links":{"self":[{"href":"https:\/\/site.ifes.edu.br\/lab-instrumentacao\/wp-json\/wp\/v2\/pages\/450"}],"collection":[{"href":"https:\/\/site.ifes.edu.br\/lab-instrumentacao\/wp-json\/wp\/v2\/pages"}],"about":[{"href":"https:\/\/site.ifes.edu.br\/lab-instrumentacao\/wp-json\/wp\/v2\/types\/page"}],"author":[{"embeddable":true,"href":"https:\/\/site.ifes.edu.br\/lab-instrumentacao\/wp-json\/wp\/v2\/users\/12"}],"replies":[{"embeddable":true,"href":"https:\/\/site.ifes.edu.br\/lab-instrumentacao\/wp-json\/wp\/v2\/comments?post=450"}],"version-history":[{"count":4,"href":"https:\/\/site.ifes.edu.br\/lab-instrumentacao\/wp-json\/wp\/v2\/pages\/450\/revisions"}],"predecessor-version":[{"id":1640,"href":"https:\/\/site.ifes.edu.br\/lab-instrumentacao\/wp-json\/wp\/v2\/pages\/450\/revisions\/1640"}],"wp:attachment":[{"href":"https:\/\/site.ifes.edu.br\/lab-instrumentacao\/wp-json\/wp\/v2\/media?parent=450"}],"curies":[{"name":"wp","href":"https:\/\/api.w.org\/{rel}","templated":true}]}}