{"id":447,"date":"2022-12-12T21:24:17","date_gmt":"2022-12-13T00:24:17","guid":{"rendered":"https:\/\/site.ifes.edu.br\/lab-instrumentacao\/?page_id=447"},"modified":"2022-12-14T10:42:53","modified_gmt":"2022-12-14T13:42:53","slug":"produto-didatico-baseado-em-videos-experimentos-sobre-os-diferentes-tipos-de-colisoes","status":"publish","type":"page","link":"https:\/\/site.ifes.edu.br\/lab-instrumentacao\/produto-didatico-baseado-em-videos-experimentos-sobre-os-diferentes-tipos-de-colisoes\/","title":{"rendered":"Produto did\u00e1tico baseado em v\u00eddeos-experimentos sobre os diferentes tipos de colis\u00f5es"},"content":{"rendered":"\n<p>A f\u00edsica do momento linear de corpos em colis\u00e3o \u2013 el\u00e1stica, parcialmente el\u00e1stica, e inel\u00e1stica \u2013 nas condi\u00e7\u00f5es frontal e lateral, a partir da apresenta\u00e7\u00e3o de v\u00eddeos-experimentos que gerem discuss\u00e3o construtiva em sala de aula.<\/p>\n\n\n\n<p>Segue abaixo a atividade baseada em v\u00eddeos, e tamb\u00e9m, os roteiros dos experimentos.<\/p>\n\n\n\n<div class=\"wp-block-file\"><a href=\"https:\/\/site.ifes.edu.br\/lab-instrumentacao\/wp-content\/uploads\/sites\/15\/2022\/12\/Produto-did\u00e1tico-baseado-em-v\u00eddeos.pdf\">Produto-did\u00e1tico-baseado-em-v\u00eddeos<\/a><a href=\"https:\/\/site.ifes.edu.br\/lab-instrumentacao\/wp-content\/uploads\/sites\/15\/2022\/12\/Produto-did\u00e1tico-baseado-em-v\u00eddeos.pdf\" class=\"wp-block-file__button\" download>Baixar<\/a><\/div>\n","protected":false},"excerpt":{"rendered":"<p>A f\u00edsica do momento linear de corpos em colis\u00e3o \u2013 el\u00e1stica, parcialmente el\u00e1stica, e inel\u00e1stica \u2013 nas condi\u00e7\u00f5es frontal e lateral, a partir da apresenta\u00e7\u00e3o de v\u00eddeos-experimentos que gerem discuss\u00e3o construtiva em sala de aula. Segue abaixo a atividade baseada em v\u00eddeos, e tamb\u00e9m, os roteiros dos experimentos.<\/p>\n","protected":false},"author":12,"featured_media":0,"parent":0,"menu_order":0,"comment_status":"closed","ping_status":"closed","template":"","meta":{"footnotes":""},"class_list":["post-447","page","type-page","status-publish","hentry"],"_links":{"self":[{"href":"https:\/\/site.ifes.edu.br\/lab-instrumentacao\/wp-json\/wp\/v2\/pages\/447"}],"collection":[{"href":"https:\/\/site.ifes.edu.br\/lab-instrumentacao\/wp-json\/wp\/v2\/pages"}],"about":[{"href":"https:\/\/site.ifes.edu.br\/lab-instrumentacao\/wp-json\/wp\/v2\/types\/page"}],"author":[{"embeddable":true,"href":"https:\/\/site.ifes.edu.br\/lab-instrumentacao\/wp-json\/wp\/v2\/users\/12"}],"replies":[{"embeddable":true,"href":"https:\/\/site.ifes.edu.br\/lab-instrumentacao\/wp-json\/wp\/v2\/comments?post=447"}],"version-history":[{"count":1,"href":"https:\/\/site.ifes.edu.br\/lab-instrumentacao\/wp-json\/wp\/v2\/pages\/447\/revisions"}],"predecessor-version":[{"id":449,"href":"https:\/\/site.ifes.edu.br\/lab-instrumentacao\/wp-json\/wp\/v2\/pages\/447\/revisions\/449"}],"wp:attachment":[{"href":"https:\/\/site.ifes.edu.br\/lab-instrumentacao\/wp-json\/wp\/v2\/media?parent=447"}],"curies":[{"name":"wp","href":"https:\/\/api.w.org\/{rel}","templated":true}]}}