{"id":433,"date":"2022-08-08T17:00:36","date_gmt":"2022-08-08T20:00:36","guid":{"rendered":"https:\/\/site.ifes.edu.br\/lab-instrumentacao\/?page_id=433"},"modified":"2022-08-08T17:00:36","modified_gmt":"2022-08-08T20:00:36","slug":"tautocrona","status":"publish","type":"page","link":"https:\/\/site.ifes.edu.br\/lab-instrumentacao\/tautocrona\/","title":{"rendered":"Taut\u00f3crona"},"content":{"rendered":"\n<h2 class=\"wp-block-heading\">Taut\u00f3crona<\/h2>\n\n\n\n<p>Experimento feito por Thiago Louback e Ramon Bettine para demonstrar o fen\u00f4meno da curva Taut\u00f3crona.<\/p>\n\n\n\n<p>O experimento foi realizado utilizando uma impressora 3D e duas bolas de gude tamanho pequenas.<\/p>\n\n\n\n<div class=\"wp-block-file\"><a href=\"https:\/\/site.ifes.edu.br\/lab-instrumentacao\/wp-content\/uploads\/sites\/15\/2022\/08\/TAUTOCRONA.pdf\">TAUTOCRONA<\/a><a href=\"https:\/\/site.ifes.edu.br\/lab-instrumentacao\/wp-content\/uploads\/sites\/15\/2022\/08\/TAUTOCRONA.pdf\" class=\"wp-block-file__button\" download>Baixar<\/a><\/div>\n\n\n\n<p><\/p>\n","protected":false},"excerpt":{"rendered":"<p>Taut\u00f3crona Experimento feito por Thiago Louback e Ramon Bettine para demonstrar o fen\u00f4meno da curva Taut\u00f3crona. O experimento foi realizado utilizando uma impressora 3D e duas bolas de gude tamanho pequenas.<\/p>\n","protected":false},"author":12,"featured_media":0,"parent":0,"menu_order":0,"comment_status":"closed","ping_status":"closed","template":"","meta":{"footnotes":""},"class_list":["post-433","page","type-page","status-publish","hentry"],"_links":{"self":[{"href":"https:\/\/site.ifes.edu.br\/lab-instrumentacao\/wp-json\/wp\/v2\/pages\/433"}],"collection":[{"href":"https:\/\/site.ifes.edu.br\/lab-instrumentacao\/wp-json\/wp\/v2\/pages"}],"about":[{"href":"https:\/\/site.ifes.edu.br\/lab-instrumentacao\/wp-json\/wp\/v2\/types\/page"}],"author":[{"embeddable":true,"href":"https:\/\/site.ifes.edu.br\/lab-instrumentacao\/wp-json\/wp\/v2\/users\/12"}],"replies":[{"embeddable":true,"href":"https:\/\/site.ifes.edu.br\/lab-instrumentacao\/wp-json\/wp\/v2\/comments?post=433"}],"version-history":[{"count":1,"href":"https:\/\/site.ifes.edu.br\/lab-instrumentacao\/wp-json\/wp\/v2\/pages\/433\/revisions"}],"predecessor-version":[{"id":435,"href":"https:\/\/site.ifes.edu.br\/lab-instrumentacao\/wp-json\/wp\/v2\/pages\/433\/revisions\/435"}],"wp:attachment":[{"href":"https:\/\/site.ifes.edu.br\/lab-instrumentacao\/wp-json\/wp\/v2\/media?parent=433"}],"curies":[{"name":"wp","href":"https:\/\/api.w.org\/{rel}","templated":true}]}}