{"id":421,"date":"2022-07-27T17:44:39","date_gmt":"2022-07-27T20:44:39","guid":{"rendered":"https:\/\/site.ifes.edu.br\/lab-instrumentacao\/?page_id=421"},"modified":"2022-07-27T17:44:39","modified_gmt":"2022-07-27T20:44:39","slug":"pendulo-simples","status":"publish","type":"page","link":"https:\/\/site.ifes.edu.br\/lab-instrumentacao\/pendulo-simples\/","title":{"rendered":"P\u00eandulo Simples"},"content":{"rendered":"\n<p>P\u00eandulo Simples<\/p>\n\n\n\n<p>O experimento consiste de um suporte ao qual esta presa uma esfera atrav\u00e9s de um fio de plastico. Atrav\u00e9s deste experimento podemos trabalhar conceitos de amplitude, per\u00edodo, frequ\u00eancia, oscila\u00e7\u00f5es.<\/p>\n\n\n\n<div class=\"wp-block-file\"><a href=\"https:\/\/site.ifes.edu.br\/lab-instrumentacao\/wp-content\/uploads\/sites\/15\/2022\/07\/T\u00edtulo-do-Experimento-P\u00caNDULO-SIMPLES-\u201d.pdf\">T\u00edtulo-do-Experimento-P\u00caNDULO-SIMPLES-\u201d<\/a><a href=\"https:\/\/site.ifes.edu.br\/lab-instrumentacao\/wp-content\/uploads\/sites\/15\/2022\/07\/T\u00edtulo-do-Experimento-P\u00caNDULO-SIMPLES-\u201d.pdf\" class=\"wp-block-file__button\" download>Baixar<\/a><\/div>\n","protected":false},"excerpt":{"rendered":"<p>P\u00eandulo Simples O experimento consiste de um suporte ao qual esta presa uma esfera atrav\u00e9s de um fio de plastico. Atrav\u00e9s deste experimento podemos trabalhar conceitos de amplitude, per\u00edodo, frequ\u00eancia, oscila\u00e7\u00f5es.<\/p>\n","protected":false},"author":12,"featured_media":0,"parent":0,"menu_order":0,"comment_status":"closed","ping_status":"closed","template":"","meta":{"footnotes":""},"class_list":["post-421","page","type-page","status-publish","hentry"],"_links":{"self":[{"href":"https:\/\/site.ifes.edu.br\/lab-instrumentacao\/wp-json\/wp\/v2\/pages\/421"}],"collection":[{"href":"https:\/\/site.ifes.edu.br\/lab-instrumentacao\/wp-json\/wp\/v2\/pages"}],"about":[{"href":"https:\/\/site.ifes.edu.br\/lab-instrumentacao\/wp-json\/wp\/v2\/types\/page"}],"author":[{"embeddable":true,"href":"https:\/\/site.ifes.edu.br\/lab-instrumentacao\/wp-json\/wp\/v2\/users\/12"}],"replies":[{"embeddable":true,"href":"https:\/\/site.ifes.edu.br\/lab-instrumentacao\/wp-json\/wp\/v2\/comments?post=421"}],"version-history":[{"count":1,"href":"https:\/\/site.ifes.edu.br\/lab-instrumentacao\/wp-json\/wp\/v2\/pages\/421\/revisions"}],"predecessor-version":[{"id":423,"href":"https:\/\/site.ifes.edu.br\/lab-instrumentacao\/wp-json\/wp\/v2\/pages\/421\/revisions\/423"}],"wp:attachment":[{"href":"https:\/\/site.ifes.edu.br\/lab-instrumentacao\/wp-json\/wp\/v2\/media?parent=421"}],"curies":[{"name":"wp","href":"https:\/\/api.w.org\/{rel}","templated":true}]}}