{"id":316,"date":"2022-07-25T15:45:45","date_gmt":"2022-07-25T18:45:45","guid":{"rendered":"https:\/\/site.ifes.edu.br\/lab-instrumentacao\/?page_id=316"},"modified":"2022-07-25T15:45:45","modified_gmt":"2022-07-25T18:45:45","slug":"gerador-eolico","status":"publish","type":"page","link":"https:\/\/site.ifes.edu.br\/lab-instrumentacao\/gerador-eolico\/","title":{"rendered":"Gerador E\u00f3lico"},"content":{"rendered":"\n<h2 class=\"wp-block-heading\">Gerador E\u00f3lico<\/h2>\n\n\n\n<p>Este experimento tem por objetivo analisar as transforma\u00e7\u00f5es de energia, al\u00e9m de trabalhar fontes de energias alternativas e renov\u00e1veis.<\/p>\n\n\n\n<div class=\"wp-block-file\"><a href=\"https:\/\/site.ifes.edu.br\/lab-instrumentacao\/wp-content\/uploads\/sites\/15\/2022\/07\/Gerador-E\u00f3lico.pdf\">Gerador-E\u00f3lico<\/a><a href=\"https:\/\/site.ifes.edu.br\/lab-instrumentacao\/wp-content\/uploads\/sites\/15\/2022\/07\/Gerador-E\u00f3lico.pdf\" class=\"wp-block-file__button\" download>Baixar<\/a><\/div>\n","protected":false},"excerpt":{"rendered":"<p>Gerador E\u00f3lico Este experimento tem por objetivo analisar as transforma\u00e7\u00f5es de energia, al\u00e9m de trabalhar fontes de energias alternativas e renov\u00e1veis.<\/p>\n","protected":false},"author":12,"featured_media":0,"parent":0,"menu_order":0,"comment_status":"closed","ping_status":"closed","template":"","meta":{"footnotes":""},"class_list":["post-316","page","type-page","status-publish","hentry"],"_links":{"self":[{"href":"https:\/\/site.ifes.edu.br\/lab-instrumentacao\/wp-json\/wp\/v2\/pages\/316"}],"collection":[{"href":"https:\/\/site.ifes.edu.br\/lab-instrumentacao\/wp-json\/wp\/v2\/pages"}],"about":[{"href":"https:\/\/site.ifes.edu.br\/lab-instrumentacao\/wp-json\/wp\/v2\/types\/page"}],"author":[{"embeddable":true,"href":"https:\/\/site.ifes.edu.br\/lab-instrumentacao\/wp-json\/wp\/v2\/users\/12"}],"replies":[{"embeddable":true,"href":"https:\/\/site.ifes.edu.br\/lab-instrumentacao\/wp-json\/wp\/v2\/comments?post=316"}],"version-history":[{"count":1,"href":"https:\/\/site.ifes.edu.br\/lab-instrumentacao\/wp-json\/wp\/v2\/pages\/316\/revisions"}],"predecessor-version":[{"id":318,"href":"https:\/\/site.ifes.edu.br\/lab-instrumentacao\/wp-json\/wp\/v2\/pages\/316\/revisions\/318"}],"wp:attachment":[{"href":"https:\/\/site.ifes.edu.br\/lab-instrumentacao\/wp-json\/wp\/v2\/media?parent=316"}],"curies":[{"name":"wp","href":"https:\/\/api.w.org\/{rel}","templated":true}]}}