{"id":252,"date":"2022-07-23T15:03:48","date_gmt":"2022-07-23T18:03:48","guid":{"rendered":"https:\/\/site.ifes.edu.br\/lab-instrumentacao\/?page_id=252"},"modified":"2022-07-23T15:03:49","modified_gmt":"2022-07-23T18:03:49","slug":"alavancas","status":"publish","type":"page","link":"https:\/\/site.ifes.edu.br\/lab-instrumentacao\/alavancas\/","title":{"rendered":"Alavancas"},"content":{"rendered":"\n<p>A impressora 3D tem possibilitado diversos experimentos f\u00edsicos que podem ser trabalhados em sala de aula com os alunos, al\u00e9m das infinitas outras possibilidades que v\u00eam da utiliza\u00e7\u00e3o dessa tecnologia. Um exemplo foi a impress\u00e3o do projeto de um experimento que representa uma gangorra e contribui para a constru\u00e7\u00e3o e desenvolvimento de conte\u00fados de F\u00edsica que utilizem o princ\u00edpio das alavancas, o equil\u00edbrio, entre outros. O roteiro trabalha com o foco no ensino investigativo. <\/p>\n\n\n\n<div class=\"wp-block-file\"><a href=\"https:\/\/site.ifes.edu.br\/lab-instrumentacao\/wp-content\/uploads\/sites\/15\/2022\/07\/ALAVANCAS_GANGORRA-3D.pdf\">ALAVANCAS_GANGORRA-3D<\/a><a href=\"https:\/\/site.ifes.edu.br\/lab-instrumentacao\/wp-content\/uploads\/sites\/15\/2022\/07\/ALAVANCAS_GANGORRA-3D.pdf\" class=\"wp-block-file__button\" download>Baixar<\/a><\/div>\n","protected":false},"excerpt":{"rendered":"<p>A impressora 3D tem possibilitado diversos experimentos f\u00edsicos que podem ser trabalhados em sala de aula com os alunos, al\u00e9m das infinitas outras possibilidades que v\u00eam da utiliza\u00e7\u00e3o dessa tecnologia. Um exemplo foi a impress\u00e3o do projeto de um experimento que representa uma gangorra e contribui para a constru\u00e7\u00e3o e &hellip; <\/p>\n","protected":false},"author":12,"featured_media":0,"parent":0,"menu_order":0,"comment_status":"closed","ping_status":"closed","template":"","meta":{"footnotes":""},"class_list":["post-252","page","type-page","status-publish","hentry"],"_links":{"self":[{"href":"https:\/\/site.ifes.edu.br\/lab-instrumentacao\/wp-json\/wp\/v2\/pages\/252"}],"collection":[{"href":"https:\/\/site.ifes.edu.br\/lab-instrumentacao\/wp-json\/wp\/v2\/pages"}],"about":[{"href":"https:\/\/site.ifes.edu.br\/lab-instrumentacao\/wp-json\/wp\/v2\/types\/page"}],"author":[{"embeddable":true,"href":"https:\/\/site.ifes.edu.br\/lab-instrumentacao\/wp-json\/wp\/v2\/users\/12"}],"replies":[{"embeddable":true,"href":"https:\/\/site.ifes.edu.br\/lab-instrumentacao\/wp-json\/wp\/v2\/comments?post=252"}],"version-history":[{"count":1,"href":"https:\/\/site.ifes.edu.br\/lab-instrumentacao\/wp-json\/wp\/v2\/pages\/252\/revisions"}],"predecessor-version":[{"id":254,"href":"https:\/\/site.ifes.edu.br\/lab-instrumentacao\/wp-json\/wp\/v2\/pages\/252\/revisions\/254"}],"wp:attachment":[{"href":"https:\/\/site.ifes.edu.br\/lab-instrumentacao\/wp-json\/wp\/v2\/media?parent=252"}],"curies":[{"name":"wp","href":"https:\/\/api.w.org\/{rel}","templated":true}]}}