{"id":242,"date":"2022-07-23T14:50:22","date_gmt":"2022-07-23T17:50:22","guid":{"rendered":"https:\/\/site.ifes.edu.br\/lab-instrumentacao\/?page_id=242"},"modified":"2022-07-23T14:50:22","modified_gmt":"2022-07-23T17:50:22","slug":"maquina-termica-de-heron","status":"publish","type":"page","link":"https:\/\/site.ifes.edu.br\/lab-instrumentacao\/maquina-termica-de-heron\/","title":{"rendered":"M\u00e1quina T\u00e9rmica de Heron"},"content":{"rendered":"\n<h2 class=\"wp-block-heading\">M\u00e1quina T\u00e9rmica de Heron<\/h2>\n\n\n\n<p>O experimento que representa uma m\u00e1quina t\u00e9rmica permite trabalhar conceitos como a transforma\u00e7\u00e3o da energia t\u00e9rmica em trabalho, transfer\u00eancia de calor, press\u00e3o, entre outros. Abaixo foi disponibilizado um roteiro para constru\u00e7\u00e3o, desenvolvimento e aplica\u00e7\u00e3o do experimento em diversos n\u00edveis.<\/p>\n\n\n\n<div class=\"wp-block-file\"><a href=\"https:\/\/site.ifes.edu.br\/lab-instrumentacao\/wp-content\/uploads\/sites\/15\/2022\/07\/M\u00c1QUINA-DE-HERON-1.pdf\">M\u00c1QUINA-DE-HERON<\/a><a href=\"https:\/\/site.ifes.edu.br\/lab-instrumentacao\/wp-content\/uploads\/sites\/15\/2022\/07\/M\u00c1QUINA-DE-HERON-1.pdf\" class=\"wp-block-file__button\" download>Baixar<\/a><\/div>\n","protected":false},"excerpt":{"rendered":"<p>M\u00e1quina T\u00e9rmica de Heron O experimento que representa uma m\u00e1quina t\u00e9rmica permite trabalhar conceitos como a transforma\u00e7\u00e3o da energia t\u00e9rmica em trabalho, transfer\u00eancia de calor, press\u00e3o, entre outros. Abaixo foi disponibilizado um roteiro para constru\u00e7\u00e3o, desenvolvimento e aplica\u00e7\u00e3o do experimento em diversos n\u00edveis.<\/p>\n","protected":false},"author":12,"featured_media":0,"parent":0,"menu_order":0,"comment_status":"closed","ping_status":"closed","template":"","meta":{"footnotes":""},"class_list":["post-242","page","type-page","status-publish","hentry"],"_links":{"self":[{"href":"https:\/\/site.ifes.edu.br\/lab-instrumentacao\/wp-json\/wp\/v2\/pages\/242"}],"collection":[{"href":"https:\/\/site.ifes.edu.br\/lab-instrumentacao\/wp-json\/wp\/v2\/pages"}],"about":[{"href":"https:\/\/site.ifes.edu.br\/lab-instrumentacao\/wp-json\/wp\/v2\/types\/page"}],"author":[{"embeddable":true,"href":"https:\/\/site.ifes.edu.br\/lab-instrumentacao\/wp-json\/wp\/v2\/users\/12"}],"replies":[{"embeddable":true,"href":"https:\/\/site.ifes.edu.br\/lab-instrumentacao\/wp-json\/wp\/v2\/comments?post=242"}],"version-history":[{"count":1,"href":"https:\/\/site.ifes.edu.br\/lab-instrumentacao\/wp-json\/wp\/v2\/pages\/242\/revisions"}],"predecessor-version":[{"id":244,"href":"https:\/\/site.ifes.edu.br\/lab-instrumentacao\/wp-json\/wp\/v2\/pages\/242\/revisions\/244"}],"wp:attachment":[{"href":"https:\/\/site.ifes.edu.br\/lab-instrumentacao\/wp-json\/wp\/v2\/media?parent=242"}],"curies":[{"name":"wp","href":"https:\/\/api.w.org\/{rel}","templated":true}]}}