{"id":237,"date":"2022-07-23T14:34:36","date_gmt":"2022-07-23T17:34:36","guid":{"rendered":"https:\/\/site.ifes.edu.br\/lab-instrumentacao\/?page_id=237"},"modified":"2023-07-05T16:33:03","modified_gmt":"2023-07-05T19:33:03","slug":"catapulta-de-arquimedes","status":"publish","type":"page","link":"https:\/\/site.ifes.edu.br\/lab-instrumentacao\/catapulta-de-arquimedes\/","title":{"rendered":"Catapulta de Arquimedes"},"content":{"rendered":"\n<h2 class=\"wp-block-heading\">Catapulta de Arquimedes<\/h2>\n\n\n\n<p class=\"has-text-align-left\">O experimento da Catapulta de Arquimedes trabalha com diversos conte\u00fados que s\u00e3o desenvolvidos na disciplina de F\u00edsica, como a transforma\u00e7\u00e3o de energia, princ\u00edpio da In\u00e9rcia, princ\u00edpio das alavancas, torque, entre outros. Abaixo encontra-se o roteiro com informa\u00e7\u00f5es sobre o desenvolvimento e sugest\u00f5es para a aplica\u00e7\u00e3o do experimento da catapulta.<\/p>\n\n\n\n<div class=\"wp-block-file\"><a href=\"https:\/\/site.ifes.edu.br\/lab-instrumentacao\/wp-content\/uploads\/sites\/15\/2022\/07\/CATAPULTA-DE-ARQUIMEDES-1.pdf\">CATAPULTA-DE-ARQUIMEDES<\/a><a href=\"https:\/\/site.ifes.edu.br\/lab-instrumentacao\/wp-content\/uploads\/sites\/15\/2022\/07\/CATAPULTA-DE-ARQUIMEDES-1.pdf\" class=\"wp-block-file__button\" download>Baixar<\/a><\/div>\n\n\n\n<p><a href=\"https:\/\/site.ifes.edu.br\/lab-instrumentacao\/catapulta-de-arquimedes-segunda-proposta-de-roteiro\/\" target=\"_blank\" rel=\"noreferrer noopener\">SEGUNDA PROPOSTA DE ROTEIRO<\/a><\/p>\n","protected":false},"excerpt":{"rendered":"<p>Catapulta de Arquimedes O experimento da Catapulta de Arquimedes trabalha com diversos conte\u00fados que s\u00e3o desenvolvidos na disciplina de F\u00edsica, como a transforma\u00e7\u00e3o de energia, princ\u00edpio da In\u00e9rcia, princ\u00edpio das alavancas, torque, entre outros. Abaixo encontra-se o roteiro com informa\u00e7\u00f5es sobre o desenvolvimento e sugest\u00f5es para a aplica\u00e7\u00e3o do experimento &hellip; <\/p>\n","protected":false},"author":12,"featured_media":0,"parent":0,"menu_order":0,"comment_status":"closed","ping_status":"closed","template":"","meta":{"footnotes":""},"class_list":["post-237","page","type-page","status-publish","hentry"],"_links":{"self":[{"href":"https:\/\/site.ifes.edu.br\/lab-instrumentacao\/wp-json\/wp\/v2\/pages\/237"}],"collection":[{"href":"https:\/\/site.ifes.edu.br\/lab-instrumentacao\/wp-json\/wp\/v2\/pages"}],"about":[{"href":"https:\/\/site.ifes.edu.br\/lab-instrumentacao\/wp-json\/wp\/v2\/types\/page"}],"author":[{"embeddable":true,"href":"https:\/\/site.ifes.edu.br\/lab-instrumentacao\/wp-json\/wp\/v2\/users\/12"}],"replies":[{"embeddable":true,"href":"https:\/\/site.ifes.edu.br\/lab-instrumentacao\/wp-json\/wp\/v2\/comments?post=237"}],"version-history":[{"count":2,"href":"https:\/\/site.ifes.edu.br\/lab-instrumentacao\/wp-json\/wp\/v2\/pages\/237\/revisions"}],"predecessor-version":[{"id":989,"href":"https:\/\/site.ifes.edu.br\/lab-instrumentacao\/wp-json\/wp\/v2\/pages\/237\/revisions\/989"}],"wp:attachment":[{"href":"https:\/\/site.ifes.edu.br\/lab-instrumentacao\/wp-json\/wp\/v2\/media?parent=237"}],"curies":[{"name":"wp","href":"https:\/\/api.w.org\/{rel}","templated":true}]}}