{"id":223,"date":"2022-07-19T16:52:19","date_gmt":"2022-07-19T19:52:19","guid":{"rendered":"https:\/\/site.ifes.edu.br\/lab-instrumentacao\/?page_id=223"},"modified":"2022-07-25T01:17:34","modified_gmt":"2022-07-25T04:17:34","slug":"mesa-impossivel","status":"publish","type":"page","link":"https:\/\/site.ifes.edu.br\/lab-instrumentacao\/mesa-impossivel\/","title":{"rendered":"Mesa imposs\u00edvel"},"content":{"rendered":"\n<p class=\"has-text-align-center\">Esse experimento possui o objetivo de mostrar, na pr\u00e1tica, como funciona a tensegridade. Apesar da apar\u00eancia intrigante do experimento existe uma explica\u00e7\u00e3o f\u00edsica para tal.<\/p>\n\n\n\n<p class=\"has-text-align-center\"><img decoding=\"async\" src=\"https:\/\/lh3.googleusercontent.com\/RneB2CNsu0XVc9D33H3wqj3ZTqCV7ok9_EpnLWh4jdV9KGsuzqNipZaRbMVTKAkpKGFgi8FZN0j4Mp6bY4qqFsUxyA62B92FIVPWNHprmzw9BHuxZJlZr0kmrjJG7Jfvbr3Lc335o0ln74XePSesZDk\" width=\"309\" height=\"411.11912231228473\"><\/p>\n\n\n\n<div class=\"wp-block-file aligncenter\"><a href=\"https:\/\/site.ifes.edu.br\/lab-instrumentacao\/wp-content\/uploads\/sites\/15\/2022\/07\/Mesa-imposs\u00edvel.docx.pdf\">Mesa imposs\u00edvel<\/a><a href=\"https:\/\/site.ifes.edu.br\/lab-instrumentacao\/wp-content\/uploads\/sites\/15\/2022\/07\/Mesa-imposs\u00edvel.docx.pdf\" class=\"wp-block-file__button\" download>Baixar<\/a><\/div>\n\n\n\n<p><\/p>\n","protected":false},"excerpt":{"rendered":"<p>Esse experimento possui o objetivo de mostrar, na pr\u00e1tica, como funciona a tensegridade. Apesar da apar\u00eancia intrigante do experimento existe uma explica\u00e7\u00e3o f\u00edsica para tal.<\/p>\n","protected":false},"author":12,"featured_media":0,"parent":0,"menu_order":0,"comment_status":"closed","ping_status":"closed","template":"","meta":{"footnotes":""},"class_list":["post-223","page","type-page","status-publish","hentry"],"_links":{"self":[{"href":"https:\/\/site.ifes.edu.br\/lab-instrumentacao\/wp-json\/wp\/v2\/pages\/223"}],"collection":[{"href":"https:\/\/site.ifes.edu.br\/lab-instrumentacao\/wp-json\/wp\/v2\/pages"}],"about":[{"href":"https:\/\/site.ifes.edu.br\/lab-instrumentacao\/wp-json\/wp\/v2\/types\/page"}],"author":[{"embeddable":true,"href":"https:\/\/site.ifes.edu.br\/lab-instrumentacao\/wp-json\/wp\/v2\/users\/12"}],"replies":[{"embeddable":true,"href":"https:\/\/site.ifes.edu.br\/lab-instrumentacao\/wp-json\/wp\/v2\/comments?post=223"}],"version-history":[{"count":4,"href":"https:\/\/site.ifes.edu.br\/lab-instrumentacao\/wp-json\/wp\/v2\/pages\/223\/revisions"}],"predecessor-version":[{"id":308,"href":"https:\/\/site.ifes.edu.br\/lab-instrumentacao\/wp-json\/wp\/v2\/pages\/223\/revisions\/308"}],"wp:attachment":[{"href":"https:\/\/site.ifes.edu.br\/lab-instrumentacao\/wp-json\/wp\/v2\/media?parent=223"}],"curies":[{"name":"wp","href":"https:\/\/api.w.org\/{rel}","templated":true}]}}