{"id":2000,"date":"2024-12-17T22:17:29","date_gmt":"2024-12-18T01:17:29","guid":{"rendered":"https:\/\/site.ifes.edu.br\/lab-instrumentacao\/?page_id=2000"},"modified":"2024-12-17T22:17:29","modified_gmt":"2024-12-18T01:17:29","slug":"experimento-de-inercia-e-movimento","status":"publish","type":"page","link":"https:\/\/site.ifes.edu.br\/lab-instrumentacao\/experimento-de-inercia-e-movimento\/","title":{"rendered":"Experimento de In\u00e9rcia e Movimento"},"content":{"rendered":"<p>&nbsp;<\/p>\n<p><a href=\"https:\/\/site.ifes.edu.br\/lab-instrumentacao\/wp-content\/uploads\/sites\/15\/2024\/12\/WhatsApp-Image-2024-12-17-at-22.07.11.jpeg\"><img fetchpriority=\"high\" decoding=\"async\" class=\"alignnone  wp-image-2002\" src=\"https:\/\/site.ifes.edu.br\/lab-instrumentacao\/wp-content\/uploads\/sites\/15\/2024\/12\/WhatsApp-Image-2024-12-17-at-22.07.11.jpeg\" alt=\"\" width=\"231\" height=\"306\" srcset=\"https:\/\/site.ifes.edu.br\/lab-instrumentacao\/wp-content\/uploads\/sites\/15\/2024\/12\/WhatsApp-Image-2024-12-17-at-22.07.11.jpeg 1204w, https:\/\/site.ifes.edu.br\/lab-instrumentacao\/wp-content\/uploads\/sites\/15\/2024\/12\/WhatsApp-Image-2024-12-17-at-22.07.11-226x300.jpeg 226w, https:\/\/site.ifes.edu.br\/lab-instrumentacao\/wp-content\/uploads\/sites\/15\/2024\/12\/WhatsApp-Image-2024-12-17-at-22.07.11-771x1024.jpeg 771w, https:\/\/site.ifes.edu.br\/lab-instrumentacao\/wp-content\/uploads\/sites\/15\/2024\/12\/WhatsApp-Image-2024-12-17-at-22.07.11-768x1021.jpeg 768w, https:\/\/site.ifes.edu.br\/lab-instrumentacao\/wp-content\/uploads\/sites\/15\/2024\/12\/WhatsApp-Image-2024-12-17-at-22.07.11-1156x1536.jpeg 1156w\" sizes=\"(max-width: 231px) 100vw, 231px\" \/><\/a><\/p>\n<p><a href=\"https:\/\/site.ifes.edu.br\/lab-instrumentacao\/wp-content\/uploads\/sites\/15\/2024\/12\/Proposta-de-intervencao-Inercia-e-Movimento-circular-Praticas-de-Ensino-de-fisica.pdf\">Proposta de interven\u00e7\u00e3o In\u00e9rcia e Movimento circular &#8211; Pr\u00e1ticas de Ensino de f\u00edsica<\/a><\/p>\n","protected":false},"excerpt":{"rendered":"<p>&nbsp; Proposta de interven\u00e7\u00e3o In\u00e9rcia e Movimento circular &#8211; Pr\u00e1ticas de Ensino de f\u00edsica<\/p>\n","protected":false},"author":12,"featured_media":0,"parent":0,"menu_order":0,"comment_status":"closed","ping_status":"closed","template":"","meta":{"footnotes":""},"class_list":["post-2000","page","type-page","status-publish","hentry"],"_links":{"self":[{"href":"https:\/\/site.ifes.edu.br\/lab-instrumentacao\/wp-json\/wp\/v2\/pages\/2000"}],"collection":[{"href":"https:\/\/site.ifes.edu.br\/lab-instrumentacao\/wp-json\/wp\/v2\/pages"}],"about":[{"href":"https:\/\/site.ifes.edu.br\/lab-instrumentacao\/wp-json\/wp\/v2\/types\/page"}],"author":[{"embeddable":true,"href":"https:\/\/site.ifes.edu.br\/lab-instrumentacao\/wp-json\/wp\/v2\/users\/12"}],"replies":[{"embeddable":true,"href":"https:\/\/site.ifes.edu.br\/lab-instrumentacao\/wp-json\/wp\/v2\/comments?post=2000"}],"version-history":[{"count":1,"href":"https:\/\/site.ifes.edu.br\/lab-instrumentacao\/wp-json\/wp\/v2\/pages\/2000\/revisions"}],"predecessor-version":[{"id":2003,"href":"https:\/\/site.ifes.edu.br\/lab-instrumentacao\/wp-json\/wp\/v2\/pages\/2000\/revisions\/2003"}],"wp:attachment":[{"href":"https:\/\/site.ifes.edu.br\/lab-instrumentacao\/wp-json\/wp\/v2\/media?parent=2000"}],"curies":[{"name":"wp","href":"https:\/\/api.w.org\/{rel}","templated":true}]}}