{"id":200,"date":"2022-07-18T16:58:47","date_gmt":"2022-07-18T19:58:47","guid":{"rendered":"https:\/\/site.ifes.edu.br\/lab-instrumentacao\/?page_id=200"},"modified":"2022-07-24T19:04:34","modified_gmt":"2022-07-24T22:04:34","slug":"passaro-equilibrista","status":"publish","type":"page","link":"https:\/\/site.ifes.edu.br\/lab-instrumentacao\/passaro-equilibrista\/","title":{"rendered":"P\u00e1ssaro Equilibrista"},"content":{"rendered":"\n<p>O experimento do p\u00e1ssaro equilibrista \u00e9 uma aplica\u00e7\u00e3o do conceito de\u00a0 centro de massa e tamb\u00e9m est\u00e1 relacionado com o equil\u00edbrio de for\u00e7as. O assunto permite abordagens no ensino investigativo de F\u00edsica.<\/p>\n\n\n\n<div class=\"wp-block-file aligncenter\"><a href=\"https:\/\/site.ifes.edu.br\/lab-instrumentacao\/wp-content\/uploads\/sites\/15\/2022\/07\/Roteiro-do-P\u00e1ssaro-Equilibrista-1.pdf\"><strong>Roteiro do P\u00e1ssaro Equilibrista<\/strong><\/a><a href=\"https:\/\/site.ifes.edu.br\/lab-instrumentacao\/wp-content\/uploads\/sites\/15\/2022\/07\/Roteiro-do-P\u00e1ssaro-Equilibrista-1.pdf\" class=\"wp-block-file__button\" download>Baixar<\/a><\/div>\n\n\n\n<p><\/p>\n","protected":false},"excerpt":{"rendered":"<p>O experimento do p\u00e1ssaro equilibrista \u00e9 uma aplica\u00e7\u00e3o do conceito de\u00a0 centro de massa e tamb\u00e9m est\u00e1 relacionado com o equil\u00edbrio de for\u00e7as. O assunto permite abordagens no ensino investigativo de F\u00edsica.<\/p>\n","protected":false},"author":12,"featured_media":0,"parent":0,"menu_order":0,"comment_status":"closed","ping_status":"closed","template":"","meta":{"footnotes":""},"class_list":["post-200","page","type-page","status-publish","hentry"],"_links":{"self":[{"href":"https:\/\/site.ifes.edu.br\/lab-instrumentacao\/wp-json\/wp\/v2\/pages\/200"}],"collection":[{"href":"https:\/\/site.ifes.edu.br\/lab-instrumentacao\/wp-json\/wp\/v2\/pages"}],"about":[{"href":"https:\/\/site.ifes.edu.br\/lab-instrumentacao\/wp-json\/wp\/v2\/types\/page"}],"author":[{"embeddable":true,"href":"https:\/\/site.ifes.edu.br\/lab-instrumentacao\/wp-json\/wp\/v2\/users\/12"}],"replies":[{"embeddable":true,"href":"https:\/\/site.ifes.edu.br\/lab-instrumentacao\/wp-json\/wp\/v2\/comments?post=200"}],"version-history":[{"count":4,"href":"https:\/\/site.ifes.edu.br\/lab-instrumentacao\/wp-json\/wp\/v2\/pages\/200\/revisions"}],"predecessor-version":[{"id":292,"href":"https:\/\/site.ifes.edu.br\/lab-instrumentacao\/wp-json\/wp\/v2\/pages\/200\/revisions\/292"}],"wp:attachment":[{"href":"https:\/\/site.ifes.edu.br\/lab-instrumentacao\/wp-json\/wp\/v2\/media?parent=200"}],"curies":[{"name":"wp","href":"https:\/\/api.w.org\/{rel}","templated":true}]}}