{"id":1943,"date":"2024-12-17T10:58:21","date_gmt":"2024-12-17T13:58:21","guid":{"rendered":"https:\/\/site.ifes.edu.br\/lab-instrumentacao\/?page_id=1943"},"modified":"2024-12-17T10:58:23","modified_gmt":"2024-12-17T13:58:23","slug":"rgb","status":"publish","type":"page","link":"https:\/\/site.ifes.edu.br\/lab-instrumentacao\/rgb\/","title":{"rendered":"RGB"},"content":{"rendered":"<p>Interven\u00e7\u00e3o realizada em uma escola de Cariacica &#8211; ES de ensino m\u00e9dio para explorar a F\u00edsica do funcionamento do RGB<br \/>\n<a href=\"https:\/\/site.ifes.edu.br\/lab-instrumentacao\/wp-content\/uploads\/sites\/15\/2024\/12\/Intervencao-usando-o-Ensino-por-Investigacao-Laboratorio-Aberto.pdf\">Roteiro de Interven\u00e7\u00e3o usando o Ensino por Investiga\u00e7\u00e3o (Laborat\u00f3rio Aberto) RGB<\/a><br \/>\n<a href=\"https:\/\/site.ifes.edu.br\/lab-instrumentacao\/wp-content\/uploads\/sites\/15\/2024\/12\/color-theory.pdf\">Relato de Experi\u00eancia<\/a><\/p>\n","protected":false},"excerpt":{"rendered":"<p>Interven\u00e7\u00e3o realizada em uma escola de Cariacica &#8211; ES de ensino m\u00e9dio para explorar a F\u00edsica do funcionamento do RGB Roteiro de Interven\u00e7\u00e3o usando o Ensino por Investiga\u00e7\u00e3o (Laborat\u00f3rio Aberto) RGB Relato de Experi\u00eancia<\/p>\n","protected":false},"author":12,"featured_media":0,"parent":0,"menu_order":0,"comment_status":"closed","ping_status":"closed","template":"","meta":{"footnotes":""},"class_list":["post-1943","page","type-page","status-publish","hentry"],"_links":{"self":[{"href":"https:\/\/site.ifes.edu.br\/lab-instrumentacao\/wp-json\/wp\/v2\/pages\/1943"}],"collection":[{"href":"https:\/\/site.ifes.edu.br\/lab-instrumentacao\/wp-json\/wp\/v2\/pages"}],"about":[{"href":"https:\/\/site.ifes.edu.br\/lab-instrumentacao\/wp-json\/wp\/v2\/types\/page"}],"author":[{"embeddable":true,"href":"https:\/\/site.ifes.edu.br\/lab-instrumentacao\/wp-json\/wp\/v2\/users\/12"}],"replies":[{"embeddable":true,"href":"https:\/\/site.ifes.edu.br\/lab-instrumentacao\/wp-json\/wp\/v2\/comments?post=1943"}],"version-history":[{"count":2,"href":"https:\/\/site.ifes.edu.br\/lab-instrumentacao\/wp-json\/wp\/v2\/pages\/1943\/revisions"}],"predecessor-version":[{"id":1947,"href":"https:\/\/site.ifes.edu.br\/lab-instrumentacao\/wp-json\/wp\/v2\/pages\/1943\/revisions\/1947"}],"wp:attachment":[{"href":"https:\/\/site.ifes.edu.br\/lab-instrumentacao\/wp-json\/wp\/v2\/media?parent=1943"}],"curies":[{"name":"wp","href":"https:\/\/api.w.org\/{rel}","templated":true}]}}