{"id":188,"date":"2022-06-27T11:42:54","date_gmt":"2022-06-27T14:42:54","guid":{"rendered":"https:\/\/site.ifes.edu.br\/lab-instrumentacao\/?page_id=188"},"modified":"2022-07-25T01:16:06","modified_gmt":"2022-07-25T04:16:06","slug":"rampa-de-lancamento","status":"publish","type":"page","link":"https:\/\/site.ifes.edu.br\/lab-instrumentacao\/experimentos\/rampa-de-lancamento\/","title":{"rendered":"Rampa de Lan\u00e7amento"},"content":{"rendered":"\n<h2 class=\"wp-block-heading\">Rampa de Lan\u00e7amento<\/h2>\n\n\n\n<p class=\"has-text-align-center\">O experimento consiste em uma rampa de lan\u00e7amento para a an\u00e1lise do movimento bidimensional de um lan\u00e7amento horizontal. A rampa possui aproximadamente 16 cm de altura e a altura do ponto de lan\u00e7amento at\u00e9 o solo \u00e9 regul\u00e1vel. Para melhor an\u00e1lise usaremos proj\u00e9teis esf\u00e9ricos. Os principais conceitos f\u00edsicos abordados neste experimento s\u00e3o a Energia Mec\u00e2nica, Lan\u00e7amento Horizontal e Gravidade.<\/p>\n\n\n\n<div class=\"wp-block-image\"><figure class=\"aligncenter size-large\"><img fetchpriority=\"high\" decoding=\"async\" width=\"254\" height=\"336\" src=\"https:\/\/site.ifes.edu.br\/lab-instrumentacao\/wp-content\/uploads\/sites\/15\/2022\/07\/image-1.png\" alt=\"\" class=\"wp-image-213\" srcset=\"https:\/\/site.ifes.edu.br\/lab-instrumentacao\/wp-content\/uploads\/sites\/15\/2022\/07\/image-1.png 254w, https:\/\/site.ifes.edu.br\/lab-instrumentacao\/wp-content\/uploads\/sites\/15\/2022\/07\/image-1-227x300.png 227w, https:\/\/site.ifes.edu.br\/lab-instrumentacao\/wp-content\/uploads\/sites\/15\/2022\/07\/image-1-45x60.png 45w\" sizes=\"(max-width: 254px) 100vw, 254px\" \/><\/figure><\/div>\n\n\n\n<div class=\"wp-block-file aligncenter\"><a href=\"https:\/\/site.ifes.edu.br\/lab-instrumentacao\/wp-content\/uploads\/sites\/15\/2022\/07\/Roteiro-Rampa-de-Lan\u00e7amento.docx.pdf\">Roteiro Rampa de Lan\u00e7amento<\/a><a href=\"https:\/\/site.ifes.edu.br\/lab-instrumentacao\/wp-content\/uploads\/sites\/15\/2022\/07\/Roteiro-Rampa-de-Lan\u00e7amento.docx.pdf\" class=\"wp-block-file__button\" download>Baixar<\/a><\/div>\n","protected":false},"excerpt":{"rendered":"<p>Rampa de Lan\u00e7amento O experimento consiste em uma rampa de lan\u00e7amento para a an\u00e1lise do movimento bidimensional de um lan\u00e7amento horizontal. A rampa possui aproximadamente 16 cm de altura e a altura do ponto de lan\u00e7amento at\u00e9 o solo \u00e9 regul\u00e1vel. Para melhor an\u00e1lise usaremos proj\u00e9teis esf\u00e9ricos. Os principais conceitos &hellip; <\/p>\n","protected":false},"author":12,"featured_media":0,"parent":132,"menu_order":0,"comment_status":"closed","ping_status":"closed","template":"","meta":{"footnotes":""},"class_list":["post-188","page","type-page","status-publish","hentry"],"_links":{"self":[{"href":"https:\/\/site.ifes.edu.br\/lab-instrumentacao\/wp-json\/wp\/v2\/pages\/188"}],"collection":[{"href":"https:\/\/site.ifes.edu.br\/lab-instrumentacao\/wp-json\/wp\/v2\/pages"}],"about":[{"href":"https:\/\/site.ifes.edu.br\/lab-instrumentacao\/wp-json\/wp\/v2\/types\/page"}],"author":[{"embeddable":true,"href":"https:\/\/site.ifes.edu.br\/lab-instrumentacao\/wp-json\/wp\/v2\/users\/12"}],"replies":[{"embeddable":true,"href":"https:\/\/site.ifes.edu.br\/lab-instrumentacao\/wp-json\/wp\/v2\/comments?post=188"}],"version-history":[{"count":5,"href":"https:\/\/site.ifes.edu.br\/lab-instrumentacao\/wp-json\/wp\/v2\/pages\/188\/revisions"}],"predecessor-version":[{"id":304,"href":"https:\/\/site.ifes.edu.br\/lab-instrumentacao\/wp-json\/wp\/v2\/pages\/188\/revisions\/304"}],"up":[{"embeddable":true,"href":"https:\/\/site.ifes.edu.br\/lab-instrumentacao\/wp-json\/wp\/v2\/pages\/132"}],"wp:attachment":[{"href":"https:\/\/site.ifes.edu.br\/lab-instrumentacao\/wp-json\/wp\/v2\/media?parent=188"}],"curies":[{"name":"wp","href":"https:\/\/api.w.org\/{rel}","templated":true}]}}