{"id":1869,"date":"2024-12-13T11:21:12","date_gmt":"2024-12-13T14:21:12","guid":{"rendered":"https:\/\/site.ifes.edu.br\/lab-instrumentacao\/?page_id=1869"},"modified":"2024-12-13T11:21:12","modified_gmt":"2024-12-13T14:21:12","slug":"encher-um-balao-dentro-de-um-frasco-fechado-2","status":"publish","type":"page","link":"https:\/\/site.ifes.edu.br\/lab-instrumentacao\/encher-um-balao-dentro-de-um-frasco-fechado-2\/","title":{"rendered":"Encher um Bal\u00e3o Dentro de um Frasco Fechado"},"content":{"rendered":"<p>Experimento de Encher um Bal\u00e3o Dentro de um Frasco Fechado<\/p>\n<p><a href=\"https:\/\/site.ifes.edu.br\/lab-instrumentacao\/wp-content\/uploads\/sites\/15\/2024\/12\/WhatsApp-Image-2024-12-13-at-11.08.04.jpeg\"><img fetchpriority=\"high\" decoding=\"async\" class=\"alignnone  wp-image-1870\" src=\"https:\/\/site.ifes.edu.br\/lab-instrumentacao\/wp-content\/uploads\/sites\/15\/2024\/12\/WhatsApp-Image-2024-12-13-at-11.08.04.jpeg\" alt=\"\" width=\"268\" height=\"357\" srcset=\"https:\/\/site.ifes.edu.br\/lab-instrumentacao\/wp-content\/uploads\/sites\/15\/2024\/12\/WhatsApp-Image-2024-12-13-at-11.08.04.jpeg 960w, https:\/\/site.ifes.edu.br\/lab-instrumentacao\/wp-content\/uploads\/sites\/15\/2024\/12\/WhatsApp-Image-2024-12-13-at-11.08.04-225x300.jpeg 225w, https:\/\/site.ifes.edu.br\/lab-instrumentacao\/wp-content\/uploads\/sites\/15\/2024\/12\/WhatsApp-Image-2024-12-13-at-11.08.04-768x1024.jpeg 768w\" sizes=\"(max-width: 268px) 100vw, 268px\" \/><\/a><\/p>\n<p><a href=\"https:\/\/site.ifes.edu.br\/lab-instrumentacao\/wp-content\/uploads\/sites\/15\/2024\/12\/Titulo-Experimento-Encher-um-Balao-Dentro-de-um-Frasco-Fechado-1.pdf\">T\u00edtulo- Experimento- Encher um Bal\u00e3o Dentro de um Frasco Fechado <\/a><\/p>\n","protected":false},"excerpt":{"rendered":"<p>Experimento de Encher um Bal\u00e3o Dentro de um Frasco Fechado T\u00edtulo- Experimento- Encher um Bal\u00e3o Dentro de um Frasco Fechado<\/p>\n","protected":false},"author":12,"featured_media":0,"parent":0,"menu_order":0,"comment_status":"closed","ping_status":"closed","template":"","meta":{"footnotes":""},"class_list":["post-1869","page","type-page","status-publish","hentry"],"_links":{"self":[{"href":"https:\/\/site.ifes.edu.br\/lab-instrumentacao\/wp-json\/wp\/v2\/pages\/1869"}],"collection":[{"href":"https:\/\/site.ifes.edu.br\/lab-instrumentacao\/wp-json\/wp\/v2\/pages"}],"about":[{"href":"https:\/\/site.ifes.edu.br\/lab-instrumentacao\/wp-json\/wp\/v2\/types\/page"}],"author":[{"embeddable":true,"href":"https:\/\/site.ifes.edu.br\/lab-instrumentacao\/wp-json\/wp\/v2\/users\/12"}],"replies":[{"embeddable":true,"href":"https:\/\/site.ifes.edu.br\/lab-instrumentacao\/wp-json\/wp\/v2\/comments?post=1869"}],"version-history":[{"count":1,"href":"https:\/\/site.ifes.edu.br\/lab-instrumentacao\/wp-json\/wp\/v2\/pages\/1869\/revisions"}],"predecessor-version":[{"id":1872,"href":"https:\/\/site.ifes.edu.br\/lab-instrumentacao\/wp-json\/wp\/v2\/pages\/1869\/revisions\/1872"}],"wp:attachment":[{"href":"https:\/\/site.ifes.edu.br\/lab-instrumentacao\/wp-json\/wp\/v2\/media?parent=1869"}],"curies":[{"name":"wp","href":"https:\/\/api.w.org\/{rel}","templated":true}]}}